{"id":849,"date":"2024-03-07T14:26:05","date_gmt":"2024-03-07T19:26:05","guid":{"rendered":"https:\/\/greatermentalhealth.org\/?page_id=849"},"modified":"2025-07-14T16:23:27","modified_gmt":"2025-07-14T20:23:27","slug":"impact","status":"publish","type":"page","link":"https:\/\/greatermentalhealth.org\/ht\/impact\/","title":{"rendered":"Enpak"},"content":{"rendered":"","protected":false},"excerpt":{"rendered":"","protected":false},"author":7,"featured_media":0,"parent":0,"menu_order":0,"comment_status":"closed","ping_status":"closed","template":"","meta":{"_acf_changed":false,"_relevanssi_hide_post":"","_relevanssi_hide_content":"","_relevanssi_pin_for_all":"","_relevanssi_pin_keywords":"","_relevanssi_unpin_keywords":"","_relevanssi_related_keywords":"","_relevanssi_related_include_ids":"","_relevanssi_related_exclude_ids":"","_relevanssi_related_no_append":"","_relevanssi_related_not_related":"","_relevanssi_related_posts":"","_relevanssi_noindex_reason":""},"class_list":["post-849","page","type-page","status-publish","hentry"],"acf":{"hero":{"header":"Impact","subheader":"For over 75 years, Greater Mental Health of New York has been providing services, resources, and educational opportunities so that individuals and families within our community can build resilience on their journeys to recovery. Below, meet community members who recently engaged in Greater Mental Health services and learn about the positive impact our work has had on their paths.","image":""},"page_layout":[{"acf_fc_layout":"layout_donate_banner","_acfe_flexible_toggle":"","component_donate_banner":{"header":"Our work makes a true impact - and so does your support. Browse our new Impact Report to learn how together we are changing lives, and saving lives.","cta":{"title":"Impact Report 2024-2025","url":"https:\/\/greatermentalhealth.org\/wp-content\/uploads\/2025\/07\/ImpactReport2025.pdf","target":""},"secondary_cta":""}},{"acf_fc_layout":"layout_image_and_text","_acfe_flexible_toggle":"","component_image_and_text":{"image":1111,"heading":"\u201cI\u2019ve quit so many other therapeutic relationships and activities, but it\u2019s different at Sterling. I trust everyone here, and I\u2019m much more comfortable with the support I receive.\u201d","description":"Bryan*, yon j\u00e8n gason ak yon dyagnostik doub, ok\u00f2mansman te santi ens\u00e8ten nan Sterling Community Center nou an. Li te asiste detanzantan, epi li raman kominike av\u00e8k kamarad oswa anplwaye. Pandan yon sesyon gwoup, Bryan te pataje lide sou lide swisid. L\u00e8 animat\u00e8 a te mande l pou l pale youn a youn apre gwoup la te fini, Bryan te louvri plis. Nou te ede Bryan devlope yon plan sekirite detaye, ke li kredite pou amelyore lavi li chak jou. Av\u00e8k sip\u00f2 Espesyalis Rekiperasyon li yo ak patisipan par\u00e8y li yo, kounye a li santi li pi al\u00e8z pou pataje batay li ak espwa li yo. Bryan ogmante prezans li nan Sterling anpil jiskaske li te k\u00f2manse kol\u00e8j ot\u00f2n pase a. Menm l\u00e8 klas li yo pran anpil tan li, li kontinye travay ak Espesyalis Rekiperasyon li a epi kenbe koneksyon li yo pwospere atrav\u00e8 div\u00e8s gwoup.","button":{"title":"Learn More About SCC","url":"https:\/\/greatermentalhealth.org\/scc\/","target":""},"alignment":"-flip","color":"-cs:d1 -cs:i"}},{"acf_fc_layout":"layout_image_and_text","_acfe_flexible_toggle":"","component_image_and_text":{"image":1110,"heading":"\u201cI really trust my INSET Peer, and I know I can always count on her \u2013 even when others have let me down.\u201d","description":"Nan yon lopital sikyatrik pou pasyan ki ent\u00e8ne, Henry* te rankontre yon Espesyalis Kanmarad Gwo Sante Mantal pandan l t ap prepare pou retounen nan sist\u00e8m abri a. Li te f\u00e8 fas ak defi ak\u00f2z yon istwa long nan anpriz\u00f2nman ak yon etik\u00e8t &quot;gwo risk&quot;, li te ezite angaje f\u00f2m\u00e8lman ak Ekip Entansif ak Soutni Angajman nou an (INSET). Sepandan, li te mande Espesyalis Kanmarad la pou l ale nan odyans tribinal av\u00e8 l. Apre de mwa nan sip\u00f2 konsistan, Henry te ofisy\u00e8lman rantre nan pwogram nan. Yon ane apre, li kontinye rankontre espesyalis kanmarad li chak sem\u00e8n, konsantre sou evite anpriz\u00f2nman ak kreye yon avni pozitif. Yo ale nan tribinal ansanm epi yo travay sou efase dosye Henry yo pou amelyore aks\u00e8 nan lojman.","button":{"title":"Learn More About INSET","url":"https:\/\/greatermentalhealth.org\/inset\/","target":""},"alignment":"","color":"-cs:b3 -cs:i"}},{"acf_fc_layout":"layout_image_and_text","_acfe_flexible_toggle":"","component_image_and_text":{"image":1109,"heading":"\u201cI wouldn\u2019t be here today if it wasn\u2019t for you. You are a true blessing.\u201d","description":"Apre yon b\u00e8s nan mobilite fizik li te kite Diane* pa kapab kontinye travay nan dom\u00e8n li a, li te konekte ak S\u00e8vis Travay nou yo pou reevalye objektif kary\u00e8 li. Yon Espesyalis Travay, ki rekon\u00e8t gwo pasyon li pou sip\u00f2te l\u00f2t moun ak eksperyans p\u00e8son\u00e8l li ak pwobl\u00e8m sante mantal, te sijere yon kary\u00e8 k\u00f2m yon Espesyalis Kanmarad k\u00f2m yon pwochen chapit satisf\u00e8. L\u00e8 yon gwo defi sante inatandi te mande l pou l patisipe nan yon ent\u00e8vyou travay sou yon ch\u00e8z woulant, Espesyalis Travay ak Manadj\u00e8 Swen li te travay ansanm pou achte plizy\u00e8 nouvo ekip ki pare pou li pou l mete. Angajman Diane anv\u00e8 avni li k\u00f2m yon Espesyalis Kanmarad rete san rete. Menm l\u00e8 l\u00f2t pwobl\u00e8m medikal par\u00e8t, li kontinye travay f\u00f2masyon ak s\u00e8tifikasyon li.","button":{"title":"Learn More About Employment Services","url":"https:\/\/greatermentalhealth.org\/employment-services\/","target":""},"alignment":"-flip","color":"-cs:d1 -cs:i"}},{"acf_fc_layout":"layout_donate_banner","_acfe_flexible_toggle":"","component_donate_banner":{"header":"Supporting individuals as they help themselves, their families, and their communities find strength.","cta":{"title":"Give Today","url":"https:\/\/greatermentalhealth.org\/donate\/","target":""},"secondary_cta":""}}]},"yoast_head":"<!-- This site is optimized with the Yoast SEO plugin v27.3 - https:\/\/yoast.com\/product\/yoast-seo-wordpress\/ -->\n<title>Impact &#8212; Greater Mental Health of New York<\/title>\n<meta name=\"robots\" content=\"index, follow, max-snippet:-1, max-image-preview:large, max-video-preview:-1\" \/>\n<link rel=\"canonical\" href=\"https:\/\/greatermentalhealth.org\/ht\/impact\/\" \/>\n<meta property=\"og:locale\" content=\"ht_HT\" \/>\n<meta property=\"og:type\" content=\"article\" \/>\n<meta property=\"og:title\" content=\"Impact &#8212; Greater Mental Health of New York\" \/>\n<meta property=\"og:url\" content=\"https:\/\/greatermentalhealth.org\/ht\/impact\/\" \/>\n<meta property=\"og:site_name\" content=\"Greater Mental Health of New York\" \/>\n<meta property=\"article:publisher\" content=\"https:\/\/www.facebook.com\/greatermentalhealth\" \/>\n<meta property=\"article:modified_time\" content=\"2025-07-14T20:23:27+00:00\" \/>\n<meta property=\"og:image\" content=\"https:\/\/greatermentalhealth.org\/wp-content\/uploads\/2023\/12\/greater-mental-health-share.jpg\" \/>\n\t<meta property=\"og:image:width\" content=\"1200\" \/>\n\t<meta property=\"og:image:height\" content=\"630\" \/>\n\t<meta property=\"og:image:type\" content=\"image\/jpeg\" \/>\n<meta name=\"twitter:card\" content=\"summary_large_image\" \/>\n<meta name=\"twitter:label1\" content=\"Est. reading time\" \/>\n\t<meta name=\"twitter:data1\" content=\"3 minutes\" \/>\n<script type=\"application\/ld+json\" class=\"yoast-schema-graph\">{\"@context\":\"https:\\\/\\\/schema.org\",\"@graph\":[{\"@type\":\"WebPage\",\"@id\":\"https:\\\/\\\/greatermentalhealth.org\\\/impact\\\/\",\"url\":\"https:\\\/\\\/greatermentalhealth.org\\\/impact\\\/\",\"name\":\"Impact &#8212; Greater Mental Health of New York\",\"isPartOf\":{\"@id\":\"https:\\\/\\\/greatermentalhealth.org\\\/#website\"},\"datePublished\":\"2024-03-07T19:26:05+00:00\",\"dateModified\":\"2025-07-14T20:23:27+00:00\",\"breadcrumb\":{\"@id\":\"https:\\\/\\\/greatermentalhealth.org\\\/impact\\\/#breadcrumb\"},\"inLanguage\":\"ht\",\"potentialAction\":[{\"@type\":\"ReadAction\",\"target\":[\"https:\\\/\\\/greatermentalhealth.org\\\/impact\\\/\"]}]},{\"@type\":\"BreadcrumbList\",\"@id\":\"https:\\\/\\\/greatermentalhealth.org\\\/impact\\\/#breadcrumb\",\"itemListElement\":[{\"@type\":\"ListItem\",\"position\":1,\"name\":\"Home\",\"item\":\"https:\\\/\\\/greatermentalhealth.org\\\/\"},{\"@type\":\"ListItem\",\"position\":2,\"name\":\"Impact\"}]},{\"@type\":\"WebSite\",\"@id\":\"https:\\\/\\\/greatermentalhealth.org\\\/#website\",\"url\":\"https:\\\/\\\/greatermentalhealth.org\\\/\",\"name\":\"Greater Mental Health of New York\",\"description\":\"We promote mental health through advocacy, community education and direct services.\",\"publisher\":{\"@id\":\"https:\\\/\\\/greatermentalhealth.org\\\/#organization\"},\"alternateName\":\"Greater Mental Health\",\"potentialAction\":[{\"@type\":\"SearchAction\",\"target\":{\"@type\":\"EntryPoint\",\"urlTemplate\":\"https:\\\/\\\/greatermentalhealth.org\\\/?s={search_term_string}\"},\"query-input\":{\"@type\":\"PropertyValueSpecification\",\"valueRequired\":true,\"valueName\":\"search_term_string\"}}],\"inLanguage\":\"ht\"},{\"@type\":\"Organization\",\"@id\":\"https:\\\/\\\/greatermentalhealth.org\\\/#organization\",\"name\":\"Greater Mental Health of New York\",\"alternateName\":\"Greater Mental Health\",\"url\":\"https:\\\/\\\/greatermentalhealth.org\\\/\",\"logo\":{\"@type\":\"ImageObject\",\"inLanguage\":\"ht\",\"@id\":\"https:\\\/\\\/greatermentalhealth.org\\\/#\\\/schema\\\/logo\\\/image\\\/\",\"url\":\"https:\\\/\\\/greatermentalhealth.org\\\/wp-content\\\/uploads\\\/2024\\\/06\\\/Classic.png\",\"contentUrl\":\"https:\\\/\\\/greatermentalhealth.org\\\/wp-content\\\/uploads\\\/2024\\\/06\\\/Classic.png\",\"width\":3375,\"height\":3375,\"caption\":\"Greater Mental Health of New York\"},\"image\":{\"@id\":\"https:\\\/\\\/greatermentalhealth.org\\\/#\\\/schema\\\/logo\\\/image\\\/\"},\"sameAs\":[\"https:\\\/\\\/www.facebook.com\\\/greatermentalhealth\",\"https:\\\/\\\/www.instagram.com\\\/greatermentalhealth\\\/\",\"https:\\\/\\\/www.linkedin.com\\\/company\\\/greatermentalhealth\\\/\"]}]}<\/script>\n<!-- \/ Yoast SEO plugin. -->","yoast_head_json":{"title":"Impact &#8212; Greater Mental Health of New York","robots":{"index":"index","follow":"follow","max-snippet":"max-snippet:-1","max-image-preview":"max-image-preview:large","max-video-preview":"max-video-preview:-1"},"canonical":"https:\/\/greatermentalhealth.org\/ht\/impact\/","og_locale":"ht_HT","og_type":"article","og_title":"Impact &#8212; Greater Mental Health of New York","og_url":"https:\/\/greatermentalhealth.org\/ht\/impact\/","og_site_name":"Greater Mental Health of New York","article_publisher":"https:\/\/www.facebook.com\/greatermentalhealth","article_modified_time":"2025-07-14T20:23:27+00:00","og_image":[{"width":1200,"height":630,"url":"https:\/\/greatermentalhealth.org\/wp-content\/uploads\/2023\/12\/greater-mental-health-share.jpg","type":"image\/jpeg"}],"twitter_card":"summary_large_image","twitter_misc":{"Est. reading time":"3 minutes"},"schema":{"@context":"https:\/\/schema.org","@graph":[{"@type":"WebPage","@id":"https:\/\/greatermentalhealth.org\/impact\/","url":"https:\/\/greatermentalhealth.org\/impact\/","name":"Impact &#8212; Greater Mental Health of New York","isPartOf":{"@id":"https:\/\/greatermentalhealth.org\/#website"},"datePublished":"2024-03-07T19:26:05+00:00","dateModified":"2025-07-14T20:23:27+00:00","breadcrumb":{"@id":"https:\/\/greatermentalhealth.org\/impact\/#breadcrumb"},"inLanguage":"ht","potentialAction":[{"@type":"ReadAction","target":["https:\/\/greatermentalhealth.org\/impact\/"]}]},{"@type":"BreadcrumbList","@id":"https:\/\/greatermentalhealth.org\/impact\/#breadcrumb","itemListElement":[{"@type":"ListItem","position":1,"name":"Home","item":"https:\/\/greatermentalhealth.org\/"},{"@type":"ListItem","position":2,"name":"Impact"}]},{"@type":"WebSite","@id":"https:\/\/greatermentalhealth.org\/#website","url":"https:\/\/greatermentalhealth.org\/","name":"Greater Mental Health of New York","description":"Nou ankouraje sante mantal atrav\u00e8 defans, edikasyon kominot\u00e8 ak s\u00e8vis dir\u00e8k.","publisher":{"@id":"https:\/\/greatermentalhealth.org\/#organization"},"alternateName":"Greater Mental Health","potentialAction":[{"@type":"SearchAction","target":{"@type":"EntryPoint","urlTemplate":"https:\/\/greatermentalhealth.org\/?s={search_term_string}"},"query-input":{"@type":"PropertyValueSpecification","valueRequired":true,"valueName":"search_term_string"}}],"inLanguage":"ht"},{"@type":"Organization","@id":"https:\/\/greatermentalhealth.org\/#organization","name":"Greater Mental Health of New York","alternateName":"Greater Mental Health","url":"https:\/\/greatermentalhealth.org\/","logo":{"@type":"ImageObject","inLanguage":"ht","@id":"https:\/\/greatermentalhealth.org\/#\/schema\/logo\/image\/","url":"https:\/\/greatermentalhealth.org\/wp-content\/uploads\/2024\/06\/Classic.png","contentUrl":"https:\/\/greatermentalhealth.org\/wp-content\/uploads\/2024\/06\/Classic.png","width":3375,"height":3375,"caption":"Greater Mental Health of New York"},"image":{"@id":"https:\/\/greatermentalhealth.org\/#\/schema\/logo\/image\/"},"sameAs":["https:\/\/www.facebook.com\/greatermentalhealth","https:\/\/www.instagram.com\/greatermentalhealth\/","https:\/\/www.linkedin.com\/company\/greatermentalhealth\/"]}]}},"_links":{"self":[{"href":"https:\/\/greatermentalhealth.org\/ht\/wp-json\/wp\/v2\/pages\/849","targetHints":{"allow":["GET"]}}],"collection":[{"href":"https:\/\/greatermentalhealth.org\/ht\/wp-json\/wp\/v2\/pages"}],"about":[{"href":"https:\/\/greatermentalhealth.org\/ht\/wp-json\/wp\/v2\/types\/page"}],"author":[{"embeddable":true,"href":"https:\/\/greatermentalhealth.org\/ht\/wp-json\/wp\/v2\/users\/7"}],"replies":[{"embeddable":true,"href":"https:\/\/greatermentalhealth.org\/ht\/wp-json\/wp\/v2\/comments?post=849"}],"version-history":[{"count":0,"href":"https:\/\/greatermentalhealth.org\/ht\/wp-json\/wp\/v2\/pages\/849\/revisions"}],"wp:attachment":[{"href":"https:\/\/greatermentalhealth.org\/ht\/wp-json\/wp\/v2\/media?parent=849"}],"curies":[{"name":"wp","href":"https:\/\/api.w.org\/{rel}","templated":true}]}}