{"id":689,"date":"2024-02-21T09:33:54","date_gmt":"2024-02-21T14:33:54","guid":{"rendered":"https:\/\/greatermentalhealth.org\/?page_id=689"},"modified":"2026-04-20T10:25:31","modified_gmt":"2026-04-20T14:25:31","slug":"scc","status":"publish","type":"page","link":"https:\/\/greatermentalhealth.org\/ht\/scc\/","title":{"rendered":"Sterling Community Center (SCC)"},"content":{"rendered":"","protected":false},"excerpt":{"rendered":"","protected":false},"author":7,"featured_media":0,"parent":0,"menu_order":0,"comment_status":"closed","ping_status":"closed","template":"","meta":{"_acf_changed":false,"_relevanssi_hide_post":"","_relevanssi_hide_content":"","_relevanssi_pin_for_all":"","_relevanssi_pin_keywords":"","_relevanssi_unpin_keywords":"","_relevanssi_related_keywords":"","_relevanssi_related_include_ids":"","_relevanssi_related_exclude_ids":"","_relevanssi_related_no_append":"","_relevanssi_related_not_related":"","_relevanssi_related_posts":"","_relevanssi_noindex_reason":""},"class_list":["post-689","page","type-page","status-publish","hentry"],"acf":{"hero":{"header":"Sterling Community Center","subheader":"","image":1128},"page_layout":[{"acf_fc_layout":"component_page_intro","_acfe_flexible_toggle":null,"component_page_intro":{"short_title":"Overview","copy":"<span style=\"font-weight: 400;\">The Sterling Community Center (SCC) in White Plains offers a space for adults diagnosed with behavioral health conditions to find support and social activities. SCC offers classes to learn new things, volunteer opportunities, evening and weekend social activities, and personal support. At SCC, the focus is on helping everyone grow and achieve their own goals. In addition to a robust calendar of classes and activities, SCC is also home to a food pantry for participants and community members, a cafe serving nutritious meals, and specialized services that support recovery, such as <a href=\"https:\/\/greatermentalhealth.org\/employment-services\/\">Employment Services<\/a>, our <a href=\"https:\/\/greatermentalhealth.org\/peer-specialist-training\/\">Peer Specialist Training<\/a>, and our <a href=\"https:\/\/greatermentalhealth.org\/act\/\">Assertive Community Treatment (ACT)<\/a> team. You can meet others who understand what you're going through, make new friends, and be a part of a community.&nbsp;<\/span>","show_sidebar":false,"sidebar":{"label":"Optional Label","image":33,"name":"First Last","title_role":"Title and Role","text":"Short bio lorem ipsum dolor vesEu sem integer vitae justo eget magna lorem fermentum iaculis. Mi Fusce&nbsp;dapibu","links":[{"link":{"title":"Title of document lorem ipsum","url":"https:\/\/greatermentalhealth.org\/","target":""}},{"link":{"title":"Title of document lorem ipsum","url":"https:\/\/greatermentalhealth.org\/","target":""}}]}}},{"acf_fc_layout":"component_page_intro","_acfe_flexible_toggle":null,"component_page_intro":{"short_title":"The SCC Team","copy":"<span style=\"font-weight: 400;\">The SCC team, composed of many NYS-Certified Peer Specialists, offers collaborative, person-centered support. Drawing from their personal journeys of recovery from behavioral health conditions, our Peer Specialists bring unique insight and empathy to our services.&nbsp;<\/span>","show_sidebar":false,"sidebar":{"label":"","image":null,"name":"","title_role":"","text":"","links":null}}},{"acf_fc_layout":"component_page_intro","_acfe_flexible_toggle":null,"component_page_intro":{"short_title":"View the SCC Calendar","copy":"<span style=\"font-weight: 400;\">Interested in joining us for classes, activities, and social events?\u00a0 View this month's calendar here: <a href=\"https:\/\/greatermentalhealth.org\/wp-content\/uploads\/2026\/04\/scc-April-2026-Calendar.pdf\">April 2026 Calendar<\/a><\/span>\r\n\r\n<span style=\"font-weight: 400;\">For all inquiries about events or to sign up for a social, please call Valerie at 914-345-5900&nbsp;x7100.<\/span>","show_sidebar":false,"sidebar":{"label":"","image":null,"name":"","title_role":"","text":"","links":null}}},{"acf_fc_layout":"layout_pull_quote","_acfe_flexible_toggle":null,"component_pull_quote":{"quote":"I\u2019ve quit so many other therapeutic relationships and activities, but it\u2019s different at Sterling. I trust everyone here, and I\u2019m much more comfortable with the support I&nbsp;receive.","attribution":" ","attribution_description":"","image":"","color":"-t1"}},{"acf_fc_layout":"layout_image_and_text","_acfe_flexible_toggle":null,"component_image_and_text":{"image":646,"heading":"How to access care","description":"Pou plis enf\u00f2masyon sou SCC ak kijan pou w rantre nan, tanpri kontakte nou jodi a.","button":{"title":"Contact Us Today","url":"https:\/\/greatermentalhealth.org\/contact-us\/#gform_wrapper_1","target":""},"alignment":"","color":"-cs:d1 -cs:i"}},{"acf_fc_layout":"layout_resources","_acfe_flexible_toggle":null,"component_resources":{"heading":"","description":"","posts_resources":[{"type":"manual","title":"Peer Specialist Training","description":"SCC hosts our Peer Specialist Training program, which provides a valuable pathway to employment for individuals with lived experience of mental health conditions. Learn more about the training and upcoming opportunities at the link. ","link":{"title":"Read more","url":"https:\/\/greatermentalhealth.org\/peer-specialist-training\/","target":""},"content":null},{"type":"manual","title":"Connection as Treatment: The Healing Power of the Community Center","description":"Greater Mental Health of New York's Sterling Community Center staff discuss the research-backed importance of connection and community in the 2022 Spring issue of Behavioral Health News. Read more at the link.","link":{"title":"Read more","url":"https:\/\/behavioralhealthnews.org\/connection-as-treatment-the-healing-power-of-the-community-center\/","target":"_blank"},"content":null}]}}]},"yoast_head":"<!-- This site is optimized with the Yoast SEO plugin v27.3 - https:\/\/yoast.com\/product\/yoast-seo-wordpress\/ -->\n<title>Sterling Community Center (SCC) &#8212; Greater Mental Health of New York<\/title>\n<meta name=\"robots\" content=\"index, follow, max-snippet:-1, max-image-preview:large, max-video-preview:-1\" \/>\n<link rel=\"canonical\" href=\"https:\/\/greatermentalhealth.org\/ht\/scc\/\" \/>\n<meta property=\"og:locale\" content=\"ht_HT\" \/>\n<meta property=\"og:type\" content=\"article\" \/>\n<meta property=\"og:title\" content=\"Sterling Community Center (SCC) &#8212; Greater Mental Health of New York\" \/>\n<meta property=\"og:url\" content=\"https:\/\/greatermentalhealth.org\/ht\/scc\/\" \/>\n<meta property=\"og:site_name\" content=\"Greater Mental Health of New York\" \/>\n<meta property=\"article:publisher\" content=\"https:\/\/www.facebook.com\/greatermentalhealth\" \/>\n<meta property=\"article:modified_time\" content=\"2026-04-20T14:25:31+00:00\" \/>\n<meta property=\"og:image\" content=\"https:\/\/greatermentalhealth.org\/wp-content\/uploads\/2023\/12\/greater-mental-health-share.jpg\" \/>\n\t<meta property=\"og:image:width\" content=\"1200\" \/>\n\t<meta property=\"og:image:height\" content=\"630\" \/>\n\t<meta property=\"og:image:type\" content=\"image\/jpeg\" \/>\n<meta name=\"twitter:card\" content=\"summary_large_image\" \/>\n<meta name=\"twitter:label1\" content=\"Est. reading time\" \/>\n\t<meta name=\"twitter:data1\" content=\"3 minutes\" \/>\n<script type=\"application\/ld+json\" class=\"yoast-schema-graph\">{\"@context\":\"https:\\\/\\\/schema.org\",\"@graph\":[{\"@type\":\"WebPage\",\"@id\":\"https:\\\/\\\/greatermentalhealth.org\\\/scc\\\/\",\"url\":\"https:\\\/\\\/greatermentalhealth.org\\\/scc\\\/\",\"name\":\"Sterling Community Center (SCC) &#8212; Greater Mental Health of New York\",\"isPartOf\":{\"@id\":\"https:\\\/\\\/greatermentalhealth.org\\\/#website\"},\"datePublished\":\"2024-02-21T14:33:54+00:00\",\"dateModified\":\"2026-04-20T14:25:31+00:00\",\"breadcrumb\":{\"@id\":\"https:\\\/\\\/greatermentalhealth.org\\\/scc\\\/#breadcrumb\"},\"inLanguage\":\"ht\",\"potentialAction\":[{\"@type\":\"ReadAction\",\"target\":[\"https:\\\/\\\/greatermentalhealth.org\\\/scc\\\/\"]}]},{\"@type\":\"BreadcrumbList\",\"@id\":\"https:\\\/\\\/greatermentalhealth.org\\\/scc\\\/#breadcrumb\",\"itemListElement\":[{\"@type\":\"ListItem\",\"position\":1,\"name\":\"Home\",\"item\":\"https:\\\/\\\/greatermentalhealth.org\\\/\"},{\"@type\":\"ListItem\",\"position\":2,\"name\":\"Sterling Community Center (SCC)\"}]},{\"@type\":\"WebSite\",\"@id\":\"https:\\\/\\\/greatermentalhealth.org\\\/#website\",\"url\":\"https:\\\/\\\/greatermentalhealth.org\\\/\",\"name\":\"Greater Mental Health of New York\",\"description\":\"We promote mental health through advocacy, community education and direct services.\",\"publisher\":{\"@id\":\"https:\\\/\\\/greatermentalhealth.org\\\/#organization\"},\"alternateName\":\"Greater Mental Health\",\"potentialAction\":[{\"@type\":\"SearchAction\",\"target\":{\"@type\":\"EntryPoint\",\"urlTemplate\":\"https:\\\/\\\/greatermentalhealth.org\\\/?s={search_term_string}\"},\"query-input\":{\"@type\":\"PropertyValueSpecification\",\"valueRequired\":true,\"valueName\":\"search_term_string\"}}],\"inLanguage\":\"ht\"},{\"@type\":\"Organization\",\"@id\":\"https:\\\/\\\/greatermentalhealth.org\\\/#organization\",\"name\":\"Greater Mental Health of New York\",\"alternateName\":\"Greater Mental Health\",\"url\":\"https:\\\/\\\/greatermentalhealth.org\\\/\",\"logo\":{\"@type\":\"ImageObject\",\"inLanguage\":\"ht\",\"@id\":\"https:\\\/\\\/greatermentalhealth.org\\\/#\\\/schema\\\/logo\\\/image\\\/\",\"url\":\"https:\\\/\\\/greatermentalhealth.org\\\/wp-content\\\/uploads\\\/2024\\\/06\\\/Classic.png\",\"contentUrl\":\"https:\\\/\\\/greatermentalhealth.org\\\/wp-content\\\/uploads\\\/2024\\\/06\\\/Classic.png\",\"width\":3375,\"height\":3375,\"caption\":\"Greater Mental Health of New York\"},\"image\":{\"@id\":\"https:\\\/\\\/greatermentalhealth.org\\\/#\\\/schema\\\/logo\\\/image\\\/\"},\"sameAs\":[\"https:\\\/\\\/www.facebook.com\\\/greatermentalhealth\",\"https:\\\/\\\/www.instagram.com\\\/greatermentalhealth\\\/\",\"https:\\\/\\\/www.linkedin.com\\\/company\\\/greatermentalhealth\\\/\"]}]}<\/script>\n<!-- \/ Yoast SEO plugin. -->","yoast_head_json":{"title":"Sterling Community Center (SCC) &#8212; Greater Mental Health of New York","robots":{"index":"index","follow":"follow","max-snippet":"max-snippet:-1","max-image-preview":"max-image-preview:large","max-video-preview":"max-video-preview:-1"},"canonical":"https:\/\/greatermentalhealth.org\/ht\/scc\/","og_locale":"ht_HT","og_type":"article","og_title":"Sterling Community Center (SCC) &#8212; Greater Mental Health of New York","og_url":"https:\/\/greatermentalhealth.org\/ht\/scc\/","og_site_name":"Greater Mental Health of New York","article_publisher":"https:\/\/www.facebook.com\/greatermentalhealth","article_modified_time":"2026-04-20T14:25:31+00:00","og_image":[{"width":1200,"height":630,"url":"https:\/\/greatermentalhealth.org\/wp-content\/uploads\/2023\/12\/greater-mental-health-share.jpg","type":"image\/jpeg"}],"twitter_card":"summary_large_image","twitter_misc":{"Est. reading time":"3 minutes"},"schema":{"@context":"https:\/\/schema.org","@graph":[{"@type":"WebPage","@id":"https:\/\/greatermentalhealth.org\/scc\/","url":"https:\/\/greatermentalhealth.org\/scc\/","name":"Sterling Community Center (SCC) &#8212; Greater Mental Health of New York","isPartOf":{"@id":"https:\/\/greatermentalhealth.org\/#website"},"datePublished":"2024-02-21T14:33:54+00:00","dateModified":"2026-04-20T14:25:31+00:00","breadcrumb":{"@id":"https:\/\/greatermentalhealth.org\/scc\/#breadcrumb"},"inLanguage":"ht","potentialAction":[{"@type":"ReadAction","target":["https:\/\/greatermentalhealth.org\/scc\/"]}]},{"@type":"BreadcrumbList","@id":"https:\/\/greatermentalhealth.org\/scc\/#breadcrumb","itemListElement":[{"@type":"ListItem","position":1,"name":"Home","item":"https:\/\/greatermentalhealth.org\/"},{"@type":"ListItem","position":2,"name":"Sterling Community Center (SCC)"}]},{"@type":"WebSite","@id":"https:\/\/greatermentalhealth.org\/#website","url":"https:\/\/greatermentalhealth.org\/","name":"Greater Mental Health of New York","description":"Nou ankouraje sante mantal atrav\u00e8 defans, edikasyon kominot\u00e8 ak s\u00e8vis dir\u00e8k.","publisher":{"@id":"https:\/\/greatermentalhealth.org\/#organization"},"alternateName":"Greater Mental Health","potentialAction":[{"@type":"SearchAction","target":{"@type":"EntryPoint","urlTemplate":"https:\/\/greatermentalhealth.org\/?s={search_term_string}"},"query-input":{"@type":"PropertyValueSpecification","valueRequired":true,"valueName":"search_term_string"}}],"inLanguage":"ht"},{"@type":"Organization","@id":"https:\/\/greatermentalhealth.org\/#organization","name":"Greater Mental Health of New York","alternateName":"Greater Mental Health","url":"https:\/\/greatermentalhealth.org\/","logo":{"@type":"ImageObject","inLanguage":"ht","@id":"https:\/\/greatermentalhealth.org\/#\/schema\/logo\/image\/","url":"https:\/\/greatermentalhealth.org\/wp-content\/uploads\/2024\/06\/Classic.png","contentUrl":"https:\/\/greatermentalhealth.org\/wp-content\/uploads\/2024\/06\/Classic.png","width":3375,"height":3375,"caption":"Greater Mental Health of New York"},"image":{"@id":"https:\/\/greatermentalhealth.org\/#\/schema\/logo\/image\/"},"sameAs":["https:\/\/www.facebook.com\/greatermentalhealth","https:\/\/www.instagram.com\/greatermentalhealth\/","https:\/\/www.linkedin.com\/company\/greatermentalhealth\/"]}]}},"_links":{"self":[{"href":"https:\/\/greatermentalhealth.org\/ht\/wp-json\/wp\/v2\/pages\/689","targetHints":{"allow":["GET"]}}],"collection":[{"href":"https:\/\/greatermentalhealth.org\/ht\/wp-json\/wp\/v2\/pages"}],"about":[{"href":"https:\/\/greatermentalhealth.org\/ht\/wp-json\/wp\/v2\/types\/page"}],"author":[{"embeddable":true,"href":"https:\/\/greatermentalhealth.org\/ht\/wp-json\/wp\/v2\/users\/7"}],"replies":[{"embeddable":true,"href":"https:\/\/greatermentalhealth.org\/ht\/wp-json\/wp\/v2\/comments?post=689"}],"version-history":[{"count":0,"href":"https:\/\/greatermentalhealth.org\/ht\/wp-json\/wp\/v2\/pages\/689\/revisions"}],"wp:attachment":[{"href":"https:\/\/greatermentalhealth.org\/ht\/wp-json\/wp\/v2\/media?parent=689"}],"curies":[{"name":"wp","href":"https:\/\/api.w.org\/{rel}","templated":true}]}}