{"id":588,"date":"2024-02-13T16:34:31","date_gmt":"2024-02-13T21:34:31","guid":{"rendered":"https:\/\/greatermentalhealth.org\/?page_id=588"},"modified":"2025-12-03T16:41:40","modified_gmt":"2025-12-03T21:41:40","slug":"youth-act","status":"publish","type":"page","link":"https:\/\/greatermentalhealth.org\/ht\/youth-act\/","title":{"rendered":"J\u00e8n ACT"},"content":{"rendered":"","protected":false},"excerpt":{"rendered":"","protected":false},"author":7,"featured_media":0,"parent":0,"menu_order":0,"comment_status":"closed","ping_status":"closed","template":"","meta":{"_acf_changed":false,"_relevanssi_hide_post":"","_relevanssi_hide_content":"","_relevanssi_pin_for_all":"","_relevanssi_pin_keywords":"","_relevanssi_unpin_keywords":"","_relevanssi_related_keywords":"","_relevanssi_related_include_ids":"","_relevanssi_related_exclude_ids":"","_relevanssi_related_no_append":"","_relevanssi_related_not_related":"","_relevanssi_related_posts":"","_relevanssi_noindex_reason":""},"class_list":["post-588","page","type-page","status-publish","hentry"],"acf":{"hero":{"header":"Youth Assertive Community Treatment (Youth ACT)","subheader":"","image":1130},"page_layout":[{"acf_fc_layout":"component_page_intro","_acfe_flexible_toggle":"","component_page_intro":{"short_title":"Overview","copy":"<span style=\"font-weight: 400;\"><span data-teams=\"true\">Our Youth Assertive Community Treatment (Youth ACT) teams in Westchester and Rockland is <\/span>designed to address the significant mental health needs of children and youth between the ages of 10 and 21, who are at risk of entering or returning home from high-intensity services, such as inpatient settings or residential services.<\/span> Through a multidisciplinary team approach, our Youth ACT program supports children and youth and their families so that they can remain within their schools and communities rather than opting for in-patient&nbsp;treatment.","show_sidebar":true,"sidebar":{"label":"reach out today","image":"","name":"Kathy Moccio, LCSW","title_role":"Director of Children's Clinical Services","text":"Reach out to our team today at&nbsp;914&#8209;703&#8209;8021.","links":null}}},{"acf_fc_layout":"component_page_intro","_acfe_flexible_toggle":"","component_page_intro":{"short_title":"Youth ACT Services","copy":"Youth ACT offers several unique approaches to care:\r\n<ul>\r\n \t<li aria-level=\"1\"><b>A multi-disciplinary team:<\/b><span style=\"font-weight: 400;\"> Composed of a Team Leader, Psychiatrist, three licensed mental health clinicians, a clinical support staff person who provides support similar to a Care Manager, a Youth Peer Advocate, and a Family Peer Advocate, our team offers a range of expertise and perspectives.<\/span><\/li>\r\n \t<li aria-level=\"1\"><b>Community-based services:<\/b><span style=\"font-weight: 400;\"> Our providers can meet youth and families where they can best engage in and benefit from services - at home, in school, in parks, and more. This enables youth to receive a high level of services while remaining with their families and within their communities, an important step towards transitioning to a lower level of care and building crucial community-based support systems.<\/span><\/li>\r\n \t<li aria-level=\"1\"><b>Personalized treatment plans:<\/b> Our team emphasizes the involvement of youth and families in creating plans for their own needs and recovery goals. All Youth ACT team members meet with clients at least twice a week to work on and modify the treatment plan as the youth and family see fit. Furthermore, family sessions and meetings with and without the youth are offered to support family members and strengthen family&nbsp;relationships.<\/li>\r\n<\/ul>","show_sidebar":false,"sidebar":{"label":"Optional Label","image":33,"name":"First Last","title_role":"Title and Role","text":"Short bio lorem ipsum dolor vesEu sem integer vitae justo eget magna lorem fermentum iaculis. Mi Fusce&nbsp;dapibu","links":[{"link":{"title":"Title of document lorem ipsum","url":"https:\/\/greatermentalhealth.org\/","target":""}},{"link":{"title":"Title of document lorem ipsum","url":"https:\/\/greatermentalhealth.org\/","target":""}}]}}},{"acf_fc_layout":"component_page_intro","_acfe_flexible_toggle":"","component_page_intro":{"short_title":"Is this service right for a young person in my life? ","copy":"<span style=\"font-weight: 400;\">Youth ACT may be right for a young person if they are between the ages of 10 and 21, at risk of entering or returning home from high-intensity services like inpatient settings or residential&nbsp;services.\u00a0<\/span>","show_sidebar":false,"sidebar":{"label":"","image":null,"name":"","title_role":"","text":"","links":null}}},{"acf_fc_layout":"layout_image_and_text","_acfe_flexible_toggle":"","component_image_and_text":{"image":36,"heading":"How to access care","description":"Tout referans pou s\u00e8vis Youth ACT dwe ale nan Children&#039;s Single Point of Access (C-SPOA). Pou plis enf\u00f2masyon, tanpri kontakte nou.","button":{"title":"Contact Us Today","url":"https:\/\/greatermentalhealth.org\/contact-us\/#gform_wrapper_1","target":""},"alignment":"-flip","color":"-cs:d1 -cs:i"}},{"acf_fc_layout":"layout_resources","_acfe_flexible_toggle":"","component_resources":{"heading":"","description":"","posts_resources":[{"type":"manual","title":"Greater Mental Health of New York Expands Youth ACT Program to Rockland County","description":"Greater Mental Health Launches Rockland County\u2019s First Youth ACT Team, Providing Specialized Support to At-Risk Youth ","link":{"title":"","url":"https:\/\/greatermentalhealth.org\/articles\/greater-mental-health-of-new-york-expands-youth-act-program-to-rockland-county\/","target":"_blank"},"content":null},{"type":"manual","title":"Greater Mental Health of New York Youth ACT Team Member Acknowledged in 2024 \"State of the State\" Address","description":"Greater Mental Health of New York is excited to announce that Briana Braverman, a Youth Peer advocate with our Youth ACT Team, was acknowledged during NYS Gov. Kathy Hochul's 2024 State of the State Address! ","link":{"title":"Youth ACT Team Member Briana Braverman Acknowledged in 2024 NYS \u201cState of the State\u201d Address","url":"https:\/\/greatermentalhealth.org\/articles\/briana-braverman-january-2024\/","target":""},"content":null},{"type":"manual","title":"Children's Behavioral Health Staff Awards and Panel","description":"On November 28th and 29th, staff from Greater Mental Health's Youth Assertive Community Treatment (ACT) Team took part in New York State Coalition for Children\u2019s Behavioral Health and New York State Office of Mental Health\u2019s Best Practices and Workforce Development Training.","link":{"title":"Children\u2019s Behavioral Health Staff Awards and Panel","url":"https:\/\/greatermentalhealth.org\/articles\/staff-awards-nov-2023\/","target":""},"content":null}]}}]},"yoast_head":"<!-- This site is optimized with the Yoast SEO plugin v27.3 - https:\/\/yoast.com\/product\/yoast-seo-wordpress\/ -->\n<title>Youth ACT &#8212; Greater Mental Health of New York<\/title>\n<meta name=\"robots\" content=\"index, follow, max-snippet:-1, max-image-preview:large, max-video-preview:-1\" \/>\n<link rel=\"canonical\" href=\"https:\/\/greatermentalhealth.org\/ht\/youth-act\/\" \/>\n<meta property=\"og:locale\" content=\"ht_HT\" \/>\n<meta property=\"og:type\" content=\"article\" \/>\n<meta property=\"og:title\" content=\"Youth ACT &#8212; Greater Mental Health of New York\" \/>\n<meta property=\"og:url\" content=\"https:\/\/greatermentalhealth.org\/ht\/youth-act\/\" \/>\n<meta property=\"og:site_name\" content=\"Greater Mental Health of New York\" \/>\n<meta property=\"article:publisher\" content=\"https:\/\/www.facebook.com\/greatermentalhealth\" \/>\n<meta property=\"article:modified_time\" content=\"2025-12-03T21:41:40+00:00\" \/>\n<meta property=\"og:image\" content=\"https:\/\/greatermentalhealth.org\/wp-content\/uploads\/2023\/12\/greater-mental-health-share.jpg\" \/>\n\t<meta property=\"og:image:width\" content=\"1200\" \/>\n\t<meta property=\"og:image:height\" content=\"630\" \/>\n\t<meta property=\"og:image:type\" content=\"image\/jpeg\" \/>\n<meta name=\"twitter:card\" content=\"summary_large_image\" \/>\n<meta name=\"twitter:label1\" content=\"Est. reading time\" \/>\n\t<meta name=\"twitter:data1\" content=\"3 minutes\" \/>\n<script type=\"application\/ld+json\" class=\"yoast-schema-graph\">{\"@context\":\"https:\\\/\\\/schema.org\",\"@graph\":[{\"@type\":\"WebPage\",\"@id\":\"https:\\\/\\\/greatermentalhealth.org\\\/youth-act\\\/\",\"url\":\"https:\\\/\\\/greatermentalhealth.org\\\/youth-act\\\/\",\"name\":\"Youth ACT &#8212; Greater Mental Health of New York\",\"isPartOf\":{\"@id\":\"https:\\\/\\\/greatermentalhealth.org\\\/#website\"},\"datePublished\":\"2024-02-13T21:34:31+00:00\",\"dateModified\":\"2025-12-03T21:41:40+00:00\",\"breadcrumb\":{\"@id\":\"https:\\\/\\\/greatermentalhealth.org\\\/youth-act\\\/#breadcrumb\"},\"inLanguage\":\"ht\",\"potentialAction\":[{\"@type\":\"ReadAction\",\"target\":[\"https:\\\/\\\/greatermentalhealth.org\\\/youth-act\\\/\"]}]},{\"@type\":\"BreadcrumbList\",\"@id\":\"https:\\\/\\\/greatermentalhealth.org\\\/youth-act\\\/#breadcrumb\",\"itemListElement\":[{\"@type\":\"ListItem\",\"position\":1,\"name\":\"Home\",\"item\":\"https:\\\/\\\/greatermentalhealth.org\\\/\"},{\"@type\":\"ListItem\",\"position\":2,\"name\":\"Youth ACT\"}]},{\"@type\":\"WebSite\",\"@id\":\"https:\\\/\\\/greatermentalhealth.org\\\/#website\",\"url\":\"https:\\\/\\\/greatermentalhealth.org\\\/\",\"name\":\"Greater Mental Health of New York\",\"description\":\"We promote mental health through advocacy, community education and direct services.\",\"publisher\":{\"@id\":\"https:\\\/\\\/greatermentalhealth.org\\\/#organization\"},\"alternateName\":\"Greater Mental Health\",\"potentialAction\":[{\"@type\":\"SearchAction\",\"target\":{\"@type\":\"EntryPoint\",\"urlTemplate\":\"https:\\\/\\\/greatermentalhealth.org\\\/?s={search_term_string}\"},\"query-input\":{\"@type\":\"PropertyValueSpecification\",\"valueRequired\":true,\"valueName\":\"search_term_string\"}}],\"inLanguage\":\"ht\"},{\"@type\":\"Organization\",\"@id\":\"https:\\\/\\\/greatermentalhealth.org\\\/#organization\",\"name\":\"Greater Mental Health of New York\",\"alternateName\":\"Greater Mental Health\",\"url\":\"https:\\\/\\\/greatermentalhealth.org\\\/\",\"logo\":{\"@type\":\"ImageObject\",\"inLanguage\":\"ht\",\"@id\":\"https:\\\/\\\/greatermentalhealth.org\\\/#\\\/schema\\\/logo\\\/image\\\/\",\"url\":\"https:\\\/\\\/greatermentalhealth.org\\\/wp-content\\\/uploads\\\/2024\\\/06\\\/Classic.png\",\"contentUrl\":\"https:\\\/\\\/greatermentalhealth.org\\\/wp-content\\\/uploads\\\/2024\\\/06\\\/Classic.png\",\"width\":3375,\"height\":3375,\"caption\":\"Greater Mental Health of New York\"},\"image\":{\"@id\":\"https:\\\/\\\/greatermentalhealth.org\\\/#\\\/schema\\\/logo\\\/image\\\/\"},\"sameAs\":[\"https:\\\/\\\/www.facebook.com\\\/greatermentalhealth\",\"https:\\\/\\\/www.instagram.com\\\/greatermentalhealth\\\/\",\"https:\\\/\\\/www.linkedin.com\\\/company\\\/greatermentalhealth\\\/\"]}]}<\/script>\n<!-- \/ Yoast SEO plugin. -->","yoast_head_json":{"title":"Youth ACT &#8212; Greater Mental Health of New York","robots":{"index":"index","follow":"follow","max-snippet":"max-snippet:-1","max-image-preview":"max-image-preview:large","max-video-preview":"max-video-preview:-1"},"canonical":"https:\/\/greatermentalhealth.org\/ht\/youth-act\/","og_locale":"ht_HT","og_type":"article","og_title":"Youth ACT &#8212; Greater Mental Health of New York","og_url":"https:\/\/greatermentalhealth.org\/ht\/youth-act\/","og_site_name":"Greater Mental Health of New York","article_publisher":"https:\/\/www.facebook.com\/greatermentalhealth","article_modified_time":"2025-12-03T21:41:40+00:00","og_image":[{"width":1200,"height":630,"url":"https:\/\/greatermentalhealth.org\/wp-content\/uploads\/2023\/12\/greater-mental-health-share.jpg","type":"image\/jpeg"}],"twitter_card":"summary_large_image","twitter_misc":{"Est. reading time":"3 minutes"},"schema":{"@context":"https:\/\/schema.org","@graph":[{"@type":"WebPage","@id":"https:\/\/greatermentalhealth.org\/youth-act\/","url":"https:\/\/greatermentalhealth.org\/youth-act\/","name":"Youth ACT &#8212; Greater Mental Health of New York","isPartOf":{"@id":"https:\/\/greatermentalhealth.org\/#website"},"datePublished":"2024-02-13T21:34:31+00:00","dateModified":"2025-12-03T21:41:40+00:00","breadcrumb":{"@id":"https:\/\/greatermentalhealth.org\/youth-act\/#breadcrumb"},"inLanguage":"ht","potentialAction":[{"@type":"ReadAction","target":["https:\/\/greatermentalhealth.org\/youth-act\/"]}]},{"@type":"BreadcrumbList","@id":"https:\/\/greatermentalhealth.org\/youth-act\/#breadcrumb","itemListElement":[{"@type":"ListItem","position":1,"name":"Home","item":"https:\/\/greatermentalhealth.org\/"},{"@type":"ListItem","position":2,"name":"Youth ACT"}]},{"@type":"WebSite","@id":"https:\/\/greatermentalhealth.org\/#website","url":"https:\/\/greatermentalhealth.org\/","name":"Greater Mental Health of New York","description":"Nou ankouraje sante mantal atrav\u00e8 defans, edikasyon kominot\u00e8 ak s\u00e8vis dir\u00e8k.","publisher":{"@id":"https:\/\/greatermentalhealth.org\/#organization"},"alternateName":"Greater Mental Health","potentialAction":[{"@type":"SearchAction","target":{"@type":"EntryPoint","urlTemplate":"https:\/\/greatermentalhealth.org\/?s={search_term_string}"},"query-input":{"@type":"PropertyValueSpecification","valueRequired":true,"valueName":"search_term_string"}}],"inLanguage":"ht"},{"@type":"Organization","@id":"https:\/\/greatermentalhealth.org\/#organization","name":"Greater Mental Health of New York","alternateName":"Greater Mental Health","url":"https:\/\/greatermentalhealth.org\/","logo":{"@type":"ImageObject","inLanguage":"ht","@id":"https:\/\/greatermentalhealth.org\/#\/schema\/logo\/image\/","url":"https:\/\/greatermentalhealth.org\/wp-content\/uploads\/2024\/06\/Classic.png","contentUrl":"https:\/\/greatermentalhealth.org\/wp-content\/uploads\/2024\/06\/Classic.png","width":3375,"height":3375,"caption":"Greater Mental Health of New York"},"image":{"@id":"https:\/\/greatermentalhealth.org\/#\/schema\/logo\/image\/"},"sameAs":["https:\/\/www.facebook.com\/greatermentalhealth","https:\/\/www.instagram.com\/greatermentalhealth\/","https:\/\/www.linkedin.com\/company\/greatermentalhealth\/"]}]}},"_links":{"self":[{"href":"https:\/\/greatermentalhealth.org\/ht\/wp-json\/wp\/v2\/pages\/588","targetHints":{"allow":["GET"]}}],"collection":[{"href":"https:\/\/greatermentalhealth.org\/ht\/wp-json\/wp\/v2\/pages"}],"about":[{"href":"https:\/\/greatermentalhealth.org\/ht\/wp-json\/wp\/v2\/types\/page"}],"author":[{"embeddable":true,"href":"https:\/\/greatermentalhealth.org\/ht\/wp-json\/wp\/v2\/users\/7"}],"replies":[{"embeddable":true,"href":"https:\/\/greatermentalhealth.org\/ht\/wp-json\/wp\/v2\/comments?post=588"}],"version-history":[{"count":0,"href":"https:\/\/greatermentalhealth.org\/ht\/wp-json\/wp\/v2\/pages\/588\/revisions"}],"wp:attachment":[{"href":"https:\/\/greatermentalhealth.org\/ht\/wp-json\/wp\/v2\/media?parent=588"}],"curies":[{"name":"wp","href":"https:\/\/api.w.org\/{rel}","templated":true}]}}