{"id":562,"date":"2024-02-12T15:14:26","date_gmt":"2024-02-12T20:14:26","guid":{"rendered":"https:\/\/greatermentalhealth.org\/?page_id=562"},"modified":"2024-11-05T15:53:54","modified_gmt":"2024-11-05T20:53:54","slug":"cftss","status":"publish","type":"page","link":"https:\/\/greatermentalhealth.org\/ht\/cftss\/","title":{"rendered":"S\u00e8vis Tretman ak Sip\u00f2 pou Timoun ak Fanmi (CFTSS)"},"content":{"rendered":"","protected":false},"excerpt":{"rendered":"","protected":false},"author":7,"featured_media":0,"parent":0,"menu_order":0,"comment_status":"closed","ping_status":"closed","template":"","meta":{"_acf_changed":false,"_relevanssi_hide_post":"","_relevanssi_hide_content":"","_relevanssi_pin_for_all":"","_relevanssi_pin_keywords":"","_relevanssi_unpin_keywords":"","_relevanssi_related_keywords":"","_relevanssi_related_include_ids":"","_relevanssi_related_exclude_ids":"","_relevanssi_related_no_append":"","_relevanssi_related_not_related":"","_relevanssi_related_posts":"","_relevanssi_noindex_reason":""},"class_list":["post-562","page","type-page","status-publish","hentry"],"acf":{"hero":{"header":"Children and Family Treatment and Support Services","subheader":"","image":1065},"page_layout":[{"acf_fc_layout":"component_page_intro","_acfe_flexible_toggle":"","component_page_intro":{"short_title":"Overview","copy":"<span style=\"font-weight: 400;\">Our Children and Family Treatment and Support Services (CFTSS) offer a range of services tailored to meet the comprehensive needs of children and youth facing behavioral health challenges. We understand that each young person and their family has a unique journey, and our multidisciplinary team of providers is here to collaborate with you to address specific goals and needs.&nbsp;<\/span>","show_sidebar":true,"sidebar":{"label":"reach out today","image":"","name":"Kathy Moccio, LCSW","title_role":"Director of Children's Clinical Services","text":"Reach out to our team today at&nbsp;914&#8209;703&#8209;8021.","links":null}}},{"acf_fc_layout":"component_page_intro","_acfe_flexible_toggle":"","component_page_intro":{"short_title":"CFTSS Services","copy":"CFTSS offers a wide variety of services:\r\n<ul>\r\n \t<li>Our <strong>Other Licensed Practitioner<\/strong> provides an assessment during which the youth\u2019s strengths and areas of need are explored, a diagnosis provided, and a treatment plan developed. If the youth meets medical necessity for an OLP, they are provided ongoing psychotherapy, crisis intervention and treatment planning. To meet medical necessity, the youth must have, or be at risk of developing a behavioral health diagnosis which is impacting their functioning. The OLP can also recommend the youth to other Children and Family Treatment and Support Services.<\/li>\r\n \t<li>Our <strong>Community Psychiatric Supports and Treatment<\/strong> provides therapeutic and functional support, including counseling, crisis avoidance planning, psychoeducation, and strengths-based planning, to help improve communication and interactions with family, friends, and others. This service is especially helpful when provided in addition to individual therapy, as CPST provides extra support and helps the youth and their family focus on and work toward their therapeutic goals.<\/li>\r\n \t<li>Our <strong>Psychosocial Rehabilitation Services<\/strong> are designed to restore, rehabilitate, and support the youth\u2019s development. These services help to address functional limitations and interpersonal and\/or behavioral health barriers, with a focus on strengthening social and interpersonal skills, daily living skills and community integration. Activities are \u201chands on\u201d and task oriented, intended to help the youth achieve their identified goals or objectives.<\/li>\r\n \t<li><strong>Family Peer Support Services<\/strong> are provided by a credentialed Family Peer Advocate (FPA), an individual with their own lived experience of caring for a child with social, emotional, medical, developmental, substance use, and\/or behavioral challenges. The FPA works with families and caregivers to help address the needs of their child, including serving as a bridge between the family and service providers, empowering the family to advocate for their needs, enhancing parenting skills, and encouraging connections with natural supports.<\/li>\r\n \t<li><strong>Youth Peer Support and Training<\/strong> is provided by a young adult with their own lived experience and is a credentialed Youth Peer Advocate, provide the support and training necessary to ensure engagement and participation of the youth in their treatment planning process, and with the ongoing implementation and reinforcement of skills. Together, they work on: skill building; coaching; engagement, bridging &amp; transition support; self-advocacy, self-efficacy, &amp; empowerment; creating community connections and natural&nbsp;supports.<\/li>\r\n<\/ul>","show_sidebar":false,"sidebar":{"label":"","image":null,"name":"","title_role":"","text":"","links":null}}},{"acf_fc_layout":"component_page_intro","_acfe_flexible_toggle":"","component_page_intro":{"short_title":"Is this service right for a child in my life? ","copy":"<span style=\"font-weight: 400;\">CFTSS may be a good fit<\/span><span style=\"font-weight: 400;\"> for a child if they are<\/span><span style=\"font-weight: 400;\"> under 21 years old, residents of Westchester County, enrolled in Medicaid or Child Health Plus insurance, and need support with challenges related to social, emotional, or behavioral health or substance use. <a href=\"https:\/\/greatermentalhealth.org\/wp-content\/uploads\/2024\/09\/CFTSS-Referral-Form.pdf\"><em>Click here for the CFTSS referral&nbsp;form.<\/em><\/a><\/span>","show_sidebar":false,"sidebar":{"label":"","image":null,"name":"","title_role":"","text":"","links":null}}},{"acf_fc_layout":"layout_image_and_text","_acfe_flexible_toggle":"","component_image_and_text":{"image":36,"heading":"How to access care","description":"Pou jwenn aks\u00e8 nan CFTSS, yon referans oswa yon rek\u00f2mandasyon neses\u00e8. J\u00e8n nan menm oswa nenp\u00f2t moun ki konnen timoun nan ka f\u00e8 referans, epi rek\u00f2mandasyon yo ka soti nan men pratikan ki gen lisans, pedyat, oswa founis\u00e8 CFTSS ki kalifye. Pou plis enf\u00f2masyon oswa pou k\u00f2manse pwosesis rek\u00f2mandasyon an, tanpri kontakte nou","button":{"title":"Contact Us Today","url":"https:\/\/greatermentalhealth.org\/contact-us\/#gform_wrapper_1","target":""},"alignment":"-flip","color":"-cs:d1 -cs:i"}}]},"yoast_head":"<!-- This site is optimized with the Yoast SEO plugin v27.3 - https:\/\/yoast.com\/product\/yoast-seo-wordpress\/ -->\n<title>Children and Family Treatment and Support Services (CFTSS) &#8212; Greater Mental Health of New York<\/title>\n<meta name=\"robots\" content=\"index, follow, max-snippet:-1, max-image-preview:large, max-video-preview:-1\" \/>\n<link rel=\"canonical\" href=\"https:\/\/greatermentalhealth.org\/ht\/cftss\/\" \/>\n<meta property=\"og:locale\" content=\"ht_HT\" \/>\n<meta property=\"og:type\" content=\"article\" \/>\n<meta property=\"og:title\" content=\"Children and Family Treatment and Support Services (CFTSS) &#8212; Greater Mental Health of New York\" \/>\n<meta property=\"og:url\" content=\"https:\/\/greatermentalhealth.org\/ht\/cftss\/\" \/>\n<meta property=\"og:site_name\" content=\"Greater Mental Health of New York\" \/>\n<meta property=\"article:publisher\" content=\"https:\/\/www.facebook.com\/greatermentalhealth\" \/>\n<meta property=\"article:modified_time\" content=\"2024-11-05T20:53:54+00:00\" \/>\n<meta property=\"og:image\" content=\"https:\/\/greatermentalhealth.org\/wp-content\/uploads\/2023\/12\/greater-mental-health-share.jpg\" \/>\n\t<meta property=\"og:image:width\" content=\"1200\" \/>\n\t<meta property=\"og:image:height\" content=\"630\" \/>\n\t<meta property=\"og:image:type\" content=\"image\/jpeg\" \/>\n<meta name=\"twitter:card\" content=\"summary_large_image\" \/>\n<meta name=\"twitter:label1\" content=\"Est. reading time\" \/>\n\t<meta name=\"twitter:data1\" content=\"3 minutes\" \/>\n<script type=\"application\/ld+json\" class=\"yoast-schema-graph\">{\"@context\":\"https:\\\/\\\/schema.org\",\"@graph\":[{\"@type\":\"WebPage\",\"@id\":\"https:\\\/\\\/greatermentalhealth.org\\\/cftss\\\/\",\"url\":\"https:\\\/\\\/greatermentalhealth.org\\\/cftss\\\/\",\"name\":\"Children and Family Treatment and Support Services (CFTSS) &#8212; Greater Mental Health of New York\",\"isPartOf\":{\"@id\":\"https:\\\/\\\/greatermentalhealth.org\\\/#website\"},\"datePublished\":\"2024-02-12T20:14:26+00:00\",\"dateModified\":\"2024-11-05T20:53:54+00:00\",\"breadcrumb\":{\"@id\":\"https:\\\/\\\/greatermentalhealth.org\\\/cftss\\\/#breadcrumb\"},\"inLanguage\":\"ht\",\"potentialAction\":[{\"@type\":\"ReadAction\",\"target\":[\"https:\\\/\\\/greatermentalhealth.org\\\/cftss\\\/\"]}]},{\"@type\":\"BreadcrumbList\",\"@id\":\"https:\\\/\\\/greatermentalhealth.org\\\/cftss\\\/#breadcrumb\",\"itemListElement\":[{\"@type\":\"ListItem\",\"position\":1,\"name\":\"Home\",\"item\":\"https:\\\/\\\/greatermentalhealth.org\\\/\"},{\"@type\":\"ListItem\",\"position\":2,\"name\":\"Children and Family Treatment and Support Services (CFTSS)\"}]},{\"@type\":\"WebSite\",\"@id\":\"https:\\\/\\\/greatermentalhealth.org\\\/#website\",\"url\":\"https:\\\/\\\/greatermentalhealth.org\\\/\",\"name\":\"Greater Mental Health of New York\",\"description\":\"We promote mental health through advocacy, community education and direct services.\",\"publisher\":{\"@id\":\"https:\\\/\\\/greatermentalhealth.org\\\/#organization\"},\"alternateName\":\"Greater Mental Health\",\"potentialAction\":[{\"@type\":\"SearchAction\",\"target\":{\"@type\":\"EntryPoint\",\"urlTemplate\":\"https:\\\/\\\/greatermentalhealth.org\\\/?s={search_term_string}\"},\"query-input\":{\"@type\":\"PropertyValueSpecification\",\"valueRequired\":true,\"valueName\":\"search_term_string\"}}],\"inLanguage\":\"ht\"},{\"@type\":\"Organization\",\"@id\":\"https:\\\/\\\/greatermentalhealth.org\\\/#organization\",\"name\":\"Greater Mental Health of New York\",\"alternateName\":\"Greater Mental Health\",\"url\":\"https:\\\/\\\/greatermentalhealth.org\\\/\",\"logo\":{\"@type\":\"ImageObject\",\"inLanguage\":\"ht\",\"@id\":\"https:\\\/\\\/greatermentalhealth.org\\\/#\\\/schema\\\/logo\\\/image\\\/\",\"url\":\"https:\\\/\\\/greatermentalhealth.org\\\/wp-content\\\/uploads\\\/2024\\\/06\\\/Classic.png\",\"contentUrl\":\"https:\\\/\\\/greatermentalhealth.org\\\/wp-content\\\/uploads\\\/2024\\\/06\\\/Classic.png\",\"width\":3375,\"height\":3375,\"caption\":\"Greater Mental Health of New York\"},\"image\":{\"@id\":\"https:\\\/\\\/greatermentalhealth.org\\\/#\\\/schema\\\/logo\\\/image\\\/\"},\"sameAs\":[\"https:\\\/\\\/www.facebook.com\\\/greatermentalhealth\",\"https:\\\/\\\/www.instagram.com\\\/greatermentalhealth\\\/\",\"https:\\\/\\\/www.linkedin.com\\\/company\\\/greatermentalhealth\\\/\"]}]}<\/script>\n<!-- \/ Yoast SEO plugin. -->","yoast_head_json":{"title":"Children and Family Treatment and Support Services (CFTSS) &#8212; Greater Mental Health of New York","robots":{"index":"index","follow":"follow","max-snippet":"max-snippet:-1","max-image-preview":"max-image-preview:large","max-video-preview":"max-video-preview:-1"},"canonical":"https:\/\/greatermentalhealth.org\/ht\/cftss\/","og_locale":"ht_HT","og_type":"article","og_title":"Children and Family Treatment and Support Services (CFTSS) &#8212; Greater Mental Health of New York","og_url":"https:\/\/greatermentalhealth.org\/ht\/cftss\/","og_site_name":"Greater Mental Health of New York","article_publisher":"https:\/\/www.facebook.com\/greatermentalhealth","article_modified_time":"2024-11-05T20:53:54+00:00","og_image":[{"width":1200,"height":630,"url":"https:\/\/greatermentalhealth.org\/wp-content\/uploads\/2023\/12\/greater-mental-health-share.jpg","type":"image\/jpeg"}],"twitter_card":"summary_large_image","twitter_misc":{"Est. reading time":"3 minutes"},"schema":{"@context":"https:\/\/schema.org","@graph":[{"@type":"WebPage","@id":"https:\/\/greatermentalhealth.org\/cftss\/","url":"https:\/\/greatermentalhealth.org\/cftss\/","name":"Children and Family Treatment and Support Services (CFTSS) &#8212; Greater Mental Health of New York","isPartOf":{"@id":"https:\/\/greatermentalhealth.org\/#website"},"datePublished":"2024-02-12T20:14:26+00:00","dateModified":"2024-11-05T20:53:54+00:00","breadcrumb":{"@id":"https:\/\/greatermentalhealth.org\/cftss\/#breadcrumb"},"inLanguage":"ht","potentialAction":[{"@type":"ReadAction","target":["https:\/\/greatermentalhealth.org\/cftss\/"]}]},{"@type":"BreadcrumbList","@id":"https:\/\/greatermentalhealth.org\/cftss\/#breadcrumb","itemListElement":[{"@type":"ListItem","position":1,"name":"Home","item":"https:\/\/greatermentalhealth.org\/"},{"@type":"ListItem","position":2,"name":"Children and Family Treatment and Support Services (CFTSS)"}]},{"@type":"WebSite","@id":"https:\/\/greatermentalhealth.org\/#website","url":"https:\/\/greatermentalhealth.org\/","name":"Greater Mental Health of New York","description":"Nou ankouraje sante mantal atrav\u00e8 defans, edikasyon kominot\u00e8 ak s\u00e8vis dir\u00e8k.","publisher":{"@id":"https:\/\/greatermentalhealth.org\/#organization"},"alternateName":"Greater Mental Health","potentialAction":[{"@type":"SearchAction","target":{"@type":"EntryPoint","urlTemplate":"https:\/\/greatermentalhealth.org\/?s={search_term_string}"},"query-input":{"@type":"PropertyValueSpecification","valueRequired":true,"valueName":"search_term_string"}}],"inLanguage":"ht"},{"@type":"Organization","@id":"https:\/\/greatermentalhealth.org\/#organization","name":"Greater Mental Health of New York","alternateName":"Greater Mental Health","url":"https:\/\/greatermentalhealth.org\/","logo":{"@type":"ImageObject","inLanguage":"ht","@id":"https:\/\/greatermentalhealth.org\/#\/schema\/logo\/image\/","url":"https:\/\/greatermentalhealth.org\/wp-content\/uploads\/2024\/06\/Classic.png","contentUrl":"https:\/\/greatermentalhealth.org\/wp-content\/uploads\/2024\/06\/Classic.png","width":3375,"height":3375,"caption":"Greater Mental Health of New York"},"image":{"@id":"https:\/\/greatermentalhealth.org\/#\/schema\/logo\/image\/"},"sameAs":["https:\/\/www.facebook.com\/greatermentalhealth","https:\/\/www.instagram.com\/greatermentalhealth\/","https:\/\/www.linkedin.com\/company\/greatermentalhealth\/"]}]}},"_links":{"self":[{"href":"https:\/\/greatermentalhealth.org\/ht\/wp-json\/wp\/v2\/pages\/562","targetHints":{"allow":["GET"]}}],"collection":[{"href":"https:\/\/greatermentalhealth.org\/ht\/wp-json\/wp\/v2\/pages"}],"about":[{"href":"https:\/\/greatermentalhealth.org\/ht\/wp-json\/wp\/v2\/types\/page"}],"author":[{"embeddable":true,"href":"https:\/\/greatermentalhealth.org\/ht\/wp-json\/wp\/v2\/users\/7"}],"replies":[{"embeddable":true,"href":"https:\/\/greatermentalhealth.org\/ht\/wp-json\/wp\/v2\/comments?post=562"}],"version-history":[{"count":0,"href":"https:\/\/greatermentalhealth.org\/ht\/wp-json\/wp\/v2\/pages\/562\/revisions"}],"wp:attachment":[{"href":"https:\/\/greatermentalhealth.org\/ht\/wp-json\/wp\/v2\/media?parent=562"}],"curies":[{"name":"wp","href":"https:\/\/api.w.org\/{rel}","templated":true}]}}