{"id":40,"date":"2023-11-30T21:45:18","date_gmt":"2023-12-01T02:45:18","guid":{"rendered":"https:\/\/greatermentalhealth.org\/?page_id=40"},"modified":"2026-02-15T18:01:02","modified_gmt":"2026-02-15T23:01:02","slug":"contact-us","status":"publish","type":"page","link":"https:\/\/greatermentalhealth.org\/ht\/contact-us\/","title":{"rendered":"Kontakte nou"},"content":{"rendered":"","protected":false},"excerpt":{"rendered":"","protected":false},"author":2,"featured_media":0,"parent":0,"menu_order":0,"comment_status":"closed","ping_status":"closed","template":"","meta":{"_acf_changed":false,"_relevanssi_hide_post":"","_relevanssi_hide_content":"","_relevanssi_pin_for_all":"","_relevanssi_pin_keywords":"","_relevanssi_unpin_keywords":"","_relevanssi_related_keywords":"","_relevanssi_related_include_ids":"","_relevanssi_related_exclude_ids":"","_relevanssi_related_no_append":"","_relevanssi_related_not_related":"","_relevanssi_related_posts":"","_relevanssi_noindex_reason":""},"class_list":["post-40","page","type-page","status-publish","hentry"],"acf":{"hero":{"header":"Contact Us","subheader":"","image":""},"page_layout":[{"acf_fc_layout":"layout_wysiwyg","_acfe_flexible_toggle":null,"component_wysiwyg":{"columns":"one","header":"","content":"<h3 style=\"text-align: center;\">Rele 911 si yon moun an danje iminan pou l f\u00e8 t\u00e8t li mal oswa l\u00f2t moun. Pou plis resous kriz, tanpri vizite nou an <a href=\"https:\/\/greatermentalhealth.org\/ht\/help\/\">Jwenn \u00e8d kounye a<\/a>&nbsp;paj.<\/h3>","content_2":""}},{"acf_fc_layout":"component_page_intro","_acfe_flexible_toggle":null,"component_page_intro":{"short_title":"After Hours","copy":"If you're engaged in Greater Mental Health services and need immediate assistance 'after hours', please call 914-266-2922. Assistance is available during:\r\n<ul>\r\n \t<li>Monday through Thursday, from 8:00 p.m. to 9:00 a.m.<\/li>\r\n \t<li>Friday from 5:00 p.m. to Monday at 9:00 a.m., including&nbsp;holidays.<\/li>\r\n<\/ul>\r\n&nbsp;","show_sidebar":false,"sidebar":{"label":"","image":null,"name":"","title_role":"","text":"","links":null}}},{"acf_fc_layout":"component_page_intro","_acfe_flexible_toggle":null,"component_page_intro":{"short_title":"Appointments","copy":"<span style=\"font-weight: 400;\">To schedule an appointment at a location convenient to you, please call our Central Scheduler at (914) 345-0700, ext.&nbsp;7350.\u00a0<\/span>\r\n\r\n&nbsp;","show_sidebar":false,"sidebar":{"label":"","image":null,"name":"","title_role":"","text":"","links":null}}},{"acf_fc_layout":"component_page_intro","_acfe_flexible_toggle":null,"component_page_intro":{"short_title":"Information & Referrals","copy":"<h2 id=\"information-referrals\"><\/h2>\r\n<b>Information and Referral Line<\/b><span style=\"font-weight: 400;\">: For confidential guidance on mental health issues, local services, and more information on Greater Mental Health of New York's offerings in the Hudson Valley area, connect with our knowledgeable staff anytime between 9:00 a.m. to 5:00 p.m., Monday through Friday. <\/span>\r\n<ul>\r\n \t<li><span style=\"font-weight: 400;\">Connect with a team member in <strong>Westchester<\/strong> by calling 914-345-0700, ext. 7303. <\/span><\/li>\r\n \t<li><span style=\"font-weight: 400;\">Connect with a team member in <strong>Rockland<\/strong> by calling 845-267-2172, ext. 296.<\/span><\/li>\r\n \t<li style=\"font-weight: 400;\" aria-level=\"1\"><b>Email<\/b><span style=\"font-weight: 400;\">: Contact us anytime at <a&nbsp;href=\"help@greatermentalhealth.org\">help@greatermentalhealth.org<\/a><\/span><\/li>\r\n<\/ul>","show_sidebar":false,"sidebar":{"label":"","image":null,"name":"","title_role":"","text":"","links":null}}},{"acf_fc_layout":"component_page_intro","_acfe_flexible_toggle":null,"component_page_intro":{"short_title":"Donations and Planned Giving","copy":"<a href=\"https:\/\/greatermentalhealth.org\/get-involved\/donate\/\">Giving a gift<\/a> to Greater Mental Health of New York has the power and potential to save lives and transform behavioral health services in our community. We offer a <a href=\"https:\/\/greatermentalhealth.org\/ways-to-give\/\">variety of ways to donate<\/a>, each of which makes a real impact on our work. Thank you for your belief in our mission!\r\n\r\nQuestions? Please contact Shannon Catauro, at 914-265-7512 or catauros@greatermentalhealth.org.\r\n\r\nTo mail a donation, please send to:\r\n\r\n<em>580 White Plains Road, Suite 510<\/em>\r\n\r\n<em>Attn: Development<\/em>\r\n\r\n<em>Tarrytown, NY&nbsp;10591<\/em>","show_sidebar":false,"sidebar":{"label":"","image":null,"name":"","title_role":"","text":"","links":null}}},{"acf_fc_layout":"layout_wysiwyg","_acfe_flexible_toggle":null,"component_wysiwyg":{"columns":"one","header":"","content":"<h2>Kontakte nou jodi a<\/h2>\r\nWhether you have questions about our services and referral processes, want to get involved, or want to learn more about upcoming opportunities, we're just a message away. Reach<span style=\"font-weight: 400;\"> soti pou nou jodi a, epi nou pral tounen vin jwenn ou pi vit posib.<\/span>\r\n\r\n<b>Tanpri itilize mesaj pou kominikasyon ki pa ijan s\u00e8lman. <\/b><b>Si sa a se yon pwobl\u00e8m swen pasyan IJANS oswa IJANS, tanpri rele 911. PA KITE YON MESAJ LA.<\/b>","content_2":""}},{"acf_fc_layout":"layout_gravity_form","_acfe_flexible_toggle":null,"component_gravity_form":{"form_id":"1"}}]},"yoast_head":"<!-- This site is optimized with the Yoast SEO plugin v27.3 - https:\/\/yoast.com\/product\/yoast-seo-wordpress\/ -->\n<title>Contact Us &#8212; Greater Mental Health of New York<\/title>\n<meta name=\"robots\" content=\"index, follow, max-snippet:-1, max-image-preview:large, max-video-preview:-1\" \/>\n<link rel=\"canonical\" href=\"https:\/\/greatermentalhealth.org\/ht\/contact-us\/\" \/>\n<meta property=\"og:locale\" content=\"ht_HT\" \/>\n<meta property=\"og:type\" content=\"article\" \/>\n<meta property=\"og:title\" content=\"Contact Us &#8212; Greater Mental Health of New York\" \/>\n<meta property=\"og:url\" content=\"https:\/\/greatermentalhealth.org\/ht\/contact-us\/\" \/>\n<meta property=\"og:site_name\" content=\"Greater Mental Health of New York\" \/>\n<meta property=\"article:publisher\" content=\"https:\/\/www.facebook.com\/greatermentalhealth\" \/>\n<meta property=\"article:modified_time\" content=\"2026-02-15T23:01:02+00:00\" \/>\n<meta property=\"og:image\" content=\"https:\/\/greatermentalhealth.org\/wp-content\/uploads\/2023\/12\/greater-mental-health-share.jpg\" \/>\n\t<meta property=\"og:image:width\" content=\"1200\" \/>\n\t<meta property=\"og:image:height\" content=\"630\" \/>\n\t<meta property=\"og:image:type\" content=\"image\/jpeg\" \/>\n<meta name=\"twitter:card\" content=\"summary_large_image\" \/>\n<meta name=\"twitter:label1\" content=\"Est. reading time\" \/>\n\t<meta name=\"twitter:data1\" content=\"2 minutes\" \/>\n<script type=\"application\/ld+json\" class=\"yoast-schema-graph\">{\"@context\":\"https:\\\/\\\/schema.org\",\"@graph\":[{\"@type\":\"WebPage\",\"@id\":\"https:\\\/\\\/greatermentalhealth.org\\\/contact-us\\\/\",\"url\":\"https:\\\/\\\/greatermentalhealth.org\\\/contact-us\\\/\",\"name\":\"Contact Us &#8212; Greater Mental Health of New York\",\"isPartOf\":{\"@id\":\"https:\\\/\\\/greatermentalhealth.org\\\/#website\"},\"datePublished\":\"2023-12-01T02:45:18+00:00\",\"dateModified\":\"2026-02-15T23:01:02+00:00\",\"breadcrumb\":{\"@id\":\"https:\\\/\\\/greatermentalhealth.org\\\/contact-us\\\/#breadcrumb\"},\"inLanguage\":\"ht\",\"potentialAction\":[{\"@type\":\"ReadAction\",\"target\":[\"https:\\\/\\\/greatermentalhealth.org\\\/contact-us\\\/\"]}]},{\"@type\":\"BreadcrumbList\",\"@id\":\"https:\\\/\\\/greatermentalhealth.org\\\/contact-us\\\/#breadcrumb\",\"itemListElement\":[{\"@type\":\"ListItem\",\"position\":1,\"name\":\"Home\",\"item\":\"https:\\\/\\\/greatermentalhealth.org\\\/\"},{\"@type\":\"ListItem\",\"position\":2,\"name\":\"Contact Us\"}]},{\"@type\":\"WebSite\",\"@id\":\"https:\\\/\\\/greatermentalhealth.org\\\/#website\",\"url\":\"https:\\\/\\\/greatermentalhealth.org\\\/\",\"name\":\"Greater Mental Health of New York\",\"description\":\"We promote mental health through advocacy, community education and direct services.\",\"publisher\":{\"@id\":\"https:\\\/\\\/greatermentalhealth.org\\\/#organization\"},\"alternateName\":\"Greater Mental Health\",\"potentialAction\":[{\"@type\":\"SearchAction\",\"target\":{\"@type\":\"EntryPoint\",\"urlTemplate\":\"https:\\\/\\\/greatermentalhealth.org\\\/?s={search_term_string}\"},\"query-input\":{\"@type\":\"PropertyValueSpecification\",\"valueRequired\":true,\"valueName\":\"search_term_string\"}}],\"inLanguage\":\"ht\"},{\"@type\":\"Organization\",\"@id\":\"https:\\\/\\\/greatermentalhealth.org\\\/#organization\",\"name\":\"Greater Mental Health of New York\",\"alternateName\":\"Greater Mental Health\",\"url\":\"https:\\\/\\\/greatermentalhealth.org\\\/\",\"logo\":{\"@type\":\"ImageObject\",\"inLanguage\":\"ht\",\"@id\":\"https:\\\/\\\/greatermentalhealth.org\\\/#\\\/schema\\\/logo\\\/image\\\/\",\"url\":\"https:\\\/\\\/greatermentalhealth.org\\\/wp-content\\\/uploads\\\/2024\\\/06\\\/Classic.png\",\"contentUrl\":\"https:\\\/\\\/greatermentalhealth.org\\\/wp-content\\\/uploads\\\/2024\\\/06\\\/Classic.png\",\"width\":3375,\"height\":3375,\"caption\":\"Greater Mental Health of New York\"},\"image\":{\"@id\":\"https:\\\/\\\/greatermentalhealth.org\\\/#\\\/schema\\\/logo\\\/image\\\/\"},\"sameAs\":[\"https:\\\/\\\/www.facebook.com\\\/greatermentalhealth\",\"https:\\\/\\\/www.instagram.com\\\/greatermentalhealth\\\/\",\"https:\\\/\\\/www.linkedin.com\\\/company\\\/greatermentalhealth\\\/\"]}]}<\/script>\n<!-- \/ Yoast SEO plugin. -->","yoast_head_json":{"title":"Contact Us &#8212; Greater Mental Health of New York","robots":{"index":"index","follow":"follow","max-snippet":"max-snippet:-1","max-image-preview":"max-image-preview:large","max-video-preview":"max-video-preview:-1"},"canonical":"https:\/\/greatermentalhealth.org\/ht\/contact-us\/","og_locale":"ht_HT","og_type":"article","og_title":"Contact Us &#8212; Greater Mental Health of New York","og_url":"https:\/\/greatermentalhealth.org\/ht\/contact-us\/","og_site_name":"Greater Mental Health of New York","article_publisher":"https:\/\/www.facebook.com\/greatermentalhealth","article_modified_time":"2026-02-15T23:01:02+00:00","og_image":[{"width":1200,"height":630,"url":"https:\/\/greatermentalhealth.org\/wp-content\/uploads\/2023\/12\/greater-mental-health-share.jpg","type":"image\/jpeg"}],"twitter_card":"summary_large_image","twitter_misc":{"Est. reading time":"2 minutes"},"schema":{"@context":"https:\/\/schema.org","@graph":[{"@type":"WebPage","@id":"https:\/\/greatermentalhealth.org\/contact-us\/","url":"https:\/\/greatermentalhealth.org\/contact-us\/","name":"Contact Us &#8212; Greater Mental Health of New York","isPartOf":{"@id":"https:\/\/greatermentalhealth.org\/#website"},"datePublished":"2023-12-01T02:45:18+00:00","dateModified":"2026-02-15T23:01:02+00:00","breadcrumb":{"@id":"https:\/\/greatermentalhealth.org\/contact-us\/#breadcrumb"},"inLanguage":"ht","potentialAction":[{"@type":"ReadAction","target":["https:\/\/greatermentalhealth.org\/contact-us\/"]}]},{"@type":"BreadcrumbList","@id":"https:\/\/greatermentalhealth.org\/contact-us\/#breadcrumb","itemListElement":[{"@type":"ListItem","position":1,"name":"Home","item":"https:\/\/greatermentalhealth.org\/"},{"@type":"ListItem","position":2,"name":"Contact Us"}]},{"@type":"WebSite","@id":"https:\/\/greatermentalhealth.org\/#website","url":"https:\/\/greatermentalhealth.org\/","name":"Greater Mental Health of New York","description":"Nou ankouraje sante mantal atrav\u00e8 defans, edikasyon kominot\u00e8 ak s\u00e8vis dir\u00e8k.","publisher":{"@id":"https:\/\/greatermentalhealth.org\/#organization"},"alternateName":"Greater Mental Health","potentialAction":[{"@type":"SearchAction","target":{"@type":"EntryPoint","urlTemplate":"https:\/\/greatermentalhealth.org\/?s={search_term_string}"},"query-input":{"@type":"PropertyValueSpecification","valueRequired":true,"valueName":"search_term_string"}}],"inLanguage":"ht"},{"@type":"Organization","@id":"https:\/\/greatermentalhealth.org\/#organization","name":"Greater Mental Health of New York","alternateName":"Greater Mental Health","url":"https:\/\/greatermentalhealth.org\/","logo":{"@type":"ImageObject","inLanguage":"ht","@id":"https:\/\/greatermentalhealth.org\/#\/schema\/logo\/image\/","url":"https:\/\/greatermentalhealth.org\/wp-content\/uploads\/2024\/06\/Classic.png","contentUrl":"https:\/\/greatermentalhealth.org\/wp-content\/uploads\/2024\/06\/Classic.png","width":3375,"height":3375,"caption":"Greater Mental Health of New York"},"image":{"@id":"https:\/\/greatermentalhealth.org\/#\/schema\/logo\/image\/"},"sameAs":["https:\/\/www.facebook.com\/greatermentalhealth","https:\/\/www.instagram.com\/greatermentalhealth\/","https:\/\/www.linkedin.com\/company\/greatermentalhealth\/"]}]}},"_links":{"self":[{"href":"https:\/\/greatermentalhealth.org\/ht\/wp-json\/wp\/v2\/pages\/40","targetHints":{"allow":["GET"]}}],"collection":[{"href":"https:\/\/greatermentalhealth.org\/ht\/wp-json\/wp\/v2\/pages"}],"about":[{"href":"https:\/\/greatermentalhealth.org\/ht\/wp-json\/wp\/v2\/types\/page"}],"author":[{"embeddable":true,"href":"https:\/\/greatermentalhealth.org\/ht\/wp-json\/wp\/v2\/users\/2"}],"replies":[{"embeddable":true,"href":"https:\/\/greatermentalhealth.org\/ht\/wp-json\/wp\/v2\/comments?post=40"}],"version-history":[{"count":0,"href":"https:\/\/greatermentalhealth.org\/ht\/wp-json\/wp\/v2\/pages\/40\/revisions"}],"wp:attachment":[{"href":"https:\/\/greatermentalhealth.org\/ht\/wp-json\/wp\/v2\/media?parent=40"}],"curies":[{"name":"wp","href":"https:\/\/api.w.org\/{rel}","templated":true}]}}