{"id":39,"date":"2023-11-30T21:45:18","date_gmt":"2023-12-01T02:45:18","guid":{"rendered":"https:\/\/greatermentalhealth.org\/?page_id=39"},"modified":"2024-06-11T13:21:58","modified_gmt":"2024-06-11T17:21:58","slug":"careers","status":"publish","type":"page","link":"https:\/\/greatermentalhealth.org\/ht\/careers\/","title":{"rendered":"Kary\u00e8"},"content":{"rendered":"","protected":false},"excerpt":{"rendered":"","protected":false},"author":2,"featured_media":0,"parent":0,"menu_order":0,"comment_status":"closed","ping_status":"closed","template":"","meta":{"_acf_changed":false,"_relevanssi_hide_post":"","_relevanssi_hide_content":"","_relevanssi_pin_for_all":"","_relevanssi_pin_keywords":"","_relevanssi_unpin_keywords":"","_relevanssi_related_keywords":"","_relevanssi_related_include_ids":"","_relevanssi_related_exclude_ids":"","_relevanssi_related_no_append":"","_relevanssi_related_not_related":"","_relevanssi_related_posts":"","_relevanssi_noindex_reason":""},"class_list":["post-39","page","type-page","status-publish","hentry"],"acf":{"details":{"description":"","image":""},"page_layout":[{"acf_fc_layout":"layout_wysiwyg","_acfe_flexible_toggle":"","component_wysiwyg":{"columns":"one","header":"","content":"<h3>Ankouraje sante mantal nan kominote nou yo ak nan espas travay nou an<\/h3>\r\n<span style=\"font-weight: 400;\">Angajman nou ak konpasyon nou pou kominote nou an k\u00f2manse av\u00e8k yon anviwonman travay kote plis pase 500 anplwaye nou yo trete av\u00e8k diyite ak resp\u00e8. &quot;Pran swen moun k ap bay swen an&quot; enp\u00f2tan anpil pou travay nou an, epi nou toujou ap eksplore ak prezante benefis adisyon\u00e8l, op\u00f2tinite pou koneksyon youn ak l\u00f2t, ak fason inovat\u00e8 nou ka sip\u00f2te kwasans p\u00e8son\u00e8l ak pwofesyon\u00e8l.\u00a0<\/span>\r\n\r\n<span style=\"font-weight: 400;\">Nou fy\u00e8 d\u00e8ske nou se yon moun k ap resevwa plizy\u00e8 ane Mental Health America&#039;s Platinum Bell Seal for Workplace Mental Health, yon distenksyon ki rekon\u00e8t Greater Mental Health of New York k\u00f2m yon anplway\u00e8 ki f\u00e8 ef\u00f2 pou kreye yon espas travay ki an sante mantal kote anplwaye yo santi yo apresye, sip\u00f2te. , san danje, ak respekte.&nbsp;<\/span>","content_2":""}},{"acf_fc_layout":"layout_banners","_acfe_flexible_toggle":"","component_banners":{"statement":"Join our team of passionate and caring staff who are dedicated to promoting mental&nbsp;health.","button":{"title":"Explore Job Openings","url":"https:\/\/workforcenow.adp.com\/mascsr\/default\/mdf\/recruitment\/recruitment.html?cid=7fceb6d1-01f1-4a56-a7dc-f548b6c213d8&ccId=19000101_000001&lang=en_US&selectedMenuKey=CareerCenter","target":""},"quote":"Every day I am here at Greater Mental Health of New York, I remember what I love to do and what I do&nbsp;best.","name":"Poukisa pi gwo sante mantal?","title_role":"","image":""}},{"acf_fc_layout":"layout_three_col_callout","_acfe_flexible_toggle":"","component_three_col_callout":{"title":"Poto nou yo","subcopy":"","background":"grey","columns":[{"image":"","title":"Person-Centered","subcopy":"We use evidence-based practices to incorporate each individual\u2019s needs, goals, and decisions into treatment plans to increase success. We encourage an individual\u2019s independence and self-sufficiency through connection with community-based supports.","link":""},{"image":"","title":"Trauma-Informed","subcopy":"Our practice recognizes the widespread impact of trauma in our society and its effects on individuals\u2019 physical, mental, emotional, and social wellness journeys. With this in mind, we work to promote growth, resiliency, and recovery while not causing further harm. ","link":""},{"image":"","title":"Recovery-Oriented","subcopy":"Recovery is possible, and it looks different for everyone. Assisting individuals in defining their personal recovery goals and supporting their progress towards them is the basis of our work.","link":""}]}},{"acf_fc_layout":"layout_image","_acfe_flexible_toggle":"","component_image":{"image":1063,"helper_width":"wide"}},{"acf_fc_layout":"layout_wysiwyg","_acfe_flexible_toggle":"","component_wysiwyg":{"columns":"two","header":"Our Workplace","content":"<h5>Benefis<\/h5>\r\n<span style=\"font-weight: 400;\">Nou ankouraje yon kilti enklizivite l\u00e8 nou rekon\u00e8t ak apresye diferan bezwen anplwaye yo ak fanmi yo. Nou ofri sal\u00e8 konpetitif ak opsyon swen sante, pwogram balans lavi, plan retr\u00e8t solid ak kontribisyon anplway\u00e8, devlopman pwofesyon\u00e8l, inisyativ byenn\u00e8t, ak or\u00e8 travay fleksib. Pake benefis nou an sip\u00f2te byenn\u00e8t total anplwaye yo l\u00e8 yo ede yo vin pi bon ak pi pwodiktif yo.<\/span>\r\n\r\n&nbsp;\r\n<h5>Div\u00e8site, Ekite, Enklizyon, ak Imilite<\/h5>\r\n<span style=\"font-weight: 400;\">Nan Greater Mental Health of New York, Div\u00e8site, Ekite, Enklizyon ak Imilite se rekon\u00e8t, respekte, apresye epi, otantikman valorize diferans yo pandan y ap ankouraje yon anviwonman jis ak aks\u00e8 a op\u00f2tinite ki envite, enklizif ak ouv\u00e8 a aprantisaj ak amelyorasyon kontiny\u00e8l. Komite Konpetans ak Imilite Kiltir\u00e8l nou an (CCHC) asire ke travay div\u00e8site, ekite, enklizyon ak imilite yo se, epi rete, nan sant travay nou f\u00e8 nan Greater Mental Health of New York k\u00f2m yon ajans, k\u00f2t a k\u00f2t. ak livrezon s\u00e8vis bon jan kalite.&nbsp;<\/span>","content_2":"<h5>Flexibility<\/h5>\r\n<span style=\"font-weight: 400;\">At Greater Mental Health of New York, we prioritize the well-being of our employees and their families. With our range of flexible work schedules available for multiple positions, we pride ourselves on being one of the most family-friendly places to work. Whether you\u2019re pursuing higher education or seeking a better integration of work and personal life, our flexible options ensure that you can thrive both personally and professionally.<\/span>\r\n\r\n&nbsp;\r\n<h5>Growth Opportunities<\/h5>\r\n<span style=\"font-weight: 400;\">We cultivate a professional, yet personable working environment with room for career development and personal growth. We offer a variety of free continuing education opportunities to support the professional development of Licensed Master Social Workers (LMSW), Licensed Clinical Social Workers (LCSW), Licensed Mental Health Counselors (LMHC), and Psychologists&nbsp;(PsyD).\u00a0<\/span>"}},{"acf_fc_layout":"layout_wysiwyg","_acfe_flexible_toggle":"","component_wysiwyg":{"columns":"one","header":"Our Workplace","content":"<i><span style=\"font-weight: 400;\">Greater Mental Health of New York akeyi aplikasyon ki baze s\u00e8lman sou kalifikasyon yon aplikan. Nou konsidere aplikan pou tout pozisyon yo san konsiderasyon ras, koul\u00e8, relijyon, s\u00e8ks, orijin nasyonal, laj, estati sivil oswa veteran, oryantasyon seksy\u00e8l oswa andikap oswa nenp\u00f2t l\u00f2t sitiyasyon legalman pwoteje. Resp\u00e8 ak op\u00f2tinite egal ap aplike pou tout moun. Demonstrasyon konesans, ladr\u00e8s ak kapasite pou f\u00e8 yon travay av\u00e8k siks\u00e8 se konsiderasyon prensipal nan chwazi yon kandida pou travay.&nbsp;<\/span><\/i>","content_2":"<h5>Flexibility<\/h5>\r\n<span style=\"font-weight: 400;\">At Greater Mental Health of New York, we prioritize the well-being of our employees and their families. With our range of flexible work schedules available for multiple positions, we pride ourselves on being one of the most family-friendly places to work. Whether you\u2019re pursuing higher education or seeking a better integration of work and personal life, our flexible options ensure that you can thrive both personally and professionally.<\/span>\r\n<h5>Growth Opportunities<\/h5>\r\n<span style=\"font-weight: 400;\">We cultivate a professional, yet personable working environment with room for career development and personal growth. We offer a variety of free continuing education opportunities to support the professional development of Licensed Master Social Workers (LMSW), Licensed Clinical Social Workers (LCSW), Licensed Mental Health Counselors (LMHC), and Psychologists (PsyD). We also offer opportunities for tuition reimbursement, helping staff members continue to gain knowledge that will support their careers and those they&nbsp;serve.<\/span>"}}]},"yoast_head":"<!-- This site is optimized with the Yoast SEO plugin v27.3 - https:\/\/yoast.com\/product\/yoast-seo-wordpress\/ -->\n<title>Careers &#8212; Greater Mental Health of New York<\/title>\n<meta name=\"robots\" content=\"index, follow, max-snippet:-1, max-image-preview:large, max-video-preview:-1\" \/>\n<link rel=\"canonical\" href=\"https:\/\/greatermentalhealth.org\/ht\/careers\/\" \/>\n<meta property=\"og:locale\" content=\"ht_HT\" \/>\n<meta property=\"og:type\" content=\"article\" \/>\n<meta property=\"og:title\" content=\"Careers &#8212; Greater Mental Health of New York\" \/>\n<meta property=\"og:url\" content=\"https:\/\/greatermentalhealth.org\/ht\/careers\/\" \/>\n<meta property=\"og:site_name\" content=\"Greater Mental Health of New York\" \/>\n<meta property=\"article:publisher\" content=\"https:\/\/www.facebook.com\/greatermentalhealth\" \/>\n<meta property=\"article:modified_time\" content=\"2024-06-11T17:21:58+00:00\" \/>\n<meta property=\"og:image\" content=\"https:\/\/greatermentalhealth.org\/wp-content\/uploads\/2023\/12\/greater-mental-health-share.jpg\" \/>\n\t<meta property=\"og:image:width\" content=\"1200\" \/>\n\t<meta property=\"og:image:height\" content=\"630\" \/>\n\t<meta property=\"og:image:type\" content=\"image\/jpeg\" \/>\n<meta name=\"twitter:card\" content=\"summary_large_image\" \/>\n<meta name=\"twitter:label1\" content=\"Est. reading time\" \/>\n\t<meta name=\"twitter:data1\" content=\"4 minutes\" \/>\n<script type=\"application\/ld+json\" class=\"yoast-schema-graph\">{\"@context\":\"https:\\\/\\\/schema.org\",\"@graph\":[{\"@type\":\"WebPage\",\"@id\":\"https:\\\/\\\/greatermentalhealth.org\\\/careers\\\/\",\"url\":\"https:\\\/\\\/greatermentalhealth.org\\\/careers\\\/\",\"name\":\"Careers &#8212; Greater Mental Health of New York\",\"isPartOf\":{\"@id\":\"https:\\\/\\\/greatermentalhealth.org\\\/#website\"},\"datePublished\":\"2023-12-01T02:45:18+00:00\",\"dateModified\":\"2024-06-11T17:21:58+00:00\",\"breadcrumb\":{\"@id\":\"https:\\\/\\\/greatermentalhealth.org\\\/careers\\\/#breadcrumb\"},\"inLanguage\":\"ht\",\"potentialAction\":[{\"@type\":\"ReadAction\",\"target\":[\"https:\\\/\\\/greatermentalhealth.org\\\/careers\\\/\"]}]},{\"@type\":\"BreadcrumbList\",\"@id\":\"https:\\\/\\\/greatermentalhealth.org\\\/careers\\\/#breadcrumb\",\"itemListElement\":[{\"@type\":\"ListItem\",\"position\":1,\"name\":\"Home\",\"item\":\"https:\\\/\\\/greatermentalhealth.org\\\/\"},{\"@type\":\"ListItem\",\"position\":2,\"name\":\"Careers\"}]},{\"@type\":\"WebSite\",\"@id\":\"https:\\\/\\\/greatermentalhealth.org\\\/#website\",\"url\":\"https:\\\/\\\/greatermentalhealth.org\\\/\",\"name\":\"Greater Mental Health of New York\",\"description\":\"We promote mental health through advocacy, community education and direct services.\",\"publisher\":{\"@id\":\"https:\\\/\\\/greatermentalhealth.org\\\/#organization\"},\"alternateName\":\"Greater Mental Health\",\"potentialAction\":[{\"@type\":\"SearchAction\",\"target\":{\"@type\":\"EntryPoint\",\"urlTemplate\":\"https:\\\/\\\/greatermentalhealth.org\\\/?s={search_term_string}\"},\"query-input\":{\"@type\":\"PropertyValueSpecification\",\"valueRequired\":true,\"valueName\":\"search_term_string\"}}],\"inLanguage\":\"ht\"},{\"@type\":\"Organization\",\"@id\":\"https:\\\/\\\/greatermentalhealth.org\\\/#organization\",\"name\":\"Greater Mental Health of New York\",\"alternateName\":\"Greater Mental Health\",\"url\":\"https:\\\/\\\/greatermentalhealth.org\\\/\",\"logo\":{\"@type\":\"ImageObject\",\"inLanguage\":\"ht\",\"@id\":\"https:\\\/\\\/greatermentalhealth.org\\\/#\\\/schema\\\/logo\\\/image\\\/\",\"url\":\"https:\\\/\\\/greatermentalhealth.org\\\/wp-content\\\/uploads\\\/2024\\\/06\\\/Classic.png\",\"contentUrl\":\"https:\\\/\\\/greatermentalhealth.org\\\/wp-content\\\/uploads\\\/2024\\\/06\\\/Classic.png\",\"width\":3375,\"height\":3375,\"caption\":\"Greater Mental Health of New York\"},\"image\":{\"@id\":\"https:\\\/\\\/greatermentalhealth.org\\\/#\\\/schema\\\/logo\\\/image\\\/\"},\"sameAs\":[\"https:\\\/\\\/www.facebook.com\\\/greatermentalhealth\",\"https:\\\/\\\/www.instagram.com\\\/greatermentalhealth\\\/\",\"https:\\\/\\\/www.linkedin.com\\\/company\\\/greatermentalhealth\\\/\"]}]}<\/script>\n<!-- \/ Yoast SEO plugin. -->","yoast_head_json":{"title":"Careers &#8212; Greater Mental Health of New York","robots":{"index":"index","follow":"follow","max-snippet":"max-snippet:-1","max-image-preview":"max-image-preview:large","max-video-preview":"max-video-preview:-1"},"canonical":"https:\/\/greatermentalhealth.org\/ht\/careers\/","og_locale":"ht_HT","og_type":"article","og_title":"Careers &#8212; Greater Mental Health of New York","og_url":"https:\/\/greatermentalhealth.org\/ht\/careers\/","og_site_name":"Greater Mental Health of New York","article_publisher":"https:\/\/www.facebook.com\/greatermentalhealth","article_modified_time":"2024-06-11T17:21:58+00:00","og_image":[{"width":1200,"height":630,"url":"https:\/\/greatermentalhealth.org\/wp-content\/uploads\/2023\/12\/greater-mental-health-share.jpg","type":"image\/jpeg"}],"twitter_card":"summary_large_image","twitter_misc":{"Est. reading time":"4 minutes"},"schema":{"@context":"https:\/\/schema.org","@graph":[{"@type":"WebPage","@id":"https:\/\/greatermentalhealth.org\/careers\/","url":"https:\/\/greatermentalhealth.org\/careers\/","name":"Careers &#8212; Greater Mental Health of New York","isPartOf":{"@id":"https:\/\/greatermentalhealth.org\/#website"},"datePublished":"2023-12-01T02:45:18+00:00","dateModified":"2024-06-11T17:21:58+00:00","breadcrumb":{"@id":"https:\/\/greatermentalhealth.org\/careers\/#breadcrumb"},"inLanguage":"ht","potentialAction":[{"@type":"ReadAction","target":["https:\/\/greatermentalhealth.org\/careers\/"]}]},{"@type":"BreadcrumbList","@id":"https:\/\/greatermentalhealth.org\/careers\/#breadcrumb","itemListElement":[{"@type":"ListItem","position":1,"name":"Home","item":"https:\/\/greatermentalhealth.org\/"},{"@type":"ListItem","position":2,"name":"Careers"}]},{"@type":"WebSite","@id":"https:\/\/greatermentalhealth.org\/#website","url":"https:\/\/greatermentalhealth.org\/","name":"Greater Mental Health of New York","description":"Nou ankouraje sante mantal atrav\u00e8 defans, edikasyon kominot\u00e8 ak s\u00e8vis dir\u00e8k.","publisher":{"@id":"https:\/\/greatermentalhealth.org\/#organization"},"alternateName":"Greater Mental Health","potentialAction":[{"@type":"SearchAction","target":{"@type":"EntryPoint","urlTemplate":"https:\/\/greatermentalhealth.org\/?s={search_term_string}"},"query-input":{"@type":"PropertyValueSpecification","valueRequired":true,"valueName":"search_term_string"}}],"inLanguage":"ht"},{"@type":"Organization","@id":"https:\/\/greatermentalhealth.org\/#organization","name":"Greater Mental Health of New York","alternateName":"Greater Mental Health","url":"https:\/\/greatermentalhealth.org\/","logo":{"@type":"ImageObject","inLanguage":"ht","@id":"https:\/\/greatermentalhealth.org\/#\/schema\/logo\/image\/","url":"https:\/\/greatermentalhealth.org\/wp-content\/uploads\/2024\/06\/Classic.png","contentUrl":"https:\/\/greatermentalhealth.org\/wp-content\/uploads\/2024\/06\/Classic.png","width":3375,"height":3375,"caption":"Greater Mental Health of New York"},"image":{"@id":"https:\/\/greatermentalhealth.org\/#\/schema\/logo\/image\/"},"sameAs":["https:\/\/www.facebook.com\/greatermentalhealth","https:\/\/www.instagram.com\/greatermentalhealth\/","https:\/\/www.linkedin.com\/company\/greatermentalhealth\/"]}]}},"_links":{"self":[{"href":"https:\/\/greatermentalhealth.org\/ht\/wp-json\/wp\/v2\/pages\/39","targetHints":{"allow":["GET"]}}],"collection":[{"href":"https:\/\/greatermentalhealth.org\/ht\/wp-json\/wp\/v2\/pages"}],"about":[{"href":"https:\/\/greatermentalhealth.org\/ht\/wp-json\/wp\/v2\/types\/page"}],"author":[{"embeddable":true,"href":"https:\/\/greatermentalhealth.org\/ht\/wp-json\/wp\/v2\/users\/2"}],"replies":[{"embeddable":true,"href":"https:\/\/greatermentalhealth.org\/ht\/wp-json\/wp\/v2\/comments?post=39"}],"version-history":[{"count":0,"href":"https:\/\/greatermentalhealth.org\/ht\/wp-json\/wp\/v2\/pages\/39\/revisions"}],"wp:attachment":[{"href":"https:\/\/greatermentalhealth.org\/ht\/wp-json\/wp\/v2\/media?parent=39"}],"curies":[{"name":"wp","href":"https:\/\/api.w.org\/{rel}","templated":true}]}}