{"id":1471,"date":"2024-09-23T09:33:49","date_gmt":"2024-09-23T13:33:49","guid":{"rendered":"https:\/\/greatermentalhealth.org\/?page_id=1471"},"modified":"2024-10-29T16:43:12","modified_gmt":"2024-10-29T20:43:12","slug":"pfac","status":"publish","type":"page","link":"https:\/\/greatermentalhealth.org\/ht\/pfac\/","title":{"rendered":"Peer and Family Advisory Council (PFAC)"},"content":{"rendered":"","protected":false},"excerpt":{"rendered":"","protected":false},"author":7,"featured_media":0,"parent":0,"menu_order":0,"comment_status":"closed","ping_status":"closed","template":"","meta":{"_acf_changed":false,"_relevanssi_hide_post":"","_relevanssi_hide_content":"","_relevanssi_pin_for_all":"","_relevanssi_pin_keywords":"","_relevanssi_unpin_keywords":"","_relevanssi_related_keywords":"","_relevanssi_related_include_ids":"","_relevanssi_related_exclude_ids":"","_relevanssi_related_no_append":"","_relevanssi_related_not_related":"","_relevanssi_related_posts":"","_relevanssi_noindex_reason":""},"class_list":["post-1471","page","type-page","status-publish","hentry"],"acf":{"details":{"description":"","image":""},"page_layout":[{"acf_fc_layout":"component_page_intro","_acfe_flexible_toggle":"","component_page_intro":{"short_title":"Overview","copy":"Your voice matters and we\u2019re here to listen. Greater Mental Health of New York's Peer and Family Advisory Council was created to ensure that the voices of all participants of Greater Mental Health of New York services are heard in all areas of their treatment and recovery. The Peer and Family Advisory Council works in partnership with participants of our services, families, Greater Mental Health staff and board members.\r\n\r\nParticipants who wish to participate will be invited to monthly meetings along with other members of the Greater Mental Health community. By creating a collaborative environment between providers and participants, we hope to encourage individuals to share their experiences with Greater Mental Health, advocate for other individuals or families enrolled in our services, and learn more about the different initiatives and programs in the&nbsp;agency.","show_sidebar":true,"sidebar":{"label":"reach out today","image":"","name":"Raquelle Kolodny, LMHC, NYCPS","title_role":"Coordinator of Integrated Services","text":"Reach out today at&nbsp;914&#8209;330&#8209;4666.","links":null}}},{"acf_fc_layout":"layout_image_and_text","_acfe_flexible_toggle":"","component_image_and_text":{"image":1061,"heading":"Get Involved Today.","description":"Reach out to our team today to learn more about how you can get involved in our Peer and Family Advisory&nbsp;Council.","button":{"title":"Contact Us Today","url":"https:\/\/greatermentalhealth.org\/contact-us\/#gform_wrapper_1","target":""},"alignment":"","color":"-cs:d1 -cs:i"}}]},"yoast_head":"<!-- This site is optimized with the Yoast SEO plugin v27.3 - https:\/\/yoast.com\/product\/yoast-seo-wordpress\/ -->\n<title>Peer and Family Advisory Council (PFAC) &#8212; Greater Mental Health of New York<\/title>\n<meta name=\"robots\" content=\"index, follow, max-snippet:-1, max-image-preview:large, max-video-preview:-1\" \/>\n<link rel=\"canonical\" href=\"https:\/\/greatermentalhealth.org\/ht\/pfac\/\" \/>\n<meta property=\"og:locale\" content=\"ht_HT\" \/>\n<meta property=\"og:type\" content=\"article\" \/>\n<meta property=\"og:title\" content=\"Peer and Family Advisory Council (PFAC) &#8212; Greater Mental Health of New York\" \/>\n<meta property=\"og:url\" content=\"https:\/\/greatermentalhealth.org\/ht\/pfac\/\" \/>\n<meta property=\"og:site_name\" content=\"Greater Mental Health of New York\" \/>\n<meta property=\"article:publisher\" content=\"https:\/\/www.facebook.com\/greatermentalhealth\" \/>\n<meta property=\"article:modified_time\" content=\"2024-10-29T20:43:12+00:00\" \/>\n<meta property=\"og:image\" content=\"https:\/\/greatermentalhealth.org\/wp-content\/uploads\/2023\/12\/greater-mental-health-share.jpg\" \/>\n\t<meta property=\"og:image:width\" content=\"1200\" \/>\n\t<meta property=\"og:image:height\" content=\"630\" \/>\n\t<meta property=\"og:image:type\" content=\"image\/jpeg\" \/>\n<meta name=\"twitter:card\" content=\"summary_large_image\" \/>\n<meta name=\"twitter:label1\" content=\"Est. reading time\" \/>\n\t<meta name=\"twitter:data1\" content=\"1 minute\" \/>\n<script type=\"application\/ld+json\" class=\"yoast-schema-graph\">{\"@context\":\"https:\\\/\\\/schema.org\",\"@graph\":[{\"@type\":\"WebPage\",\"@id\":\"https:\\\/\\\/greatermentalhealth.org\\\/pfac\\\/\",\"url\":\"https:\\\/\\\/greatermentalhealth.org\\\/pfac\\\/\",\"name\":\"Peer and Family Advisory Council (PFAC) &#8212; Greater Mental Health of New York\",\"isPartOf\":{\"@id\":\"https:\\\/\\\/greatermentalhealth.org\\\/#website\"},\"datePublished\":\"2024-09-23T13:33:49+00:00\",\"dateModified\":\"2024-10-29T20:43:12+00:00\",\"breadcrumb\":{\"@id\":\"https:\\\/\\\/greatermentalhealth.org\\\/pfac\\\/#breadcrumb\"},\"inLanguage\":\"ht\",\"potentialAction\":[{\"@type\":\"ReadAction\",\"target\":[\"https:\\\/\\\/greatermentalhealth.org\\\/pfac\\\/\"]}]},{\"@type\":\"BreadcrumbList\",\"@id\":\"https:\\\/\\\/greatermentalhealth.org\\\/pfac\\\/#breadcrumb\",\"itemListElement\":[{\"@type\":\"ListItem\",\"position\":1,\"name\":\"Home\",\"item\":\"https:\\\/\\\/greatermentalhealth.org\\\/\"},{\"@type\":\"ListItem\",\"position\":2,\"name\":\"Peer and Family Advisory Council (PFAC)\"}]},{\"@type\":\"WebSite\",\"@id\":\"https:\\\/\\\/greatermentalhealth.org\\\/#website\",\"url\":\"https:\\\/\\\/greatermentalhealth.org\\\/\",\"name\":\"Greater Mental Health of New York\",\"description\":\"We promote mental health through advocacy, community education and direct services.\",\"publisher\":{\"@id\":\"https:\\\/\\\/greatermentalhealth.org\\\/#organization\"},\"alternateName\":\"Greater Mental Health\",\"potentialAction\":[{\"@type\":\"SearchAction\",\"target\":{\"@type\":\"EntryPoint\",\"urlTemplate\":\"https:\\\/\\\/greatermentalhealth.org\\\/?s={search_term_string}\"},\"query-input\":{\"@type\":\"PropertyValueSpecification\",\"valueRequired\":true,\"valueName\":\"search_term_string\"}}],\"inLanguage\":\"ht\"},{\"@type\":\"Organization\",\"@id\":\"https:\\\/\\\/greatermentalhealth.org\\\/#organization\",\"name\":\"Greater Mental Health of New York\",\"alternateName\":\"Greater Mental Health\",\"url\":\"https:\\\/\\\/greatermentalhealth.org\\\/\",\"logo\":{\"@type\":\"ImageObject\",\"inLanguage\":\"ht\",\"@id\":\"https:\\\/\\\/greatermentalhealth.org\\\/#\\\/schema\\\/logo\\\/image\\\/\",\"url\":\"https:\\\/\\\/greatermentalhealth.org\\\/wp-content\\\/uploads\\\/2024\\\/06\\\/Classic.png\",\"contentUrl\":\"https:\\\/\\\/greatermentalhealth.org\\\/wp-content\\\/uploads\\\/2024\\\/06\\\/Classic.png\",\"width\":3375,\"height\":3375,\"caption\":\"Greater Mental Health of New York\"},\"image\":{\"@id\":\"https:\\\/\\\/greatermentalhealth.org\\\/#\\\/schema\\\/logo\\\/image\\\/\"},\"sameAs\":[\"https:\\\/\\\/www.facebook.com\\\/greatermentalhealth\",\"https:\\\/\\\/www.instagram.com\\\/greatermentalhealth\\\/\",\"https:\\\/\\\/www.linkedin.com\\\/company\\\/greatermentalhealth\\\/\"]}]}<\/script>\n<!-- \/ Yoast SEO plugin. -->","yoast_head_json":{"title":"Peer and Family Advisory Council (PFAC) &#8212; Greater Mental Health of New York","robots":{"index":"index","follow":"follow","max-snippet":"max-snippet:-1","max-image-preview":"max-image-preview:large","max-video-preview":"max-video-preview:-1"},"canonical":"https:\/\/greatermentalhealth.org\/ht\/pfac\/","og_locale":"ht_HT","og_type":"article","og_title":"Peer and Family Advisory Council (PFAC) &#8212; Greater Mental Health of New York","og_url":"https:\/\/greatermentalhealth.org\/ht\/pfac\/","og_site_name":"Greater Mental Health of New York","article_publisher":"https:\/\/www.facebook.com\/greatermentalhealth","article_modified_time":"2024-10-29T20:43:12+00:00","og_image":[{"width":1200,"height":630,"url":"https:\/\/greatermentalhealth.org\/wp-content\/uploads\/2023\/12\/greater-mental-health-share.jpg","type":"image\/jpeg"}],"twitter_card":"summary_large_image","twitter_misc":{"Est. reading time":"1 minute"},"schema":{"@context":"https:\/\/schema.org","@graph":[{"@type":"WebPage","@id":"https:\/\/greatermentalhealth.org\/pfac\/","url":"https:\/\/greatermentalhealth.org\/pfac\/","name":"Peer and Family Advisory Council (PFAC) &#8212; Greater Mental Health of New York","isPartOf":{"@id":"https:\/\/greatermentalhealth.org\/#website"},"datePublished":"2024-09-23T13:33:49+00:00","dateModified":"2024-10-29T20:43:12+00:00","breadcrumb":{"@id":"https:\/\/greatermentalhealth.org\/pfac\/#breadcrumb"},"inLanguage":"ht","potentialAction":[{"@type":"ReadAction","target":["https:\/\/greatermentalhealth.org\/pfac\/"]}]},{"@type":"BreadcrumbList","@id":"https:\/\/greatermentalhealth.org\/pfac\/#breadcrumb","itemListElement":[{"@type":"ListItem","position":1,"name":"Home","item":"https:\/\/greatermentalhealth.org\/"},{"@type":"ListItem","position":2,"name":"Peer and Family Advisory Council (PFAC)"}]},{"@type":"WebSite","@id":"https:\/\/greatermentalhealth.org\/#website","url":"https:\/\/greatermentalhealth.org\/","name":"Greater Mental Health of New York","description":"Nou ankouraje sante mantal atrav\u00e8 defans, edikasyon kominot\u00e8 ak s\u00e8vis dir\u00e8k.","publisher":{"@id":"https:\/\/greatermentalhealth.org\/#organization"},"alternateName":"Greater Mental Health","potentialAction":[{"@type":"SearchAction","target":{"@type":"EntryPoint","urlTemplate":"https:\/\/greatermentalhealth.org\/?s={search_term_string}"},"query-input":{"@type":"PropertyValueSpecification","valueRequired":true,"valueName":"search_term_string"}}],"inLanguage":"ht"},{"@type":"Organization","@id":"https:\/\/greatermentalhealth.org\/#organization","name":"Greater Mental Health of New York","alternateName":"Greater Mental Health","url":"https:\/\/greatermentalhealth.org\/","logo":{"@type":"ImageObject","inLanguage":"ht","@id":"https:\/\/greatermentalhealth.org\/#\/schema\/logo\/image\/","url":"https:\/\/greatermentalhealth.org\/wp-content\/uploads\/2024\/06\/Classic.png","contentUrl":"https:\/\/greatermentalhealth.org\/wp-content\/uploads\/2024\/06\/Classic.png","width":3375,"height":3375,"caption":"Greater Mental Health of New York"},"image":{"@id":"https:\/\/greatermentalhealth.org\/#\/schema\/logo\/image\/"},"sameAs":["https:\/\/www.facebook.com\/greatermentalhealth","https:\/\/www.instagram.com\/greatermentalhealth\/","https:\/\/www.linkedin.com\/company\/greatermentalhealth\/"]}]}},"_links":{"self":[{"href":"https:\/\/greatermentalhealth.org\/ht\/wp-json\/wp\/v2\/pages\/1471","targetHints":{"allow":["GET"]}}],"collection":[{"href":"https:\/\/greatermentalhealth.org\/ht\/wp-json\/wp\/v2\/pages"}],"about":[{"href":"https:\/\/greatermentalhealth.org\/ht\/wp-json\/wp\/v2\/types\/page"}],"author":[{"embeddable":true,"href":"https:\/\/greatermentalhealth.org\/ht\/wp-json\/wp\/v2\/users\/7"}],"replies":[{"embeddable":true,"href":"https:\/\/greatermentalhealth.org\/ht\/wp-json\/wp\/v2\/comments?post=1471"}],"version-history":[{"count":0,"href":"https:\/\/greatermentalhealth.org\/ht\/wp-json\/wp\/v2\/pages\/1471\/revisions"}],"wp:attachment":[{"href":"https:\/\/greatermentalhealth.org\/ht\/wp-json\/wp\/v2\/media?parent=1471"}],"curies":[{"name":"wp","href":"https:\/\/api.w.org\/{rel}","templated":true}]}}