{"id":849,"date":"2024-03-07T14:26:05","date_gmt":"2024-03-07T19:26:05","guid":{"rendered":"https:\/\/greatermentalhealth.org\/?page_id=849"},"modified":"2025-07-14T16:23:27","modified_gmt":"2025-07-14T20:23:27","slug":"impact","status":"publish","type":"page","link":"https:\/\/greatermentalhealth.org\/es\/impact\/","title":{"rendered":"Impacto"},"content":{"rendered":"","protected":false},"excerpt":{"rendered":"","protected":false},"author":7,"featured_media":0,"parent":0,"menu_order":0,"comment_status":"closed","ping_status":"closed","template":"","meta":{"_acf_changed":false,"_relevanssi_hide_post":"","_relevanssi_hide_content":"","_relevanssi_pin_for_all":"","_relevanssi_pin_keywords":"","_relevanssi_unpin_keywords":"","_relevanssi_related_keywords":"","_relevanssi_related_include_ids":"","_relevanssi_related_exclude_ids":"","_relevanssi_related_no_append":"","_relevanssi_related_not_related":"","_relevanssi_related_posts":"","_relevanssi_noindex_reason":""},"class_list":["post-849","page","type-page","status-publish","hentry"],"acf":{"hero":{"header":"Impact","subheader":"For over 75 years, Greater Mental Health of New York has been providing services, resources, and educational opportunities so that individuals and families within our community can build resilience on their journeys to recovery. Below, meet community members who recently engaged in Greater Mental Health services and learn about the positive impact our work has had on their paths.","image":""},"page_layout":[{"acf_fc_layout":"layout_donate_banner","_acfe_flexible_toggle":"","component_donate_banner":{"header":"Our work makes a true impact - and so does your support. Browse our new Impact Report to learn how together we are changing lives, and saving lives.","cta":{"title":"Impact Report 2024-2025","url":"https:\/\/greatermentalhealth.org\/wp-content\/uploads\/2025\/07\/ImpactReport2025.pdf","target":""},"secondary_cta":""}},{"acf_fc_layout":"layout_image_and_text","_acfe_flexible_toggle":"","component_image_and_text":{"image":1111,"heading":"\u201cI\u2019ve quit so many other therapeutic relationships and activities, but it\u2019s different at Sterling. I trust everyone here, and I\u2019m much more comfortable with the support I receive.\u201d","description":"Bryan*, un joven con un diagn\u00f3stico dual, inicialmente se sinti\u00f3 inseguro en nuestro Centro Comunitario Sterling. Asist\u00eda espor\u00e1dicamente y rara vez interactuaba con sus compa\u00f1eros o el personal. Durante una sesi\u00f3n grupal, Bryan comparti\u00f3 pensamientos sobre ideas suicidas. Cuando el facilitador le pidi\u00f3 que hablara uno a uno despu\u00e9s de que terminara el grupo, Bryan se abri\u00f3 m\u00e1s. Ayudamos a Bryan a desarrollar un plan de seguridad detallado, al que \u00e9l atribuye haber mejorado su vida diaria. Con el apoyo de su especialista en recuperaci\u00f3n y de sus compa\u00f1eros participantes, ahora se siente m\u00e1s c\u00f3modo compartiendo sus luchas y esperanzas. Bryan aument\u00f3 significativamente su asistencia a Sterling hasta que comenz\u00f3 la universidad el oto\u00f1o pasado. Aunque sus clases ocupan gran parte de su tiempo, contin\u00faa trabajando con su especialista en recuperaci\u00f3n y mantiene pr\u00f3speras sus conexiones a trav\u00e9s de varios grupos.","button":{"title":"Learn More About SCC","url":"https:\/\/greatermentalhealth.org\/scc\/","target":""},"alignment":"-flip","color":"-cs:d1 -cs:i"}},{"acf_fc_layout":"layout_image_and_text","_acfe_flexible_toggle":"","component_image_and_text":{"image":1110,"heading":"\u201cI really trust my INSET Peer, and I know I can always count on her \u2013 even when others have let me down.\u201d","description":"En un hospital psiqui\u00e1trico para pacientes internados, Henry* conoci\u00f3 a un especialista en salud mental mientras se preparaba para la transici\u00f3n de regreso al sistema de refugios. Al enfrentar desaf\u00edos debido a una larga historia de encarcelamiento y una etiqueta de &quot;alto riesgo&quot;, dud\u00f3 en comprometerse formalmente con nuestro Equipo de Participaci\u00f3n Intensiva y Sostenida (INSET). Sin embargo, pidi\u00f3 al especialista que asistiera con \u00e9l a las audiencias judiciales. Despu\u00e9s de dos meses de apoyo constante, Henry se uni\u00f3 oficialmente al programa. Un a\u00f1o despu\u00e9s, contin\u00faa reuni\u00e9ndose semanalmente con su par especialista, enfocado en evitar el encarcelamiento y crear un futuro positivo. Asisten juntos a la corte y trabajan para borrar los registros de Henry para mejorar el acceso a la vivienda.","button":{"title":"Learn More About INSET","url":"https:\/\/greatermentalhealth.org\/inset\/","target":""},"alignment":"","color":"-cs:b3 -cs:i"}},{"acf_fc_layout":"layout_image_and_text","_acfe_flexible_toggle":"","component_image_and_text":{"image":1109,"heading":"\u201cI wouldn\u2019t be here today if it wasn\u2019t for you. You are a true blessing.\u201d","description":"Despu\u00e9s de que una disminuci\u00f3n en su movilidad f\u00edsica dej\u00f3 a Diane* incapaz de continuar trabajando en su campo, se conect\u00f3 con nuestros Servicios de Empleo para reevaluar sus objetivos profesionales. Una especialista en empleo, reconociendo su gran pasi\u00f3n por apoyar a los dem\u00e1s y sus experiencias personales con problemas de salud mental, sugiri\u00f3 una carrera como especialista en pares como un pr\u00f3ximo cap\u00edtulo gratificante. Cuando un problema de salud significativo e inesperado le oblig\u00f3 a asistir a una entrevista de trabajo en silla de ruedas, su especialista en empleo y su administrador de atenci\u00f3n trabajaron juntos para comprarle varios conjuntos nuevos listos para la entrevista. El compromiso de Diane con su futuro como especialista en pares sigue siendo inquebrantable. Incluso cuando surgen problemas m\u00e9dicos adicionales, ella contin\u00faa con su trabajo de capacitaci\u00f3n y certificaci\u00f3n.","button":{"title":"Learn More About Employment Services","url":"https:\/\/greatermentalhealth.org\/employment-services\/","target":""},"alignment":"-flip","color":"-cs:d1 -cs:i"}},{"acf_fc_layout":"layout_donate_banner","_acfe_flexible_toggle":"","component_donate_banner":{"header":"Supporting individuals as they help themselves, their families, and their communities find strength.","cta":{"title":"Give Today","url":"https:\/\/greatermentalhealth.org\/donate\/","target":""},"secondary_cta":""}}]},"yoast_head":"<!-- This site is optimized with the Yoast SEO plugin v27.3 - https:\/\/yoast.com\/product\/yoast-seo-wordpress\/ -->\n<title>Impact &#8212; Greater Mental Health of New York<\/title>\n<meta name=\"robots\" content=\"index, follow, max-snippet:-1, max-image-preview:large, max-video-preview:-1\" \/>\n<link rel=\"canonical\" href=\"https:\/\/greatermentalhealth.org\/es\/impact\/\" \/>\n<meta property=\"og:locale\" content=\"es_MX\" \/>\n<meta property=\"og:type\" content=\"article\" \/>\n<meta property=\"og:title\" content=\"Impact &#8212; Greater Mental Health of New York\" \/>\n<meta property=\"og:url\" content=\"https:\/\/greatermentalhealth.org\/es\/impact\/\" \/>\n<meta property=\"og:site_name\" content=\"Greater Mental Health of New York\" \/>\n<meta property=\"article:publisher\" content=\"https:\/\/www.facebook.com\/greatermentalhealth\" \/>\n<meta property=\"article:modified_time\" content=\"2025-07-14T20:23:27+00:00\" \/>\n<meta property=\"og:image\" content=\"https:\/\/greatermentalhealth.org\/wp-content\/uploads\/2023\/12\/greater-mental-health-share.jpg\" \/>\n\t<meta property=\"og:image:width\" content=\"1200\" \/>\n\t<meta property=\"og:image:height\" content=\"630\" \/>\n\t<meta property=\"og:image:type\" content=\"image\/jpeg\" \/>\n<meta name=\"twitter:card\" content=\"summary_large_image\" \/>\n<meta name=\"twitter:label1\" content=\"Est. reading time\" \/>\n\t<meta name=\"twitter:data1\" content=\"3 minutes\" \/>\n<script type=\"application\/ld+json\" class=\"yoast-schema-graph\">{\"@context\":\"https:\\\/\\\/schema.org\",\"@graph\":[{\"@type\":\"WebPage\",\"@id\":\"https:\\\/\\\/greatermentalhealth.org\\\/impact\\\/\",\"url\":\"https:\\\/\\\/greatermentalhealth.org\\\/impact\\\/\",\"name\":\"Impact &#8212; Greater Mental Health of New York\",\"isPartOf\":{\"@id\":\"https:\\\/\\\/greatermentalhealth.org\\\/#website\"},\"datePublished\":\"2024-03-07T19:26:05+00:00\",\"dateModified\":\"2025-07-14T20:23:27+00:00\",\"breadcrumb\":{\"@id\":\"https:\\\/\\\/greatermentalhealth.org\\\/impact\\\/#breadcrumb\"},\"inLanguage\":\"es-MX\",\"potentialAction\":[{\"@type\":\"ReadAction\",\"target\":[\"https:\\\/\\\/greatermentalhealth.org\\\/impact\\\/\"]}]},{\"@type\":\"BreadcrumbList\",\"@id\":\"https:\\\/\\\/greatermentalhealth.org\\\/impact\\\/#breadcrumb\",\"itemListElement\":[{\"@type\":\"ListItem\",\"position\":1,\"name\":\"Home\",\"item\":\"https:\\\/\\\/greatermentalhealth.org\\\/\"},{\"@type\":\"ListItem\",\"position\":2,\"name\":\"Impact\"}]},{\"@type\":\"WebSite\",\"@id\":\"https:\\\/\\\/greatermentalhealth.org\\\/#website\",\"url\":\"https:\\\/\\\/greatermentalhealth.org\\\/\",\"name\":\"Greater Mental Health of New York\",\"description\":\"We promote mental health through advocacy, community education and direct services.\",\"publisher\":{\"@id\":\"https:\\\/\\\/greatermentalhealth.org\\\/#organization\"},\"alternateName\":\"Greater Mental Health\",\"potentialAction\":[{\"@type\":\"SearchAction\",\"target\":{\"@type\":\"EntryPoint\",\"urlTemplate\":\"https:\\\/\\\/greatermentalhealth.org\\\/?s={search_term_string}\"},\"query-input\":{\"@type\":\"PropertyValueSpecification\",\"valueRequired\":true,\"valueName\":\"search_term_string\"}}],\"inLanguage\":\"es-MX\"},{\"@type\":\"Organization\",\"@id\":\"https:\\\/\\\/greatermentalhealth.org\\\/#organization\",\"name\":\"Greater Mental Health of New York\",\"alternateName\":\"Greater Mental Health\",\"url\":\"https:\\\/\\\/greatermentalhealth.org\\\/\",\"logo\":{\"@type\":\"ImageObject\",\"inLanguage\":\"es-MX\",\"@id\":\"https:\\\/\\\/greatermentalhealth.org\\\/#\\\/schema\\\/logo\\\/image\\\/\",\"url\":\"https:\\\/\\\/greatermentalhealth.org\\\/wp-content\\\/uploads\\\/2024\\\/06\\\/Classic.png\",\"contentUrl\":\"https:\\\/\\\/greatermentalhealth.org\\\/wp-content\\\/uploads\\\/2024\\\/06\\\/Classic.png\",\"width\":3375,\"height\":3375,\"caption\":\"Greater Mental Health of New York\"},\"image\":{\"@id\":\"https:\\\/\\\/greatermentalhealth.org\\\/#\\\/schema\\\/logo\\\/image\\\/\"},\"sameAs\":[\"https:\\\/\\\/www.facebook.com\\\/greatermentalhealth\",\"https:\\\/\\\/www.instagram.com\\\/greatermentalhealth\\\/\",\"https:\\\/\\\/www.linkedin.com\\\/company\\\/greatermentalhealth\\\/\"]}]}<\/script>\n<!-- \/ Yoast SEO plugin. -->","yoast_head_json":{"title":"Impact &#8212; Greater Mental Health of New York","robots":{"index":"index","follow":"follow","max-snippet":"max-snippet:-1","max-image-preview":"max-image-preview:large","max-video-preview":"max-video-preview:-1"},"canonical":"https:\/\/greatermentalhealth.org\/es\/impact\/","og_locale":"es_MX","og_type":"article","og_title":"Impact &#8212; Greater Mental Health of New York","og_url":"https:\/\/greatermentalhealth.org\/es\/impact\/","og_site_name":"Greater Mental Health of New York","article_publisher":"https:\/\/www.facebook.com\/greatermentalhealth","article_modified_time":"2025-07-14T20:23:27+00:00","og_image":[{"width":1200,"height":630,"url":"https:\/\/greatermentalhealth.org\/wp-content\/uploads\/2023\/12\/greater-mental-health-share.jpg","type":"image\/jpeg"}],"twitter_card":"summary_large_image","twitter_misc":{"Est. reading time":"3 minutes"},"schema":{"@context":"https:\/\/schema.org","@graph":[{"@type":"WebPage","@id":"https:\/\/greatermentalhealth.org\/impact\/","url":"https:\/\/greatermentalhealth.org\/impact\/","name":"Impact &#8212; Greater Mental Health of New York","isPartOf":{"@id":"https:\/\/greatermentalhealth.org\/#website"},"datePublished":"2024-03-07T19:26:05+00:00","dateModified":"2025-07-14T20:23:27+00:00","breadcrumb":{"@id":"https:\/\/greatermentalhealth.org\/impact\/#breadcrumb"},"inLanguage":"es-MX","potentialAction":[{"@type":"ReadAction","target":["https:\/\/greatermentalhealth.org\/impact\/"]}]},{"@type":"BreadcrumbList","@id":"https:\/\/greatermentalhealth.org\/impact\/#breadcrumb","itemListElement":[{"@type":"ListItem","position":1,"name":"Home","item":"https:\/\/greatermentalhealth.org\/"},{"@type":"ListItem","position":2,"name":"Impact"}]},{"@type":"WebSite","@id":"https:\/\/greatermentalhealth.org\/#website","url":"https:\/\/greatermentalhealth.org\/","name":"Greater Mental Health of New York","description":"Promovemos la salud mental a trav\u00e9s de la defensa, la educaci\u00f3n comunitaria y los servicios directos.","publisher":{"@id":"https:\/\/greatermentalhealth.org\/#organization"},"alternateName":"Greater Mental Health","potentialAction":[{"@type":"SearchAction","target":{"@type":"EntryPoint","urlTemplate":"https:\/\/greatermentalhealth.org\/?s={search_term_string}"},"query-input":{"@type":"PropertyValueSpecification","valueRequired":true,"valueName":"search_term_string"}}],"inLanguage":"es-MX"},{"@type":"Organization","@id":"https:\/\/greatermentalhealth.org\/#organization","name":"Greater Mental Health of New York","alternateName":"Greater Mental Health","url":"https:\/\/greatermentalhealth.org\/","logo":{"@type":"ImageObject","inLanguage":"es-MX","@id":"https:\/\/greatermentalhealth.org\/#\/schema\/logo\/image\/","url":"https:\/\/greatermentalhealth.org\/wp-content\/uploads\/2024\/06\/Classic.png","contentUrl":"https:\/\/greatermentalhealth.org\/wp-content\/uploads\/2024\/06\/Classic.png","width":3375,"height":3375,"caption":"Greater Mental Health of New York"},"image":{"@id":"https:\/\/greatermentalhealth.org\/#\/schema\/logo\/image\/"},"sameAs":["https:\/\/www.facebook.com\/greatermentalhealth","https:\/\/www.instagram.com\/greatermentalhealth\/","https:\/\/www.linkedin.com\/company\/greatermentalhealth\/"]}]}},"_links":{"self":[{"href":"https:\/\/greatermentalhealth.org\/es\/wp-json\/wp\/v2\/pages\/849","targetHints":{"allow":["GET"]}}],"collection":[{"href":"https:\/\/greatermentalhealth.org\/es\/wp-json\/wp\/v2\/pages"}],"about":[{"href":"https:\/\/greatermentalhealth.org\/es\/wp-json\/wp\/v2\/types\/page"}],"author":[{"embeddable":true,"href":"https:\/\/greatermentalhealth.org\/es\/wp-json\/wp\/v2\/users\/7"}],"replies":[{"embeddable":true,"href":"https:\/\/greatermentalhealth.org\/es\/wp-json\/wp\/v2\/comments?post=849"}],"version-history":[{"count":0,"href":"https:\/\/greatermentalhealth.org\/es\/wp-json\/wp\/v2\/pages\/849\/revisions"}],"wp:attachment":[{"href":"https:\/\/greatermentalhealth.org\/es\/wp-json\/wp\/v2\/media?parent=849"}],"curies":[{"name":"wp","href":"https:\/\/api.w.org\/{rel}","templated":true}]}}