{"id":728,"date":"2024-02-22T13:30:44","date_gmt":"2024-02-22T18:30:44","guid":{"rendered":"https:\/\/greatermentalhealth.org\/?page_id=728"},"modified":"2024-10-30T10:02:43","modified_gmt":"2024-10-30T14:02:43","slug":"mot","status":"publish","type":"page","link":"https:\/\/greatermentalhealth.org\/es\/mot\/","title":{"rendered":"Equipo de extensi\u00f3n m\u00f3vil (MOT)"},"content":{"rendered":"","protected":false},"excerpt":{"rendered":"","protected":false},"author":7,"featured_media":0,"parent":0,"menu_order":0,"comment_status":"closed","ping_status":"closed","template":"","meta":{"_acf_changed":false,"_relevanssi_hide_post":"","_relevanssi_hide_content":"","_relevanssi_pin_for_all":"","_relevanssi_pin_keywords":"","_relevanssi_unpin_keywords":"","_relevanssi_related_keywords":"","_relevanssi_related_include_ids":"","_relevanssi_related_exclude_ids":"","_relevanssi_related_no_append":"","_relevanssi_related_not_related":"","_relevanssi_related_posts":"","_relevanssi_noindex_reason":""},"class_list":["post-728","page","type-page","status-publish","hentry"],"acf":{"hero":{"header":"Mobile Outreach Team (MOT)","subheader":"","image":729},"page_layout":[{"acf_fc_layout":"component_page_intro","_acfe_flexible_toggle":"","component_page_intro":{"short_title":"Overview","copy":"<span style=\"font-weight: 400;\">In partnership with Rockland Psychiatric Center, our Mobile Outreach Team (MOT) supports individuals who are currently in an inpatient mental health setting but beginning their hospital discharge, to help them regain a sense of independence through re-establishing community connections and developing resources, skills and residential supports for living self-directed lives. MOT is personalized to the needs and goals of each individual\u2014allowing for unique and customized&nbsp;support.<\/span>","show_sidebar":true,"sidebar":{"label":"reach out today","image":"","name":"Alyssa Schmidt, LMHC","title_role":"Senior Director of Adult Care Management","text":"Reach out today at 845-267-2172 ext.&nbsp;286.","links":null}}},{"acf_fc_layout":"component_page_intro","_acfe_flexible_toggle":"","component_page_intro":{"short_title":"MOT Services","copy":"<span style=\"font-weight: 400;\">In general, MOT helps people live more independent and self-directed lives, assisting with:\u00a0<\/span>\r\n<ul>\r\n \t<li style=\"font-weight: 400;\" aria-level=\"1\"><span style=\"font-weight: 400;\">Developing daily living skills e.g. shopping, meal preparation, cleaning, personal hygiene, etc<\/span><\/li>\r\n \t<li style=\"font-weight: 400;\" aria-level=\"1\"><span style=\"font-weight: 400;\">Learning public transit or other transportation needs<\/span><\/li>\r\n \t<li style=\"font-weight: 400;\" aria-level=\"1\"><span style=\"font-weight: 400;\">Friendly companionship to reduce isolating tendencies<\/span><\/li>\r\n \t<li style=\"font-weight: 400;\" aria-level=\"1\"><span style=\"font-weight: 400;\">Promoting social connections through day programs and community events<\/span><\/li>\r\n \t<li style=\"font-weight: 400;\" aria-level=\"1\"><span style=\"font-weight: 400;\">Benefits management and other financial needs<\/span><\/li>\r\n \t<li style=\"font-weight: 400;\" aria-level=\"1\"><span style=\"font-weight: 400;\">Providing additional medical and counseling supports<\/span><\/li>\r\n \t<li style=\"font-weight: 400;\" aria-level=\"1\"><span style=\"font-weight: 400;\">Linking to extended services such as Care Management, Vocational Services or ongoing treatment&nbsp;programs<\/span><\/li>\r\n<\/ul>","show_sidebar":false,"sidebar":{"label":"","image":null,"name":"","title_role":"","text":"","links":null}}},{"acf_fc_layout":"layout_image_and_text","_acfe_flexible_toggle":"","component_image_and_text":{"image":36,"heading":"How to access care","description":"El Equipo de Alcance M\u00f3vil (MOT, por sus siglas en ingl\u00e9s) recibe referencias del Centro Psiqui\u00e1trico de Rockland para personas que actualmente est\u00e1n hospitalizadas pero que comienzan su proceso de alta hospitalaria. Para obtener m\u00e1s informaci\u00f3n sobre los servicios MOT, cont\u00e1ctenos.","button":{"title":"Contact Us Today","url":"https:\/\/greatermentalhealth.org\/contact-us\/#gform_wrapper_1","target":""},"alignment":"-flip","color":"-cs:d1 -cs:i"}}]},"yoast_head":"<!-- This site is optimized with the Yoast SEO plugin v27.3 - https:\/\/yoast.com\/product\/yoast-seo-wordpress\/ -->\n<title>Mobile Outreach Team (MOT) &#8212; Greater Mental Health of New York<\/title>\n<meta name=\"robots\" content=\"index, follow, max-snippet:-1, max-image-preview:large, max-video-preview:-1\" \/>\n<link rel=\"canonical\" href=\"https:\/\/greatermentalhealth.org\/es\/mot\/\" \/>\n<meta property=\"og:locale\" content=\"es_MX\" \/>\n<meta property=\"og:type\" content=\"article\" \/>\n<meta property=\"og:title\" content=\"Mobile Outreach Team (MOT) &#8212; Greater Mental Health of New York\" \/>\n<meta property=\"og:url\" content=\"https:\/\/greatermentalhealth.org\/es\/mot\/\" \/>\n<meta property=\"og:site_name\" content=\"Greater Mental Health of New York\" \/>\n<meta property=\"article:publisher\" content=\"https:\/\/www.facebook.com\/greatermentalhealth\" \/>\n<meta property=\"article:modified_time\" content=\"2024-10-30T14:02:43+00:00\" \/>\n<meta property=\"og:image\" content=\"https:\/\/greatermentalhealth.org\/wp-content\/uploads\/2023\/12\/greater-mental-health-share.jpg\" \/>\n\t<meta property=\"og:image:width\" content=\"1200\" \/>\n\t<meta property=\"og:image:height\" content=\"630\" \/>\n\t<meta property=\"og:image:type\" content=\"image\/jpeg\" \/>\n<meta name=\"twitter:card\" content=\"summary_large_image\" \/>\n<meta name=\"twitter:label1\" content=\"Est. reading time\" \/>\n\t<meta name=\"twitter:data1\" content=\"2 minutes\" \/>\n<script type=\"application\/ld+json\" class=\"yoast-schema-graph\">{\"@context\":\"https:\\\/\\\/schema.org\",\"@graph\":[{\"@type\":\"WebPage\",\"@id\":\"https:\\\/\\\/greatermentalhealth.org\\\/mot\\\/\",\"url\":\"https:\\\/\\\/greatermentalhealth.org\\\/mot\\\/\",\"name\":\"Mobile Outreach Team (MOT) &#8212; Greater Mental Health of New York\",\"isPartOf\":{\"@id\":\"https:\\\/\\\/greatermentalhealth.org\\\/#website\"},\"datePublished\":\"2024-02-22T18:30:44+00:00\",\"dateModified\":\"2024-10-30T14:02:43+00:00\",\"breadcrumb\":{\"@id\":\"https:\\\/\\\/greatermentalhealth.org\\\/mot\\\/#breadcrumb\"},\"inLanguage\":\"es-MX\",\"potentialAction\":[{\"@type\":\"ReadAction\",\"target\":[\"https:\\\/\\\/greatermentalhealth.org\\\/mot\\\/\"]}]},{\"@type\":\"BreadcrumbList\",\"@id\":\"https:\\\/\\\/greatermentalhealth.org\\\/mot\\\/#breadcrumb\",\"itemListElement\":[{\"@type\":\"ListItem\",\"position\":1,\"name\":\"Home\",\"item\":\"https:\\\/\\\/greatermentalhealth.org\\\/\"},{\"@type\":\"ListItem\",\"position\":2,\"name\":\"Mobile Outreach Team (MOT)\"}]},{\"@type\":\"WebSite\",\"@id\":\"https:\\\/\\\/greatermentalhealth.org\\\/#website\",\"url\":\"https:\\\/\\\/greatermentalhealth.org\\\/\",\"name\":\"Greater Mental Health of New York\",\"description\":\"We promote mental health through advocacy, community education and direct services.\",\"publisher\":{\"@id\":\"https:\\\/\\\/greatermentalhealth.org\\\/#organization\"},\"alternateName\":\"Greater Mental Health\",\"potentialAction\":[{\"@type\":\"SearchAction\",\"target\":{\"@type\":\"EntryPoint\",\"urlTemplate\":\"https:\\\/\\\/greatermentalhealth.org\\\/?s={search_term_string}\"},\"query-input\":{\"@type\":\"PropertyValueSpecification\",\"valueRequired\":true,\"valueName\":\"search_term_string\"}}],\"inLanguage\":\"es-MX\"},{\"@type\":\"Organization\",\"@id\":\"https:\\\/\\\/greatermentalhealth.org\\\/#organization\",\"name\":\"Greater Mental Health of New York\",\"alternateName\":\"Greater Mental Health\",\"url\":\"https:\\\/\\\/greatermentalhealth.org\\\/\",\"logo\":{\"@type\":\"ImageObject\",\"inLanguage\":\"es-MX\",\"@id\":\"https:\\\/\\\/greatermentalhealth.org\\\/#\\\/schema\\\/logo\\\/image\\\/\",\"url\":\"https:\\\/\\\/greatermentalhealth.org\\\/wp-content\\\/uploads\\\/2024\\\/06\\\/Classic.png\",\"contentUrl\":\"https:\\\/\\\/greatermentalhealth.org\\\/wp-content\\\/uploads\\\/2024\\\/06\\\/Classic.png\",\"width\":3375,\"height\":3375,\"caption\":\"Greater Mental Health of New York\"},\"image\":{\"@id\":\"https:\\\/\\\/greatermentalhealth.org\\\/#\\\/schema\\\/logo\\\/image\\\/\"},\"sameAs\":[\"https:\\\/\\\/www.facebook.com\\\/greatermentalhealth\",\"https:\\\/\\\/www.instagram.com\\\/greatermentalhealth\\\/\",\"https:\\\/\\\/www.linkedin.com\\\/company\\\/greatermentalhealth\\\/\"]}]}<\/script>\n<!-- \/ Yoast SEO plugin. -->","yoast_head_json":{"title":"Mobile Outreach Team (MOT) &#8212; Greater Mental Health of New York","robots":{"index":"index","follow":"follow","max-snippet":"max-snippet:-1","max-image-preview":"max-image-preview:large","max-video-preview":"max-video-preview:-1"},"canonical":"https:\/\/greatermentalhealth.org\/es\/mot\/","og_locale":"es_MX","og_type":"article","og_title":"Mobile Outreach Team (MOT) &#8212; Greater Mental Health of New York","og_url":"https:\/\/greatermentalhealth.org\/es\/mot\/","og_site_name":"Greater Mental Health of New York","article_publisher":"https:\/\/www.facebook.com\/greatermentalhealth","article_modified_time":"2024-10-30T14:02:43+00:00","og_image":[{"width":1200,"height":630,"url":"https:\/\/greatermentalhealth.org\/wp-content\/uploads\/2023\/12\/greater-mental-health-share.jpg","type":"image\/jpeg"}],"twitter_card":"summary_large_image","twitter_misc":{"Est. reading time":"2 minutes"},"schema":{"@context":"https:\/\/schema.org","@graph":[{"@type":"WebPage","@id":"https:\/\/greatermentalhealth.org\/mot\/","url":"https:\/\/greatermentalhealth.org\/mot\/","name":"Mobile Outreach Team (MOT) &#8212; Greater Mental Health of New York","isPartOf":{"@id":"https:\/\/greatermentalhealth.org\/#website"},"datePublished":"2024-02-22T18:30:44+00:00","dateModified":"2024-10-30T14:02:43+00:00","breadcrumb":{"@id":"https:\/\/greatermentalhealth.org\/mot\/#breadcrumb"},"inLanguage":"es-MX","potentialAction":[{"@type":"ReadAction","target":["https:\/\/greatermentalhealth.org\/mot\/"]}]},{"@type":"BreadcrumbList","@id":"https:\/\/greatermentalhealth.org\/mot\/#breadcrumb","itemListElement":[{"@type":"ListItem","position":1,"name":"Home","item":"https:\/\/greatermentalhealth.org\/"},{"@type":"ListItem","position":2,"name":"Mobile Outreach Team (MOT)"}]},{"@type":"WebSite","@id":"https:\/\/greatermentalhealth.org\/#website","url":"https:\/\/greatermentalhealth.org\/","name":"Greater Mental Health of New York","description":"Promovemos la salud mental a trav\u00e9s de la defensa, la educaci\u00f3n comunitaria y los servicios directos.","publisher":{"@id":"https:\/\/greatermentalhealth.org\/#organization"},"alternateName":"Greater Mental Health","potentialAction":[{"@type":"SearchAction","target":{"@type":"EntryPoint","urlTemplate":"https:\/\/greatermentalhealth.org\/?s={search_term_string}"},"query-input":{"@type":"PropertyValueSpecification","valueRequired":true,"valueName":"search_term_string"}}],"inLanguage":"es-MX"},{"@type":"Organization","@id":"https:\/\/greatermentalhealth.org\/#organization","name":"Greater Mental Health of New York","alternateName":"Greater Mental Health","url":"https:\/\/greatermentalhealth.org\/","logo":{"@type":"ImageObject","inLanguage":"es-MX","@id":"https:\/\/greatermentalhealth.org\/#\/schema\/logo\/image\/","url":"https:\/\/greatermentalhealth.org\/wp-content\/uploads\/2024\/06\/Classic.png","contentUrl":"https:\/\/greatermentalhealth.org\/wp-content\/uploads\/2024\/06\/Classic.png","width":3375,"height":3375,"caption":"Greater Mental Health of New York"},"image":{"@id":"https:\/\/greatermentalhealth.org\/#\/schema\/logo\/image\/"},"sameAs":["https:\/\/www.facebook.com\/greatermentalhealth","https:\/\/www.instagram.com\/greatermentalhealth\/","https:\/\/www.linkedin.com\/company\/greatermentalhealth\/"]}]}},"_links":{"self":[{"href":"https:\/\/greatermentalhealth.org\/es\/wp-json\/wp\/v2\/pages\/728","targetHints":{"allow":["GET"]}}],"collection":[{"href":"https:\/\/greatermentalhealth.org\/es\/wp-json\/wp\/v2\/pages"}],"about":[{"href":"https:\/\/greatermentalhealth.org\/es\/wp-json\/wp\/v2\/types\/page"}],"author":[{"embeddable":true,"href":"https:\/\/greatermentalhealth.org\/es\/wp-json\/wp\/v2\/users\/7"}],"replies":[{"embeddable":true,"href":"https:\/\/greatermentalhealth.org\/es\/wp-json\/wp\/v2\/comments?post=728"}],"version-history":[{"count":0,"href":"https:\/\/greatermentalhealth.org\/es\/wp-json\/wp\/v2\/pages\/728\/revisions"}],"wp:attachment":[{"href":"https:\/\/greatermentalhealth.org\/es\/wp-json\/wp\/v2\/media?parent=728"}],"curies":[{"name":"wp","href":"https:\/\/api.w.org\/{rel}","templated":true}]}}