{"id":726,"date":"2024-02-22T12:48:38","date_gmt":"2024-02-22T17:48:38","guid":{"rendered":"https:\/\/greatermentalhealth.org\/?page_id=726"},"modified":"2026-02-26T16:43:18","modified_gmt":"2026-02-26T21:43:18","slug":"compeer","status":"publish","type":"page","link":"https:\/\/greatermentalhealth.org\/es\/compeer\/","title":{"rendered":"Programa de competencia"},"content":{"rendered":"","protected":false},"excerpt":{"rendered":"","protected":false},"author":7,"featured_media":0,"parent":0,"menu_order":0,"comment_status":"closed","ping_status":"closed","template":"","meta":{"_acf_changed":false,"_relevanssi_hide_post":"","_relevanssi_hide_content":"","_relevanssi_pin_for_all":"","_relevanssi_pin_keywords":"","_relevanssi_unpin_keywords":"","_relevanssi_related_keywords":"","_relevanssi_related_include_ids":"","_relevanssi_related_exclude_ids":"","_relevanssi_related_no_append":"","_relevanssi_related_not_related":"","_relevanssi_related_posts":"","_relevanssi_noindex_reason":""},"class_list":["post-726","page","type-page","status-publish","hentry"],"acf":{"hero":{"header":"Compeer Program","subheader":"","image":1071},"page_layout":[{"acf_fc_layout":"component_page_intro","_acfe_flexible_toggle":null,"component_page_intro":{"short_title":"Overview","copy":"<span style=\"font-weight: 400;\">Our Compeer program, a chapter of Compeer International, matches friendly, sociable volunteers with adults in Rockland County who are in sustained recovery for their mental health. The volunteer and their matched Compeer typically take walks, grab a bite to eat, watch a movie, attend an art exhibit, visit the library, go shopping, or catch a sporting event together. Volunteers provide an extra level of positive friendship, support, and social interaction to help their Compeer friends \u2013 and the volunteers themselves \u2013 feel more fulfilled and engaged.&nbsp;<\/span>","show_sidebar":true,"sidebar":{"label":"Contact Us Today","image":"","name":"Kathy Burns","title_role":"Compeer Coordinator","text":"845.825.9536 |&nbsp;burnsk@greatermentalhealth.org","links":[{"link":{"title":"Compeer Referral Form (For Providers)","url":"https:\/\/greatermentalhealth.org\/wp-content\/uploads\/2024\/09\/Compeer-Client-Referral-Application-with-PHI-document.pdf","target":"_blank"}},{"link":{"title":"Compeer Volunteer Application Form","url":"https:\/\/greatermentalhealth.org\/wp-content\/uploads\/2024\/09\/Compeer-Volunteer-Application-Form-2024.pdf","target":"_blank"}}]}}},{"acf_fc_layout":"component_page_intro","_acfe_flexible_toggle":null,"component_page_intro":{"short_title":"Compeer Volunteers","copy":"<span style=\"font-weight: 400;\">Volunteers are essential to our Compeer program. If you are interested in making a commitment to foster better mental health in your community, please do not hesitate to reach out. All training is provided and volunteers commit to a service requirement of 4 hours\/month for at least 1 year.&nbsp;<\/span>","show_sidebar":false,"sidebar":{"label":"","image":null,"name":"","title_role":"","text":"","links":null}}},{"acf_fc_layout":"layout_wysiwyg","_acfe_flexible_toggle":null,"component_wysiwyg":{"columns":"one","header":"","content":"<img class=\"alignnone size-medium wp-image-767\" src=\"https:\/\/greatermentalhealth.org\/wp-content\/uploads\/2024\/02\/Compeer-Logo-300x86.jpg\" alt=\"\" width=\"300\" height=\"86\" \/>\r\n\r\n<em>Greater Mental Health of New York's Compeer Program <\/em><em>es una filial de Compeer International.<\/em>","content_2":""}},{"acf_fc_layout":"layout_banners","_acfe_flexible_toggle":null,"component_banners":{"statement":"More Than Companionship: The Power of Connection in Mental Health&nbsp;Recovery","button":{"title":"Read about Compeer from participants who have been involved with the program for 20 years.","url":"https:\/\/greatermentalhealth.org\/articles\/more-than-companionship-the-power-of-connection-in-mental-health-recovery\/","target":"_blank"},"quote":"To highlight the power of connection in mental health recovery, we interviewed Compeer participants and volunteers Cindy, Dawn, and Rozz. Over 20 years, they have developed genuine friendships that have brought so much to their&nbsp;lives.","name":"","title_role":"","image":""}},{"acf_fc_layout":"layout_image_and_text","_acfe_flexible_toggle":null,"component_image_and_text":{"image":712,"heading":"Get in touch","description":"Para obtener m\u00e1s informaci\u00f3n sobre c\u00f3mo acceder a los servicios de Compeer o convertirse en un compa\u00f1ero voluntario, cont\u00e1ctenos.","button":{"title":"Contact Us Today","url":"https:\/\/greatermentalhealth.org\/contact-us\/#gform_wrapper_1","target":""},"alignment":"-flip","color":"-cs:d1 -cs:i"}}]},"yoast_head":"<!-- This site is optimized with the Yoast SEO plugin v27.3 - https:\/\/yoast.com\/product\/yoast-seo-wordpress\/ -->\n<title>Compeer Program &#8212; Greater Mental Health of New York<\/title>\n<meta name=\"robots\" content=\"index, follow, max-snippet:-1, max-image-preview:large, max-video-preview:-1\" \/>\n<link rel=\"canonical\" href=\"https:\/\/greatermentalhealth.org\/es\/compeer\/\" \/>\n<meta property=\"og:locale\" content=\"es_MX\" \/>\n<meta property=\"og:type\" content=\"article\" \/>\n<meta property=\"og:title\" content=\"Compeer Program &#8212; Greater Mental Health of New York\" \/>\n<meta property=\"og:url\" content=\"https:\/\/greatermentalhealth.org\/es\/compeer\/\" \/>\n<meta property=\"og:site_name\" content=\"Greater Mental Health of New York\" \/>\n<meta property=\"article:publisher\" content=\"https:\/\/www.facebook.com\/greatermentalhealth\" \/>\n<meta property=\"article:modified_time\" content=\"2026-02-26T21:43:18+00:00\" \/>\n<meta property=\"og:image\" content=\"https:\/\/greatermentalhealth.org\/wp-content\/uploads\/2023\/12\/greater-mental-health-share.jpg\" \/>\n\t<meta property=\"og:image:width\" content=\"1200\" \/>\n\t<meta property=\"og:image:height\" content=\"630\" \/>\n\t<meta property=\"og:image:type\" content=\"image\/jpeg\" \/>\n<meta name=\"twitter:card\" content=\"summary_large_image\" \/>\n<meta name=\"twitter:label1\" content=\"Est. reading time\" \/>\n\t<meta name=\"twitter:data1\" content=\"2 minutes\" \/>\n<script type=\"application\/ld+json\" class=\"yoast-schema-graph\">{\"@context\":\"https:\\\/\\\/schema.org\",\"@graph\":[{\"@type\":\"WebPage\",\"@id\":\"https:\\\/\\\/greatermentalhealth.org\\\/compeer\\\/\",\"url\":\"https:\\\/\\\/greatermentalhealth.org\\\/compeer\\\/\",\"name\":\"Compeer Program &#8212; Greater Mental Health of New York\",\"isPartOf\":{\"@id\":\"https:\\\/\\\/greatermentalhealth.org\\\/#website\"},\"datePublished\":\"2024-02-22T17:48:38+00:00\",\"dateModified\":\"2026-02-26T21:43:18+00:00\",\"breadcrumb\":{\"@id\":\"https:\\\/\\\/greatermentalhealth.org\\\/compeer\\\/#breadcrumb\"},\"inLanguage\":\"es-MX\",\"potentialAction\":[{\"@type\":\"ReadAction\",\"target\":[\"https:\\\/\\\/greatermentalhealth.org\\\/compeer\\\/\"]}]},{\"@type\":\"BreadcrumbList\",\"@id\":\"https:\\\/\\\/greatermentalhealth.org\\\/compeer\\\/#breadcrumb\",\"itemListElement\":[{\"@type\":\"ListItem\",\"position\":1,\"name\":\"Home\",\"item\":\"https:\\\/\\\/greatermentalhealth.org\\\/\"},{\"@type\":\"ListItem\",\"position\":2,\"name\":\"Compeer Program\"}]},{\"@type\":\"WebSite\",\"@id\":\"https:\\\/\\\/greatermentalhealth.org\\\/#website\",\"url\":\"https:\\\/\\\/greatermentalhealth.org\\\/\",\"name\":\"Greater Mental Health of New York\",\"description\":\"We promote mental health through advocacy, community education and direct services.\",\"publisher\":{\"@id\":\"https:\\\/\\\/greatermentalhealth.org\\\/#organization\"},\"alternateName\":\"Greater Mental Health\",\"potentialAction\":[{\"@type\":\"SearchAction\",\"target\":{\"@type\":\"EntryPoint\",\"urlTemplate\":\"https:\\\/\\\/greatermentalhealth.org\\\/?s={search_term_string}\"},\"query-input\":{\"@type\":\"PropertyValueSpecification\",\"valueRequired\":true,\"valueName\":\"search_term_string\"}}],\"inLanguage\":\"es-MX\"},{\"@type\":\"Organization\",\"@id\":\"https:\\\/\\\/greatermentalhealth.org\\\/#organization\",\"name\":\"Greater Mental Health of New York\",\"alternateName\":\"Greater Mental Health\",\"url\":\"https:\\\/\\\/greatermentalhealth.org\\\/\",\"logo\":{\"@type\":\"ImageObject\",\"inLanguage\":\"es-MX\",\"@id\":\"https:\\\/\\\/greatermentalhealth.org\\\/#\\\/schema\\\/logo\\\/image\\\/\",\"url\":\"https:\\\/\\\/greatermentalhealth.org\\\/wp-content\\\/uploads\\\/2024\\\/06\\\/Classic.png\",\"contentUrl\":\"https:\\\/\\\/greatermentalhealth.org\\\/wp-content\\\/uploads\\\/2024\\\/06\\\/Classic.png\",\"width\":3375,\"height\":3375,\"caption\":\"Greater Mental Health of New York\"},\"image\":{\"@id\":\"https:\\\/\\\/greatermentalhealth.org\\\/#\\\/schema\\\/logo\\\/image\\\/\"},\"sameAs\":[\"https:\\\/\\\/www.facebook.com\\\/greatermentalhealth\",\"https:\\\/\\\/www.instagram.com\\\/greatermentalhealth\\\/\",\"https:\\\/\\\/www.linkedin.com\\\/company\\\/greatermentalhealth\\\/\"]}]}<\/script>\n<!-- \/ Yoast SEO plugin. -->","yoast_head_json":{"title":"Compeer Program &#8212; Greater Mental Health of New York","robots":{"index":"index","follow":"follow","max-snippet":"max-snippet:-1","max-image-preview":"max-image-preview:large","max-video-preview":"max-video-preview:-1"},"canonical":"https:\/\/greatermentalhealth.org\/es\/compeer\/","og_locale":"es_MX","og_type":"article","og_title":"Compeer Program &#8212; Greater Mental Health of New York","og_url":"https:\/\/greatermentalhealth.org\/es\/compeer\/","og_site_name":"Greater Mental Health of New York","article_publisher":"https:\/\/www.facebook.com\/greatermentalhealth","article_modified_time":"2026-02-26T21:43:18+00:00","og_image":[{"width":1200,"height":630,"url":"https:\/\/greatermentalhealth.org\/wp-content\/uploads\/2023\/12\/greater-mental-health-share.jpg","type":"image\/jpeg"}],"twitter_card":"summary_large_image","twitter_misc":{"Est. reading time":"2 minutes"},"schema":{"@context":"https:\/\/schema.org","@graph":[{"@type":"WebPage","@id":"https:\/\/greatermentalhealth.org\/compeer\/","url":"https:\/\/greatermentalhealth.org\/compeer\/","name":"Compeer Program &#8212; Greater Mental Health of New York","isPartOf":{"@id":"https:\/\/greatermentalhealth.org\/#website"},"datePublished":"2024-02-22T17:48:38+00:00","dateModified":"2026-02-26T21:43:18+00:00","breadcrumb":{"@id":"https:\/\/greatermentalhealth.org\/compeer\/#breadcrumb"},"inLanguage":"es-MX","potentialAction":[{"@type":"ReadAction","target":["https:\/\/greatermentalhealth.org\/compeer\/"]}]},{"@type":"BreadcrumbList","@id":"https:\/\/greatermentalhealth.org\/compeer\/#breadcrumb","itemListElement":[{"@type":"ListItem","position":1,"name":"Home","item":"https:\/\/greatermentalhealth.org\/"},{"@type":"ListItem","position":2,"name":"Compeer Program"}]},{"@type":"WebSite","@id":"https:\/\/greatermentalhealth.org\/#website","url":"https:\/\/greatermentalhealth.org\/","name":"Greater Mental Health of New York","description":"Promovemos la salud mental a trav\u00e9s de la defensa, la educaci\u00f3n comunitaria y los servicios directos.","publisher":{"@id":"https:\/\/greatermentalhealth.org\/#organization"},"alternateName":"Greater Mental Health","potentialAction":[{"@type":"SearchAction","target":{"@type":"EntryPoint","urlTemplate":"https:\/\/greatermentalhealth.org\/?s={search_term_string}"},"query-input":{"@type":"PropertyValueSpecification","valueRequired":true,"valueName":"search_term_string"}}],"inLanguage":"es-MX"},{"@type":"Organization","@id":"https:\/\/greatermentalhealth.org\/#organization","name":"Greater Mental Health of New York","alternateName":"Greater Mental Health","url":"https:\/\/greatermentalhealth.org\/","logo":{"@type":"ImageObject","inLanguage":"es-MX","@id":"https:\/\/greatermentalhealth.org\/#\/schema\/logo\/image\/","url":"https:\/\/greatermentalhealth.org\/wp-content\/uploads\/2024\/06\/Classic.png","contentUrl":"https:\/\/greatermentalhealth.org\/wp-content\/uploads\/2024\/06\/Classic.png","width":3375,"height":3375,"caption":"Greater Mental Health of New York"},"image":{"@id":"https:\/\/greatermentalhealth.org\/#\/schema\/logo\/image\/"},"sameAs":["https:\/\/www.facebook.com\/greatermentalhealth","https:\/\/www.instagram.com\/greatermentalhealth\/","https:\/\/www.linkedin.com\/company\/greatermentalhealth\/"]}]}},"_links":{"self":[{"href":"https:\/\/greatermentalhealth.org\/es\/wp-json\/wp\/v2\/pages\/726","targetHints":{"allow":["GET"]}}],"collection":[{"href":"https:\/\/greatermentalhealth.org\/es\/wp-json\/wp\/v2\/pages"}],"about":[{"href":"https:\/\/greatermentalhealth.org\/es\/wp-json\/wp\/v2\/types\/page"}],"author":[{"embeddable":true,"href":"https:\/\/greatermentalhealth.org\/es\/wp-json\/wp\/v2\/users\/7"}],"replies":[{"embeddable":true,"href":"https:\/\/greatermentalhealth.org\/es\/wp-json\/wp\/v2\/comments?post=726"}],"version-history":[{"count":0,"href":"https:\/\/greatermentalhealth.org\/es\/wp-json\/wp\/v2\/pages\/726\/revisions"}],"wp:attachment":[{"href":"https:\/\/greatermentalhealth.org\/es\/wp-json\/wp\/v2\/media?parent=726"}],"curies":[{"name":"wp","href":"https:\/\/api.w.org\/{rel}","templated":true}]}}