{"id":692,"date":"2024-02-21T09:43:00","date_gmt":"2024-02-21T14:43:00","guid":{"rendered":"https:\/\/greatermentalhealth.org\/?page_id=692"},"modified":"2024-05-16T10:41:38","modified_gmt":"2024-05-16T14:41:38","slug":"wrn","status":"publish","type":"page","link":"https:\/\/greatermentalhealth.org\/es\/wrn\/","title":{"rendered":"Redes de recuperaci\u00f3n de Westchester"},"content":{"rendered":"","protected":false},"excerpt":{"rendered":"","protected":false},"author":7,"featured_media":0,"parent":0,"menu_order":0,"comment_status":"closed","ping_status":"closed","template":"","meta":{"_acf_changed":false,"_relevanssi_hide_post":"","_relevanssi_hide_content":"","_relevanssi_pin_for_all":"","_relevanssi_pin_keywords":"","_relevanssi_unpin_keywords":"","_relevanssi_related_keywords":"","_relevanssi_related_include_ids":"","_relevanssi_related_exclude_ids":"","_relevanssi_related_no_append":"","_relevanssi_related_not_related":"","_relevanssi_related_posts":"","_relevanssi_noindex_reason":""},"class_list":["post-692","page","type-page","status-publish","hentry"],"acf":{"hero":{"header":"Westchester Recovery Networks","subheader":"","image":696},"page_layout":[{"acf_fc_layout":"component_page_intro","_acfe_flexible_toggle":"","component_page_intro":{"short_title":"Overview","copy":"At Greater Mental Health of New York, we know that peer support from someone with lived experience of mental health challenges can be an invaluable tool for recovery. If you are someone who is looking for mental health support from peer specialists, our Westchester Recovery Networks may be a good fit for you. Offered within the community, our Recovery Network peer specialists walk alongside you on your recovery journey, providing understanding, support, and practical assistance every step of the&nbsp;way.","show_sidebar":false,"sidebar":{"label":"Optional Label","image":33,"name":"First Last","title_role":"Title and Role","text":"Short bio lorem ipsum dolor vesEu sem integer vitae justo eget magna lorem fermentum iaculis. Mi Fusce&nbsp;dapibu","links":[{"link":{"title":"Title of document lorem ipsum","url":"https:\/\/greatermentalhealth.org\/","target":""}},{"link":{"title":"Title of document lorem ipsum","url":"https:\/\/greatermentalhealth.org\/","target":""}}]}}},{"acf_fc_layout":"layout_wysiwyg","_acfe_flexible_toggle":"","component_wysiwyg":{"columns":"one","header":"","content":"<h5><b>Nuestras Redes de Recuperaci\u00f3n incluyen:\u00a0<\/b><\/h5>\r\n<b>Red de recuperaci\u00f3n de Westchester (WRN)<\/b>\r\n\r\n<span style=\"font-weight: 400;\">Con el objetivo de ayudar a las personas que han enfrentado desaf\u00edos de salud conductual, WRN se enfoca en ayudarlos a ser m\u00e1s independientes e integrados en la comunidad. Nuestro equipo de profesionales pares lo ayuda a descubrir y redescubrir sus pasiones, conectarse con otros y desarrollar habilidades para una vida m\u00e1s autosuficiente y econ\u00f3micamente autosuficiente.\u00a0<\/span>\r\n\r\n&nbsp;\r\n\r\n<b>Red de recuperaci\u00f3n intensiva de Westchester (WRN-I)<\/b>\r\n\r\n<span style=\"font-weight: 400;\">Si est\u00e1 en el hospital o tuvo una estad\u00eda reciente debido a problemas de salud conductual, WRN-I est\u00e1 aqu\u00ed para ayudarlo a seguir adelante. WRN-I considera las reca\u00eddas y los reingresos hospitalarios como obst\u00e1culos en el camino, y nuestros pares especialistas trabajan con usted para reconocer su fuerza interior y su resiliencia para avanzar en su camino de recuperaci\u00f3n a trav\u00e9s del apoyo de autoayuda. Nuestros pares especialistas ofrecen apoyo a trav\u00e9s de integraci\u00f3n comunitaria y capacitaci\u00f3n en habilidades para la vida, asesoramiento de apoyo, manejo de s\u00edntomas y apoyo para personas y sus familiares, asesoramiento grupal, asesoramiento de preparaci\u00f3n para el trabajo, asesoramiento de vida e informaci\u00f3n y referencias a servicios adicionales y apoyo comunitario.<\/span>\r\n\r\n&nbsp;\r\n\r\n<b>Red de recuperaci\u00f3n de Westchester mejorada (WRN-E)<\/b>\r\n\r\n<span style=\"font-weight: 400;\">WRN-E ofrece apoyo adicional en momentos de vulnerabilidad, como despu\u00e9s de estad\u00edas en el hospital, liberaci\u00f3n de encarcelamiento o cuando se enfrenta a la falta de vivienda o a una mayor angustia. Disponibles para personas aprobadas por el Departamento de Salud Mental Comunitaria del Condado de Westchester (DCMH), nuestros pares profesionales brindan asistencia telef\u00f3nica las 24 horas, los 7 d\u00edas de la semana en nuestra l\u00ednea de atenci\u00f3n, visitas de fin de semana\/noche y apoyo estructurado y flexible de pares individuales y grupales para ayudarlo a construir su vida. quieres.<\/span>","content_2":""}},{"acf_fc_layout":"layout_pull_quote","_acfe_flexible_toggle":"","component_pull_quote":{"quote":"I like the WRN-E warmline a lot, it has been very helpful for me. I have a lot of thoughts in my head that are uncomfortable, and I am able to use the warmline to talk about my thoughts and get my emotions out. I used to call emergency lines a lot, but I know now that this is not an emergency. The warmline is a better place to call for&nbsp;support.","attribution":" ","attribution_description":"","image":"","color":"-t1"}},{"acf_fc_layout":"layout_image_and_text","_acfe_flexible_toggle":"","component_image_and_text":{"image":36,"heading":"How to access care","description":"Para obtener m\u00e1s informaci\u00f3n sobre nuestras Redes de Recuperaci\u00f3n y c\u00f3mo acceder a la atenci\u00f3n, comun\u00edquese con nosotros.","button":{"title":"Contact Us Today","url":"https:\/\/greatermentalhealth.org\/contact-us\/#gform_wrapper_1","target":""},"alignment":"-flip","color":"-cs:d1 -cs:i"}}]},"yoast_head":"<!-- This site is optimized with the Yoast SEO plugin v27.3 - https:\/\/yoast.com\/product\/yoast-seo-wordpress\/ -->\n<title>Westchester Recovery Networks &#8212; Greater Mental Health of New York<\/title>\n<meta name=\"robots\" content=\"index, follow, max-snippet:-1, max-image-preview:large, max-video-preview:-1\" \/>\n<link rel=\"canonical\" href=\"https:\/\/greatermentalhealth.org\/es\/wrn\/\" \/>\n<meta property=\"og:locale\" content=\"es_MX\" \/>\n<meta property=\"og:type\" content=\"article\" \/>\n<meta property=\"og:title\" content=\"Westchester Recovery Networks &#8212; Greater Mental Health of New York\" \/>\n<meta property=\"og:url\" content=\"https:\/\/greatermentalhealth.org\/es\/wrn\/\" \/>\n<meta property=\"og:site_name\" content=\"Greater Mental Health of New York\" \/>\n<meta property=\"article:publisher\" content=\"https:\/\/www.facebook.com\/greatermentalhealth\" \/>\n<meta property=\"article:modified_time\" content=\"2024-05-16T14:41:38+00:00\" \/>\n<meta property=\"og:image\" content=\"https:\/\/greatermentalhealth.org\/wp-content\/uploads\/2023\/12\/greater-mental-health-share.jpg\" \/>\n\t<meta property=\"og:image:width\" content=\"1200\" \/>\n\t<meta property=\"og:image:height\" content=\"630\" \/>\n\t<meta property=\"og:image:type\" content=\"image\/jpeg\" \/>\n<meta name=\"twitter:card\" content=\"summary_large_image\" \/>\n<meta name=\"twitter:label1\" content=\"Est. reading time\" \/>\n\t<meta name=\"twitter:data1\" content=\"3 minutes\" \/>\n<script type=\"application\/ld+json\" class=\"yoast-schema-graph\">{\"@context\":\"https:\\\/\\\/schema.org\",\"@graph\":[{\"@type\":\"WebPage\",\"@id\":\"https:\\\/\\\/greatermentalhealth.org\\\/wrn\\\/\",\"url\":\"https:\\\/\\\/greatermentalhealth.org\\\/wrn\\\/\",\"name\":\"Westchester Recovery Networks &#8212; Greater Mental Health of New York\",\"isPartOf\":{\"@id\":\"https:\\\/\\\/greatermentalhealth.org\\\/#website\"},\"datePublished\":\"2024-02-21T14:43:00+00:00\",\"dateModified\":\"2024-05-16T14:41:38+00:00\",\"breadcrumb\":{\"@id\":\"https:\\\/\\\/greatermentalhealth.org\\\/wrn\\\/#breadcrumb\"},\"inLanguage\":\"es-MX\",\"potentialAction\":[{\"@type\":\"ReadAction\",\"target\":[\"https:\\\/\\\/greatermentalhealth.org\\\/wrn\\\/\"]}]},{\"@type\":\"BreadcrumbList\",\"@id\":\"https:\\\/\\\/greatermentalhealth.org\\\/wrn\\\/#breadcrumb\",\"itemListElement\":[{\"@type\":\"ListItem\",\"position\":1,\"name\":\"Home\",\"item\":\"https:\\\/\\\/greatermentalhealth.org\\\/\"},{\"@type\":\"ListItem\",\"position\":2,\"name\":\"Westchester Recovery Networks\"}]},{\"@type\":\"WebSite\",\"@id\":\"https:\\\/\\\/greatermentalhealth.org\\\/#website\",\"url\":\"https:\\\/\\\/greatermentalhealth.org\\\/\",\"name\":\"Greater Mental Health of New York\",\"description\":\"We promote mental health through advocacy, community education and direct services.\",\"publisher\":{\"@id\":\"https:\\\/\\\/greatermentalhealth.org\\\/#organization\"},\"alternateName\":\"Greater Mental Health\",\"potentialAction\":[{\"@type\":\"SearchAction\",\"target\":{\"@type\":\"EntryPoint\",\"urlTemplate\":\"https:\\\/\\\/greatermentalhealth.org\\\/?s={search_term_string}\"},\"query-input\":{\"@type\":\"PropertyValueSpecification\",\"valueRequired\":true,\"valueName\":\"search_term_string\"}}],\"inLanguage\":\"es-MX\"},{\"@type\":\"Organization\",\"@id\":\"https:\\\/\\\/greatermentalhealth.org\\\/#organization\",\"name\":\"Greater Mental Health of New York\",\"alternateName\":\"Greater Mental Health\",\"url\":\"https:\\\/\\\/greatermentalhealth.org\\\/\",\"logo\":{\"@type\":\"ImageObject\",\"inLanguage\":\"es-MX\",\"@id\":\"https:\\\/\\\/greatermentalhealth.org\\\/#\\\/schema\\\/logo\\\/image\\\/\",\"url\":\"https:\\\/\\\/greatermentalhealth.org\\\/wp-content\\\/uploads\\\/2024\\\/06\\\/Classic.png\",\"contentUrl\":\"https:\\\/\\\/greatermentalhealth.org\\\/wp-content\\\/uploads\\\/2024\\\/06\\\/Classic.png\",\"width\":3375,\"height\":3375,\"caption\":\"Greater Mental Health of New York\"},\"image\":{\"@id\":\"https:\\\/\\\/greatermentalhealth.org\\\/#\\\/schema\\\/logo\\\/image\\\/\"},\"sameAs\":[\"https:\\\/\\\/www.facebook.com\\\/greatermentalhealth\",\"https:\\\/\\\/www.instagram.com\\\/greatermentalhealth\\\/\",\"https:\\\/\\\/www.linkedin.com\\\/company\\\/greatermentalhealth\\\/\"]}]}<\/script>\n<!-- \/ Yoast SEO plugin. -->","yoast_head_json":{"title":"Westchester Recovery Networks &#8212; Greater Mental Health of New York","robots":{"index":"index","follow":"follow","max-snippet":"max-snippet:-1","max-image-preview":"max-image-preview:large","max-video-preview":"max-video-preview:-1"},"canonical":"https:\/\/greatermentalhealth.org\/es\/wrn\/","og_locale":"es_MX","og_type":"article","og_title":"Westchester Recovery Networks &#8212; Greater Mental Health of New York","og_url":"https:\/\/greatermentalhealth.org\/es\/wrn\/","og_site_name":"Greater Mental Health of New York","article_publisher":"https:\/\/www.facebook.com\/greatermentalhealth","article_modified_time":"2024-05-16T14:41:38+00:00","og_image":[{"width":1200,"height":630,"url":"https:\/\/greatermentalhealth.org\/wp-content\/uploads\/2023\/12\/greater-mental-health-share.jpg","type":"image\/jpeg"}],"twitter_card":"summary_large_image","twitter_misc":{"Est. reading time":"3 minutes"},"schema":{"@context":"https:\/\/schema.org","@graph":[{"@type":"WebPage","@id":"https:\/\/greatermentalhealth.org\/wrn\/","url":"https:\/\/greatermentalhealth.org\/wrn\/","name":"Westchester Recovery Networks &#8212; Greater Mental Health of New York","isPartOf":{"@id":"https:\/\/greatermentalhealth.org\/#website"},"datePublished":"2024-02-21T14:43:00+00:00","dateModified":"2024-05-16T14:41:38+00:00","breadcrumb":{"@id":"https:\/\/greatermentalhealth.org\/wrn\/#breadcrumb"},"inLanguage":"es-MX","potentialAction":[{"@type":"ReadAction","target":["https:\/\/greatermentalhealth.org\/wrn\/"]}]},{"@type":"BreadcrumbList","@id":"https:\/\/greatermentalhealth.org\/wrn\/#breadcrumb","itemListElement":[{"@type":"ListItem","position":1,"name":"Home","item":"https:\/\/greatermentalhealth.org\/"},{"@type":"ListItem","position":2,"name":"Westchester Recovery Networks"}]},{"@type":"WebSite","@id":"https:\/\/greatermentalhealth.org\/#website","url":"https:\/\/greatermentalhealth.org\/","name":"Greater Mental Health of New York","description":"Promovemos la salud mental a trav\u00e9s de la defensa, la educaci\u00f3n comunitaria y los servicios directos.","publisher":{"@id":"https:\/\/greatermentalhealth.org\/#organization"},"alternateName":"Greater Mental Health","potentialAction":[{"@type":"SearchAction","target":{"@type":"EntryPoint","urlTemplate":"https:\/\/greatermentalhealth.org\/?s={search_term_string}"},"query-input":{"@type":"PropertyValueSpecification","valueRequired":true,"valueName":"search_term_string"}}],"inLanguage":"es-MX"},{"@type":"Organization","@id":"https:\/\/greatermentalhealth.org\/#organization","name":"Greater Mental Health of New York","alternateName":"Greater Mental Health","url":"https:\/\/greatermentalhealth.org\/","logo":{"@type":"ImageObject","inLanguage":"es-MX","@id":"https:\/\/greatermentalhealth.org\/#\/schema\/logo\/image\/","url":"https:\/\/greatermentalhealth.org\/wp-content\/uploads\/2024\/06\/Classic.png","contentUrl":"https:\/\/greatermentalhealth.org\/wp-content\/uploads\/2024\/06\/Classic.png","width":3375,"height":3375,"caption":"Greater Mental Health of New York"},"image":{"@id":"https:\/\/greatermentalhealth.org\/#\/schema\/logo\/image\/"},"sameAs":["https:\/\/www.facebook.com\/greatermentalhealth","https:\/\/www.instagram.com\/greatermentalhealth\/","https:\/\/www.linkedin.com\/company\/greatermentalhealth\/"]}]}},"_links":{"self":[{"href":"https:\/\/greatermentalhealth.org\/es\/wp-json\/wp\/v2\/pages\/692","targetHints":{"allow":["GET"]}}],"collection":[{"href":"https:\/\/greatermentalhealth.org\/es\/wp-json\/wp\/v2\/pages"}],"about":[{"href":"https:\/\/greatermentalhealth.org\/es\/wp-json\/wp\/v2\/types\/page"}],"author":[{"embeddable":true,"href":"https:\/\/greatermentalhealth.org\/es\/wp-json\/wp\/v2\/users\/7"}],"replies":[{"embeddable":true,"href":"https:\/\/greatermentalhealth.org\/es\/wp-json\/wp\/v2\/comments?post=692"}],"version-history":[{"count":0,"href":"https:\/\/greatermentalhealth.org\/es\/wp-json\/wp\/v2\/pages\/692\/revisions"}],"wp:attachment":[{"href":"https:\/\/greatermentalhealth.org\/es\/wp-json\/wp\/v2\/media?parent=692"}],"curies":[{"name":"wp","href":"https:\/\/api.w.org\/{rel}","templated":true}]}}