{"id":683,"date":"2024-02-20T17:08:47","date_gmt":"2024-02-20T22:08:47","guid":{"rendered":"https:\/\/greatermentalhealth.org\/?page_id=683"},"modified":"2024-10-29T16:44:12","modified_gmt":"2024-10-29T20:44:12","slug":"inset","status":"publish","type":"page","link":"https:\/\/greatermentalhealth.org\/es\/inset\/","title":{"rendered":"RECUADRO"},"content":{"rendered":"","protected":false},"excerpt":{"rendered":"","protected":false},"author":7,"featured_media":0,"parent":0,"menu_order":0,"comment_status":"closed","ping_status":"closed","template":"","meta":{"_acf_changed":false,"_relevanssi_hide_post":"","_relevanssi_hide_content":"","_relevanssi_pin_for_all":"","_relevanssi_pin_keywords":"","_relevanssi_unpin_keywords":"","_relevanssi_related_keywords":"","_relevanssi_related_include_ids":"","_relevanssi_related_exclude_ids":"","_relevanssi_related_no_append":"","_relevanssi_related_not_related":"","_relevanssi_related_posts":"","_relevanssi_noindex_reason":""},"class_list":["post-683","page","type-page","status-publish","hentry"],"acf":{"hero":{"header":"Intensive and Sustained Engagement Team (INSET)","subheader":"","image":1178},"page_layout":[{"acf_fc_layout":"component_page_intro","_acfe_flexible_toggle":"","component_page_intro":{"short_title":"Overview","copy":"INSET is a voluntary, peer-led, mobile engagement approach to support individuals that have historically not engaged with the mental health system for various reasons and\/or who are at risk of being placed into involuntary treatment approaches. Multidisciplinary INSET Teams focus on providing support to enrolled individuals and their peers in the community of their choosing and in the least restrictive manner. Of significant value and a key objective of INSET is the kindling of hope and connection for vulnerable people, the inspiration that recovery is indeed possible, and that they are not&nbsp;alone.","show_sidebar":true,"sidebar":{"label":"reach out today","image":"","name":"Raquelle Kolodny, LMHC, NYCPS","title_role":"Coordinator of Integrated Services","text":"Reach out today at&nbsp;914&#8209;330&#8209;4666.","links":null}}},{"acf_fc_layout":"component_page_intro","_acfe_flexible_toggle":"","component_page_intro":{"short_title":"INSET Services","copy":"INSET may help bridge the gap for people who are currently in hospitals, jails, or who have recently been discharged or released by providing more intensive support and facilitating connections to the community, treatment, natural, and other supports. INSET is distinct because of their holistic approach and does not place rigid timeframes on success&nbsp;outcomes.","show_sidebar":false,"sidebar":{"label":"","image":null,"name":"","title_role":"","text":"","links":null}}},{"acf_fc_layout":"component_page_intro","_acfe_flexible_toggle":"","component_page_intro":{"short_title":"Is this service right for me?","copy":"INSET is designed to support individuals in the Hudson Valley identified as high risk or with complex mental health needs, including those receiving or eligible for court-ordered Assisted Outpatient Treatment services, or those who are identified as \u201chigh-risk\/complex needs\u201d individuals of at least 18 years of age who cycle in and out of the emergency department, inpatient, and\/or forensic&nbsp;settings.","show_sidebar":false,"sidebar":{"label":"","image":"","name":"","title_role":"","text":"","links":null}}},{"acf_fc_layout":"layout_pull_quote","_acfe_flexible_toggle":"","component_pull_quote":{"quote":"Working with a peer specialist in the INSET program my voice is not only heard, but valued. This gives me space to learn about myself. I\u2019m learning what works and what doesn\u2019t. My peer and I are currently working on creating my wellness recovery action&nbsp;plan.","attribution":" ","attribution_description":"","image":"","color":"-t1"}},{"acf_fc_layout":"layout_pull_quote","_acfe_flexible_toggle":"","component_pull_quote":{"quote":"I really trust my INSET Peer Specialist, and I know I can always count on her - even when others have let me&nbsp;down.","attribution":" ","attribution_description":"","image":"","color":"-t1"}},{"acf_fc_layout":"layout_pull_quote","_acfe_flexible_toggle":"","component_pull_quote":{"quote":"You have accepted me for who I am and met me where I was without judging&nbsp;me.","attribution":" ","attribution_description":"","image":"","color":"-t1"}},{"acf_fc_layout":"layout_image_and_text","_acfe_flexible_toggle":"","component_image_and_text":{"image":36,"heading":"How to access care","description":"Si cree que los servicios INSET pueden ser adecuados para sus necesidades y objetivos de recuperaci\u00f3n, puede enviar una autorremisi\u00f3n. Tambi\u00e9n se aceptan referencias de amigos, familiares y organizaciones locales de servicios humanos y de salud. Para enviar una autorremisi\u00f3n o para obtener m\u00e1s informaci\u00f3n sobre los servicios INSET de Greater Mental Health of New York, comun\u00edquese con nosotros.","button":{"title":"Contact Us Today","url":"https:\/\/greatermentalhealth.org\/contact-us\/#gform_wrapper_1","target":""},"alignment":"-flip","color":"-cs:d1 -cs:i"}}]},"yoast_head":"<!-- This site is optimized with the Yoast SEO plugin v27.3 - https:\/\/yoast.com\/product\/yoast-seo-wordpress\/ -->\n<title>INSET &#8212; Greater Mental Health of New York<\/title>\n<meta name=\"robots\" content=\"index, follow, max-snippet:-1, max-image-preview:large, max-video-preview:-1\" \/>\n<link rel=\"canonical\" href=\"https:\/\/greatermentalhealth.org\/es\/inset\/\" \/>\n<meta property=\"og:locale\" content=\"es_MX\" \/>\n<meta property=\"og:type\" content=\"article\" \/>\n<meta property=\"og:title\" content=\"INSET &#8212; Greater Mental Health of New York\" \/>\n<meta property=\"og:url\" content=\"https:\/\/greatermentalhealth.org\/es\/inset\/\" \/>\n<meta property=\"og:site_name\" content=\"Greater Mental Health of New York\" \/>\n<meta property=\"article:publisher\" content=\"https:\/\/www.facebook.com\/greatermentalhealth\" \/>\n<meta property=\"article:modified_time\" content=\"2024-10-29T20:44:12+00:00\" \/>\n<meta property=\"og:image\" content=\"https:\/\/greatermentalhealth.org\/wp-content\/uploads\/2023\/12\/greater-mental-health-share.jpg\" \/>\n\t<meta property=\"og:image:width\" content=\"1200\" \/>\n\t<meta property=\"og:image:height\" content=\"630\" \/>\n\t<meta property=\"og:image:type\" content=\"image\/jpeg\" \/>\n<meta name=\"twitter:card\" content=\"summary_large_image\" \/>\n<meta name=\"twitter:label1\" content=\"Est. reading time\" \/>\n\t<meta name=\"twitter:data1\" content=\"3 minutes\" \/>\n<script type=\"application\/ld+json\" class=\"yoast-schema-graph\">{\"@context\":\"https:\\\/\\\/schema.org\",\"@graph\":[{\"@type\":\"WebPage\",\"@id\":\"https:\\\/\\\/greatermentalhealth.org\\\/inset\\\/\",\"url\":\"https:\\\/\\\/greatermentalhealth.org\\\/inset\\\/\",\"name\":\"INSET &#8212; Greater Mental Health of New York\",\"isPartOf\":{\"@id\":\"https:\\\/\\\/greatermentalhealth.org\\\/#website\"},\"datePublished\":\"2024-02-20T22:08:47+00:00\",\"dateModified\":\"2024-10-29T20:44:12+00:00\",\"breadcrumb\":{\"@id\":\"https:\\\/\\\/greatermentalhealth.org\\\/inset\\\/#breadcrumb\"},\"inLanguage\":\"es-MX\",\"potentialAction\":[{\"@type\":\"ReadAction\",\"target\":[\"https:\\\/\\\/greatermentalhealth.org\\\/inset\\\/\"]}]},{\"@type\":\"BreadcrumbList\",\"@id\":\"https:\\\/\\\/greatermentalhealth.org\\\/inset\\\/#breadcrumb\",\"itemListElement\":[{\"@type\":\"ListItem\",\"position\":1,\"name\":\"Home\",\"item\":\"https:\\\/\\\/greatermentalhealth.org\\\/\"},{\"@type\":\"ListItem\",\"position\":2,\"name\":\"INSET\"}]},{\"@type\":\"WebSite\",\"@id\":\"https:\\\/\\\/greatermentalhealth.org\\\/#website\",\"url\":\"https:\\\/\\\/greatermentalhealth.org\\\/\",\"name\":\"Greater Mental Health of New York\",\"description\":\"We promote mental health through advocacy, community education and direct services.\",\"publisher\":{\"@id\":\"https:\\\/\\\/greatermentalhealth.org\\\/#organization\"},\"alternateName\":\"Greater Mental Health\",\"potentialAction\":[{\"@type\":\"SearchAction\",\"target\":{\"@type\":\"EntryPoint\",\"urlTemplate\":\"https:\\\/\\\/greatermentalhealth.org\\\/?s={search_term_string}\"},\"query-input\":{\"@type\":\"PropertyValueSpecification\",\"valueRequired\":true,\"valueName\":\"search_term_string\"}}],\"inLanguage\":\"es-MX\"},{\"@type\":\"Organization\",\"@id\":\"https:\\\/\\\/greatermentalhealth.org\\\/#organization\",\"name\":\"Greater Mental Health of New York\",\"alternateName\":\"Greater Mental Health\",\"url\":\"https:\\\/\\\/greatermentalhealth.org\\\/\",\"logo\":{\"@type\":\"ImageObject\",\"inLanguage\":\"es-MX\",\"@id\":\"https:\\\/\\\/greatermentalhealth.org\\\/#\\\/schema\\\/logo\\\/image\\\/\",\"url\":\"https:\\\/\\\/greatermentalhealth.org\\\/wp-content\\\/uploads\\\/2024\\\/06\\\/Classic.png\",\"contentUrl\":\"https:\\\/\\\/greatermentalhealth.org\\\/wp-content\\\/uploads\\\/2024\\\/06\\\/Classic.png\",\"width\":3375,\"height\":3375,\"caption\":\"Greater Mental Health of New York\"},\"image\":{\"@id\":\"https:\\\/\\\/greatermentalhealth.org\\\/#\\\/schema\\\/logo\\\/image\\\/\"},\"sameAs\":[\"https:\\\/\\\/www.facebook.com\\\/greatermentalhealth\",\"https:\\\/\\\/www.instagram.com\\\/greatermentalhealth\\\/\",\"https:\\\/\\\/www.linkedin.com\\\/company\\\/greatermentalhealth\\\/\"]}]}<\/script>\n<!-- \/ Yoast SEO plugin. -->","yoast_head_json":{"title":"INSET &#8212; Greater Mental Health of New York","robots":{"index":"index","follow":"follow","max-snippet":"max-snippet:-1","max-image-preview":"max-image-preview:large","max-video-preview":"max-video-preview:-1"},"canonical":"https:\/\/greatermentalhealth.org\/es\/inset\/","og_locale":"es_MX","og_type":"article","og_title":"INSET &#8212; Greater Mental Health of New York","og_url":"https:\/\/greatermentalhealth.org\/es\/inset\/","og_site_name":"Greater Mental Health of New York","article_publisher":"https:\/\/www.facebook.com\/greatermentalhealth","article_modified_time":"2024-10-29T20:44:12+00:00","og_image":[{"width":1200,"height":630,"url":"https:\/\/greatermentalhealth.org\/wp-content\/uploads\/2023\/12\/greater-mental-health-share.jpg","type":"image\/jpeg"}],"twitter_card":"summary_large_image","twitter_misc":{"Est. reading time":"3 minutes"},"schema":{"@context":"https:\/\/schema.org","@graph":[{"@type":"WebPage","@id":"https:\/\/greatermentalhealth.org\/inset\/","url":"https:\/\/greatermentalhealth.org\/inset\/","name":"INSET &#8212; Greater Mental Health of New York","isPartOf":{"@id":"https:\/\/greatermentalhealth.org\/#website"},"datePublished":"2024-02-20T22:08:47+00:00","dateModified":"2024-10-29T20:44:12+00:00","breadcrumb":{"@id":"https:\/\/greatermentalhealth.org\/inset\/#breadcrumb"},"inLanguage":"es-MX","potentialAction":[{"@type":"ReadAction","target":["https:\/\/greatermentalhealth.org\/inset\/"]}]},{"@type":"BreadcrumbList","@id":"https:\/\/greatermentalhealth.org\/inset\/#breadcrumb","itemListElement":[{"@type":"ListItem","position":1,"name":"Home","item":"https:\/\/greatermentalhealth.org\/"},{"@type":"ListItem","position":2,"name":"INSET"}]},{"@type":"WebSite","@id":"https:\/\/greatermentalhealth.org\/#website","url":"https:\/\/greatermentalhealth.org\/","name":"Greater Mental Health of New York","description":"Promovemos la salud mental a trav\u00e9s de la defensa, la educaci\u00f3n comunitaria y los servicios directos.","publisher":{"@id":"https:\/\/greatermentalhealth.org\/#organization"},"alternateName":"Greater Mental Health","potentialAction":[{"@type":"SearchAction","target":{"@type":"EntryPoint","urlTemplate":"https:\/\/greatermentalhealth.org\/?s={search_term_string}"},"query-input":{"@type":"PropertyValueSpecification","valueRequired":true,"valueName":"search_term_string"}}],"inLanguage":"es-MX"},{"@type":"Organization","@id":"https:\/\/greatermentalhealth.org\/#organization","name":"Greater Mental Health of New York","alternateName":"Greater Mental Health","url":"https:\/\/greatermentalhealth.org\/","logo":{"@type":"ImageObject","inLanguage":"es-MX","@id":"https:\/\/greatermentalhealth.org\/#\/schema\/logo\/image\/","url":"https:\/\/greatermentalhealth.org\/wp-content\/uploads\/2024\/06\/Classic.png","contentUrl":"https:\/\/greatermentalhealth.org\/wp-content\/uploads\/2024\/06\/Classic.png","width":3375,"height":3375,"caption":"Greater Mental Health of New York"},"image":{"@id":"https:\/\/greatermentalhealth.org\/#\/schema\/logo\/image\/"},"sameAs":["https:\/\/www.facebook.com\/greatermentalhealth","https:\/\/www.instagram.com\/greatermentalhealth\/","https:\/\/www.linkedin.com\/company\/greatermentalhealth\/"]}]}},"_links":{"self":[{"href":"https:\/\/greatermentalhealth.org\/es\/wp-json\/wp\/v2\/pages\/683","targetHints":{"allow":["GET"]}}],"collection":[{"href":"https:\/\/greatermentalhealth.org\/es\/wp-json\/wp\/v2\/pages"}],"about":[{"href":"https:\/\/greatermentalhealth.org\/es\/wp-json\/wp\/v2\/types\/page"}],"author":[{"embeddable":true,"href":"https:\/\/greatermentalhealth.org\/es\/wp-json\/wp\/v2\/users\/7"}],"replies":[{"embeddable":true,"href":"https:\/\/greatermentalhealth.org\/es\/wp-json\/wp\/v2\/comments?post=683"}],"version-history":[{"count":0,"href":"https:\/\/greatermentalhealth.org\/es\/wp-json\/wp\/v2\/pages\/683\/revisions"}],"wp:attachment":[{"href":"https:\/\/greatermentalhealth.org\/es\/wp-json\/wp\/v2\/media?parent=683"}],"curies":[{"name":"wp","href":"https:\/\/api.w.org\/{rel}","templated":true}]}}