{"id":593,"date":"2024-02-14T09:43:57","date_gmt":"2024-02-14T14:43:57","guid":{"rendered":"https:\/\/greatermentalhealth.org\/?page_id=593"},"modified":"2024-10-29T16:38:49","modified_gmt":"2024-10-29T20:38:49","slug":"third-party-review","status":"publish","type":"page","link":"https:\/\/greatermentalhealth.org\/es\/third-party-review\/","title":{"rendered":"Revisi\u00f3n independiente de terceros"},"content":{"rendered":"","protected":false},"excerpt":{"rendered":"","protected":false},"author":7,"featured_media":0,"parent":0,"menu_order":0,"comment_status":"closed","ping_status":"closed","template":"","meta":{"_acf_changed":false,"_relevanssi_hide_post":"","_relevanssi_hide_content":"","_relevanssi_pin_for_all":"","_relevanssi_pin_keywords":"","_relevanssi_unpin_keywords":"","_relevanssi_related_keywords":"","_relevanssi_related_include_ids":"","_relevanssi_related_exclude_ids":"","_relevanssi_related_no_append":"","_relevanssi_related_not_related":"","_relevanssi_related_posts":"","_relevanssi_noindex_reason":""},"class_list":["post-593","page","type-page","status-publish","hentry"],"acf":{"hero":{"header":"Independent Third Party Review","subheader":"","image":1112},"page_layout":[{"acf_fc_layout":"component_page_intro","_acfe_flexible_toggle":"","component_page_intro":{"short_title":"Overview","copy":"<span style=\"font-weight: 400;\">Greater Mental Health of New York collaborates with the Westchester County Department of Social Services (DSS) to offer Independent Third Party Review services. Our Impartial Reviewer facilitates Service Plan Reviews, focusing on children in foster care or court-directed placements.\u00a0<\/span>\r\n\r\n<span style=\"font-weight: 400;\">At Greater Mental Health of New York, our Independent Third Party Review maintains a concise, collaborative, and goal-oriented approach to support families in foster care or court-directed placements. Not tasked with case planning or service delivery, the Independent Third Party Reviewer ensures objectivity and aids participants in collaboratively developing family service plan goals that align with the permanency plan during the Service Plan Review.&nbsp;<\/span>","show_sidebar":true,"sidebar":{"label":"reach out today","image":"","name":"Lora Grillo-DeSalvo, LCSW","title_role":"Independent Third Party Review Program Coordinator","text":"Reach out today at&nbsp;914&#8209;343&#8209;6834.","links":null}}},{"acf_fc_layout":"layout_pull_quote","_acfe_flexible_toggle":"","component_pull_quote":{"quote":"I appreciated how included we felt in the meeting and the genuine interest in permanency for our foster&nbsp;son.","attribution":" ","attribution_description":"","image":"","color":"-t1"}},{"acf_fc_layout":"layout_pull_quote","_acfe_flexible_toggle":"","component_pull_quote":{"quote":"The facilitator was very patient and showed great care for the children, their well-being, and best&nbsp;interests.","attribution":" ","attribution_description":"","image":"","color":"-t1"}},{"acf_fc_layout":"layout_pull_quote","_acfe_flexible_toggle":"","component_pull_quote":{"quote":"Everything that was in the meeting was well explained and I was given the option to participate, provide my thoughts and&nbsp;opinions.","attribution":" ","attribution_description":"","image":"","color":"-t1"}},{"acf_fc_layout":"layout_image_and_text","_acfe_flexible_toggle":"","component_image_and_text":{"image":36,"heading":"Learn more","description":"Se aceptan referencias exclusivamente de la Oficina de Programaci\u00f3n de Bienestar Infantil del DSS del condado de Westchester. Para obtener m\u00e1s informaci\u00f3n sobre los servicios de revisi\u00f3n independiente de terceros de Greater Mental Health, comun\u00edquese con nosotros.","button":{"title":"Contact Us Today","url":"https:\/\/greatermentalhealth.org\/contact-us\/#gform_wrapper_1","target":""},"alignment":"-flip","color":"-cs:d1 -cs:i"}}]},"yoast_head":"<!-- This site is optimized with the Yoast SEO plugin v27.3 - https:\/\/yoast.com\/product\/yoast-seo-wordpress\/ -->\n<title>Independent Third Party Review &#8212; Greater Mental Health of New York<\/title>\n<meta name=\"robots\" content=\"index, follow, max-snippet:-1, max-image-preview:large, max-video-preview:-1\" \/>\n<link rel=\"canonical\" href=\"https:\/\/greatermentalhealth.org\/es\/third-party-review\/\" \/>\n<meta property=\"og:locale\" content=\"es_MX\" \/>\n<meta property=\"og:type\" content=\"article\" \/>\n<meta property=\"og:title\" content=\"Independent Third Party Review &#8212; Greater Mental Health of New York\" \/>\n<meta property=\"og:url\" content=\"https:\/\/greatermentalhealth.org\/es\/third-party-review\/\" \/>\n<meta property=\"og:site_name\" content=\"Greater Mental Health of New York\" \/>\n<meta property=\"article:publisher\" content=\"https:\/\/www.facebook.com\/greatermentalhealth\" \/>\n<meta property=\"article:modified_time\" content=\"2024-10-29T20:38:49+00:00\" \/>\n<meta property=\"og:image\" content=\"https:\/\/greatermentalhealth.org\/wp-content\/uploads\/2023\/12\/greater-mental-health-share.jpg\" \/>\n\t<meta property=\"og:image:width\" content=\"1200\" \/>\n\t<meta property=\"og:image:height\" content=\"630\" \/>\n\t<meta property=\"og:image:type\" content=\"image\/jpeg\" \/>\n<meta name=\"twitter:card\" content=\"summary_large_image\" \/>\n<meta name=\"twitter:label1\" content=\"Est. reading time\" \/>\n\t<meta name=\"twitter:data1\" content=\"2 minutes\" \/>\n<script type=\"application\/ld+json\" class=\"yoast-schema-graph\">{\"@context\":\"https:\\\/\\\/schema.org\",\"@graph\":[{\"@type\":\"WebPage\",\"@id\":\"https:\\\/\\\/greatermentalhealth.org\\\/third-party-review\\\/\",\"url\":\"https:\\\/\\\/greatermentalhealth.org\\\/third-party-review\\\/\",\"name\":\"Independent Third Party Review &#8212; Greater Mental Health of New York\",\"isPartOf\":{\"@id\":\"https:\\\/\\\/greatermentalhealth.org\\\/#website\"},\"datePublished\":\"2024-02-14T14:43:57+00:00\",\"dateModified\":\"2024-10-29T20:38:49+00:00\",\"breadcrumb\":{\"@id\":\"https:\\\/\\\/greatermentalhealth.org\\\/third-party-review\\\/#breadcrumb\"},\"inLanguage\":\"es-MX\",\"potentialAction\":[{\"@type\":\"ReadAction\",\"target\":[\"https:\\\/\\\/greatermentalhealth.org\\\/third-party-review\\\/\"]}]},{\"@type\":\"BreadcrumbList\",\"@id\":\"https:\\\/\\\/greatermentalhealth.org\\\/third-party-review\\\/#breadcrumb\",\"itemListElement\":[{\"@type\":\"ListItem\",\"position\":1,\"name\":\"Home\",\"item\":\"https:\\\/\\\/greatermentalhealth.org\\\/\"},{\"@type\":\"ListItem\",\"position\":2,\"name\":\"Independent Third Party Review\"}]},{\"@type\":\"WebSite\",\"@id\":\"https:\\\/\\\/greatermentalhealth.org\\\/#website\",\"url\":\"https:\\\/\\\/greatermentalhealth.org\\\/\",\"name\":\"Greater Mental Health of New York\",\"description\":\"We promote mental health through advocacy, community education and direct services.\",\"publisher\":{\"@id\":\"https:\\\/\\\/greatermentalhealth.org\\\/#organization\"},\"alternateName\":\"Greater Mental Health\",\"potentialAction\":[{\"@type\":\"SearchAction\",\"target\":{\"@type\":\"EntryPoint\",\"urlTemplate\":\"https:\\\/\\\/greatermentalhealth.org\\\/?s={search_term_string}\"},\"query-input\":{\"@type\":\"PropertyValueSpecification\",\"valueRequired\":true,\"valueName\":\"search_term_string\"}}],\"inLanguage\":\"es-MX\"},{\"@type\":\"Organization\",\"@id\":\"https:\\\/\\\/greatermentalhealth.org\\\/#organization\",\"name\":\"Greater Mental Health of New York\",\"alternateName\":\"Greater Mental Health\",\"url\":\"https:\\\/\\\/greatermentalhealth.org\\\/\",\"logo\":{\"@type\":\"ImageObject\",\"inLanguage\":\"es-MX\",\"@id\":\"https:\\\/\\\/greatermentalhealth.org\\\/#\\\/schema\\\/logo\\\/image\\\/\",\"url\":\"https:\\\/\\\/greatermentalhealth.org\\\/wp-content\\\/uploads\\\/2024\\\/06\\\/Classic.png\",\"contentUrl\":\"https:\\\/\\\/greatermentalhealth.org\\\/wp-content\\\/uploads\\\/2024\\\/06\\\/Classic.png\",\"width\":3375,\"height\":3375,\"caption\":\"Greater Mental Health of New York\"},\"image\":{\"@id\":\"https:\\\/\\\/greatermentalhealth.org\\\/#\\\/schema\\\/logo\\\/image\\\/\"},\"sameAs\":[\"https:\\\/\\\/www.facebook.com\\\/greatermentalhealth\",\"https:\\\/\\\/www.instagram.com\\\/greatermentalhealth\\\/\",\"https:\\\/\\\/www.linkedin.com\\\/company\\\/greatermentalhealth\\\/\"]}]}<\/script>\n<!-- \/ Yoast SEO plugin. -->","yoast_head_json":{"title":"Independent Third Party Review &#8212; Greater Mental Health of New York","robots":{"index":"index","follow":"follow","max-snippet":"max-snippet:-1","max-image-preview":"max-image-preview:large","max-video-preview":"max-video-preview:-1"},"canonical":"https:\/\/greatermentalhealth.org\/es\/third-party-review\/","og_locale":"es_MX","og_type":"article","og_title":"Independent Third Party Review &#8212; Greater Mental Health of New York","og_url":"https:\/\/greatermentalhealth.org\/es\/third-party-review\/","og_site_name":"Greater Mental Health of New York","article_publisher":"https:\/\/www.facebook.com\/greatermentalhealth","article_modified_time":"2024-10-29T20:38:49+00:00","og_image":[{"width":1200,"height":630,"url":"https:\/\/greatermentalhealth.org\/wp-content\/uploads\/2023\/12\/greater-mental-health-share.jpg","type":"image\/jpeg"}],"twitter_card":"summary_large_image","twitter_misc":{"Est. reading time":"2 minutes"},"schema":{"@context":"https:\/\/schema.org","@graph":[{"@type":"WebPage","@id":"https:\/\/greatermentalhealth.org\/third-party-review\/","url":"https:\/\/greatermentalhealth.org\/third-party-review\/","name":"Independent Third Party Review &#8212; Greater Mental Health of New York","isPartOf":{"@id":"https:\/\/greatermentalhealth.org\/#website"},"datePublished":"2024-02-14T14:43:57+00:00","dateModified":"2024-10-29T20:38:49+00:00","breadcrumb":{"@id":"https:\/\/greatermentalhealth.org\/third-party-review\/#breadcrumb"},"inLanguage":"es-MX","potentialAction":[{"@type":"ReadAction","target":["https:\/\/greatermentalhealth.org\/third-party-review\/"]}]},{"@type":"BreadcrumbList","@id":"https:\/\/greatermentalhealth.org\/third-party-review\/#breadcrumb","itemListElement":[{"@type":"ListItem","position":1,"name":"Home","item":"https:\/\/greatermentalhealth.org\/"},{"@type":"ListItem","position":2,"name":"Independent Third Party Review"}]},{"@type":"WebSite","@id":"https:\/\/greatermentalhealth.org\/#website","url":"https:\/\/greatermentalhealth.org\/","name":"Greater Mental Health of New York","description":"Promovemos la salud mental a trav\u00e9s de la defensa, la educaci\u00f3n comunitaria y los servicios directos.","publisher":{"@id":"https:\/\/greatermentalhealth.org\/#organization"},"alternateName":"Greater Mental Health","potentialAction":[{"@type":"SearchAction","target":{"@type":"EntryPoint","urlTemplate":"https:\/\/greatermentalhealth.org\/?s={search_term_string}"},"query-input":{"@type":"PropertyValueSpecification","valueRequired":true,"valueName":"search_term_string"}}],"inLanguage":"es-MX"},{"@type":"Organization","@id":"https:\/\/greatermentalhealth.org\/#organization","name":"Greater Mental Health of New York","alternateName":"Greater Mental Health","url":"https:\/\/greatermentalhealth.org\/","logo":{"@type":"ImageObject","inLanguage":"es-MX","@id":"https:\/\/greatermentalhealth.org\/#\/schema\/logo\/image\/","url":"https:\/\/greatermentalhealth.org\/wp-content\/uploads\/2024\/06\/Classic.png","contentUrl":"https:\/\/greatermentalhealth.org\/wp-content\/uploads\/2024\/06\/Classic.png","width":3375,"height":3375,"caption":"Greater Mental Health of New York"},"image":{"@id":"https:\/\/greatermentalhealth.org\/#\/schema\/logo\/image\/"},"sameAs":["https:\/\/www.facebook.com\/greatermentalhealth","https:\/\/www.instagram.com\/greatermentalhealth\/","https:\/\/www.linkedin.com\/company\/greatermentalhealth\/"]}]}},"_links":{"self":[{"href":"https:\/\/greatermentalhealth.org\/es\/wp-json\/wp\/v2\/pages\/593","targetHints":{"allow":["GET"]}}],"collection":[{"href":"https:\/\/greatermentalhealth.org\/es\/wp-json\/wp\/v2\/pages"}],"about":[{"href":"https:\/\/greatermentalhealth.org\/es\/wp-json\/wp\/v2\/types\/page"}],"author":[{"embeddable":true,"href":"https:\/\/greatermentalhealth.org\/es\/wp-json\/wp\/v2\/users\/7"}],"replies":[{"embeddable":true,"href":"https:\/\/greatermentalhealth.org\/es\/wp-json\/wp\/v2\/comments?post=593"}],"version-history":[{"count":0,"href":"https:\/\/greatermentalhealth.org\/es\/wp-json\/wp\/v2\/pages\/593\/revisions"}],"wp:attachment":[{"href":"https:\/\/greatermentalhealth.org\/es\/wp-json\/wp\/v2\/media?parent=593"}],"curies":[{"name":"wp","href":"https:\/\/api.w.org\/{rel}","templated":true}]}}