{"id":49,"date":"2023-11-30T21:47:37","date_gmt":"2023-12-01T02:47:37","guid":{"rendered":"https:\/\/greatermentalhealth.org\/?page_id=49"},"modified":"2024-06-05T14:09:14","modified_gmt":"2024-06-05T18:09:14","slug":"about","status":"publish","type":"page","link":"https:\/\/greatermentalhealth.org\/es\/about\/","title":{"rendered":"Acerca de"},"content":{"rendered":"","protected":false},"excerpt":{"rendered":"","protected":false},"author":2,"featured_media":0,"parent":0,"menu_order":0,"comment_status":"closed","ping_status":"closed","template":"","meta":{"_acf_changed":false,"_relevanssi_hide_post":"","_relevanssi_hide_content":"","_relevanssi_pin_for_all":"","_relevanssi_pin_keywords":"","_relevanssi_unpin_keywords":"","_relevanssi_related_keywords":"","_relevanssi_related_include_ids":"","_relevanssi_related_exclude_ids":"","_relevanssi_related_no_append":"","_relevanssi_related_not_related":"","_relevanssi_related_posts":"","_relevanssi_noindex_reason":""},"class_list":["post-49","page","type-page","status-publish","hentry"],"acf":{"details":{"description":"","image":""},"page_layout":[{"acf_fc_layout":"layout_wysiwyg","_acfe_flexible_toggle":"","component_wysiwyg":{"columns":"one","header":"","content":"<h3>Acerca de Greater Mental Health of New York<\/h3>\r\n<span style=\"font-weight: 400;\">Greater Mental Health of New York es el nuevo nombre de la entidad fusionada de The Mental Health Association of Westchester y The Mental Health Association of Rockland, dos agencias que tienen una larga historia de colaboraci\u00f3n y una misi\u00f3n y valores compartidos para promover la salud mental en todo el mundo. Regi\u00f3n del valle de Hudson.<\/span>\r\n<h4>Hoy. Ma\u00f1ana. Juntos.<\/h4>\r\n<span style=\"font-weight: 400;\">Durante casi 80 a\u00f1os, hemos promovido el bienestar mental y emocional de las personas en los condados de Westchester y Rockland y m\u00e1s all\u00e1.<\/span><span style=\"font-weight: 400;\"> Nuestra amplia gama de servicios de tratamiento de salud mental y uso de sustancias apoya a personas de todas las edades mientras navegan por sus viajes \u00fanicos, con el objetivo de brindar la atenci\u00f3n adecuada para cada individuo y sus objetivos. A trav\u00e9s de nuestros s\u00f3lidos servicios de atenci\u00f3n directa, as\u00ed como nuestros esfuerzos de defensa y oportunidades de educaci\u00f3n comunitaria, Greater Mental Health puede satisfacer las necesidades de miles de personas y familias cada a\u00f1o, ayud\u00e1ndolos a vivir una vida independiente en la comunidad.<\/span>","content_2":""}},{"acf_fc_layout":"layout_slideshow","_acfe_flexible_toggle":"","component_slideshow":{"slideshow_title":"Our care is...","slides":[{"image":894},{"image":896},{"image":895}]}},{"acf_fc_layout":"layout_wysiwyg","_acfe_flexible_toggle":"","component_wysiwyg":{"columns":"one","header":"","content":"<h4>Nuestra visi\u00f3n<\/h4>\r\n<span style=\"font-weight: 400;\">Un mundo donde todas las personas tengan acceso equitativo a apoyo y recursos integrales de salud mental, que les permitan fomentar su resiliencia personal y vivir con dignidad dentro de su comunidad. <\/span>\r\n<h4>Nuestra misi\u00f3n<\/h4>\r\n<span style=\"font-weight: 400;\">La misi\u00f3n de Greater Mental Health of New York es promover la salud mental a trav\u00e9s de la defensa, la educaci\u00f3n comunitaria y los servicios directos.<\/span>\r\n<h4>Nuestros valores<\/h4>\r\n<ul>\r\n \t<li style=\"font-weight: 400;\" aria-level=\"1\"><b>Esperanza<\/b><span style=\"font-weight: 400;\">: Fomentar la creencia de que las personas pueden encontrar el \u00e9xito, la felicidad y la satisfacci\u00f3n en sus vidas.<\/span><\/li>\r\n \t<li style=\"font-weight: 400;\" aria-level=\"1\"><b>Compromiso<\/b><span style=\"font-weight: 400;\">: Dedicarnos a brindar servicios de calidad y demostrar responsabilidad, rendici\u00f3n de cuentas, comportamiento \u00e9tico e integridad en todo lo que hacemos.<\/span><\/li>\r\n \t<li style=\"font-weight: 400;\" aria-level=\"1\"><b>Compasi\u00f3n<\/b><span style=\"font-weight: 400;\">: Brindar atenci\u00f3n y apoyo de calidad durante el proceso de recuperaci\u00f3n.<\/span><\/li>\r\n \t<li style=\"font-weight: 400;\" aria-level=\"1\"><b>Respeto<\/b><span style=\"font-weight: 400;\">: Aceptar y afirmar las cualidades, opiniones y diferencias culturales \u00fanicas de los individuos.<\/span><\/li>\r\n \t<li style=\"font-weight: 400;\" aria-level=\"1\"><b>Autodeterminaci\u00f3n<\/b><span style=\"font-weight: 400;\">: Fomentar la independencia y la autosuficiencia.<\/span><\/li>\r\n \t<li style=\"font-weight: 400;\" aria-level=\"1\"><b>Colaboraci\u00f3n<\/b>: Reconocer y promover asociaciones para aumentar los recursos y oportunidades disponibles para nuestra comunidad<\/li>\r\n<\/ul>","content_2":""}},{"acf_fc_layout":"layout_wysiwyg","_acfe_flexible_toggle":"","component_wysiwyg":{"columns":"one","header":"","content":"<i>Como cl\u00ednica comunitaria certificada de salud conductual, Greater Mental Health trabaja para ampliar la accesibilidad a la atenci\u00f3n y brindar servicios que aborden las necesidades complejas de las personas. Nuestros equipos de atenci\u00f3n altamente capacitados y compasivos pueden responder a las necesidades de personas de todas las edades y or\u00edgenes, incluidos, entre otros, veteranos y sus familias, personas que experimentan problemas de uso de sustancias y sus familias, y personas sin seguro o con seguro insuficiente. .<\/i>","content_2":""}},{"acf_fc_layout":"layout_image_and_text","_acfe_flexible_toggle":"","component_image_and_text":{"image":621,"heading":"We reach more than 15,000 individuals yearly through our mission focused on promoting mental health through advocacy efforts, community education, and services.","description":"El cuidado y el compromiso de los miembros de la comunidad dieron vida a nuestro trabajo en 1946, y es la generosidad continua de nuestros vecinos lo que nos proporciona una base s\u00f3lida hoy.","button":{"title":"Give your support today","url":"https:\/\/greatermentalhealth.org\/donate\/","target":""},"alignment":"","color":"-cs:b3 -cs:i"}}]},"yoast_head":"<!-- This site is optimized with the Yoast SEO plugin v27.3 - https:\/\/yoast.com\/product\/yoast-seo-wordpress\/ -->\n<title>About &#8212; Greater Mental Health of New York<\/title>\n<meta name=\"description\" content=\"Greater Mental Health of New York is the new name of the merged entity of The Mental Health Association of Westchester and The Mental Health Association of Rockland, two agencies who have a long history of collaboration and a shared mission and ethos for promoting mental health throughout the Hudson Valley region.\" \/>\n<meta name=\"robots\" content=\"index, follow, max-snippet:-1, max-image-preview:large, max-video-preview:-1\" \/>\n<link rel=\"canonical\" href=\"https:\/\/greatermentalhealth.org\/es\/about\/\" \/>\n<meta property=\"og:locale\" content=\"es_MX\" \/>\n<meta property=\"og:type\" content=\"article\" \/>\n<meta property=\"og:title\" content=\"About &#8212; Greater Mental Health of New York\" \/>\n<meta property=\"og:description\" content=\"Greater Mental Health of New York is the new name of the merged entity of The Mental Health Association of Westchester and The Mental Health Association of Rockland, two agencies who have a long history of collaboration and a shared mission and ethos for promoting mental health throughout the Hudson Valley region.\" \/>\n<meta property=\"og:url\" content=\"https:\/\/greatermentalhealth.org\/es\/about\/\" \/>\n<meta property=\"og:site_name\" content=\"Greater Mental Health of New York\" \/>\n<meta property=\"article:publisher\" content=\"https:\/\/www.facebook.com\/greatermentalhealth\" \/>\n<meta property=\"article:modified_time\" content=\"2024-06-05T18:09:14+00:00\" \/>\n<meta property=\"og:image\" content=\"https:\/\/greatermentalhealth.org\/wp-content\/uploads\/2023\/12\/greater-mental-health-share.jpg\" \/>\n\t<meta property=\"og:image:width\" content=\"1200\" \/>\n\t<meta property=\"og:image:height\" content=\"630\" \/>\n\t<meta property=\"og:image:type\" content=\"image\/jpeg\" \/>\n<meta name=\"twitter:card\" content=\"summary_large_image\" \/>\n<meta name=\"twitter:label1\" content=\"Est. reading time\" \/>\n\t<meta name=\"twitter:data1\" content=\"3 minutes\" \/>\n<script type=\"application\/ld+json\" class=\"yoast-schema-graph\">{\"@context\":\"https:\\\/\\\/schema.org\",\"@graph\":[{\"@type\":\"WebPage\",\"@id\":\"https:\\\/\\\/greatermentalhealth.org\\\/about\\\/\",\"url\":\"https:\\\/\\\/greatermentalhealth.org\\\/about\\\/\",\"name\":\"About &#8212; Greater Mental Health of New York\",\"isPartOf\":{\"@id\":\"https:\\\/\\\/greatermentalhealth.org\\\/#website\"},\"datePublished\":\"2023-12-01T02:47:37+00:00\",\"dateModified\":\"2024-06-05T18:09:14+00:00\",\"description\":\"Greater Mental Health of New York is the new name of the merged entity of The Mental Health Association of Westchester and The Mental Health Association of Rockland, two agencies who have a long history of collaboration and a shared mission and ethos for promoting mental health throughout the Hudson Valley region.\",\"breadcrumb\":{\"@id\":\"https:\\\/\\\/greatermentalhealth.org\\\/about\\\/#breadcrumb\"},\"inLanguage\":\"es-MX\",\"potentialAction\":[{\"@type\":\"ReadAction\",\"target\":[\"https:\\\/\\\/greatermentalhealth.org\\\/about\\\/\"]}]},{\"@type\":\"BreadcrumbList\",\"@id\":\"https:\\\/\\\/greatermentalhealth.org\\\/about\\\/#breadcrumb\",\"itemListElement\":[{\"@type\":\"ListItem\",\"position\":1,\"name\":\"Home\",\"item\":\"https:\\\/\\\/greatermentalhealth.org\\\/\"},{\"@type\":\"ListItem\",\"position\":2,\"name\":\"About\"}]},{\"@type\":\"WebSite\",\"@id\":\"https:\\\/\\\/greatermentalhealth.org\\\/#website\",\"url\":\"https:\\\/\\\/greatermentalhealth.org\\\/\",\"name\":\"Greater Mental Health of New York\",\"description\":\"We promote mental health through advocacy, community education and direct services.\",\"publisher\":{\"@id\":\"https:\\\/\\\/greatermentalhealth.org\\\/#organization\"},\"alternateName\":\"Greater Mental Health\",\"potentialAction\":[{\"@type\":\"SearchAction\",\"target\":{\"@type\":\"EntryPoint\",\"urlTemplate\":\"https:\\\/\\\/greatermentalhealth.org\\\/?s={search_term_string}\"},\"query-input\":{\"@type\":\"PropertyValueSpecification\",\"valueRequired\":true,\"valueName\":\"search_term_string\"}}],\"inLanguage\":\"es-MX\"},{\"@type\":\"Organization\",\"@id\":\"https:\\\/\\\/greatermentalhealth.org\\\/#organization\",\"name\":\"Greater Mental Health of New York\",\"alternateName\":\"Greater Mental Health\",\"url\":\"https:\\\/\\\/greatermentalhealth.org\\\/\",\"logo\":{\"@type\":\"ImageObject\",\"inLanguage\":\"es-MX\",\"@id\":\"https:\\\/\\\/greatermentalhealth.org\\\/#\\\/schema\\\/logo\\\/image\\\/\",\"url\":\"https:\\\/\\\/greatermentalhealth.org\\\/wp-content\\\/uploads\\\/2024\\\/06\\\/Classic.png\",\"contentUrl\":\"https:\\\/\\\/greatermentalhealth.org\\\/wp-content\\\/uploads\\\/2024\\\/06\\\/Classic.png\",\"width\":3375,\"height\":3375,\"caption\":\"Greater Mental Health of New York\"},\"image\":{\"@id\":\"https:\\\/\\\/greatermentalhealth.org\\\/#\\\/schema\\\/logo\\\/image\\\/\"},\"sameAs\":[\"https:\\\/\\\/www.facebook.com\\\/greatermentalhealth\",\"https:\\\/\\\/www.instagram.com\\\/greatermentalhealth\\\/\",\"https:\\\/\\\/www.linkedin.com\\\/company\\\/greatermentalhealth\\\/\"]}]}<\/script>\n<!-- \/ Yoast SEO plugin. -->","yoast_head_json":{"title":"About &#8212; Greater Mental Health of New York","description":"Greater Mental Health of New York es el nuevo nombre de la entidad fusionada de The Mental Health Association of Westchester y The Mental Health Association of Rockland, dos agencias que tienen una larga historia de colaboraci\u00f3n y una misi\u00f3n y valores compartidos para promover la salud mental en todo el mundo. Regi\u00f3n del valle de Hudson.","robots":{"index":"index","follow":"follow","max-snippet":"max-snippet:-1","max-image-preview":"max-image-preview:large","max-video-preview":"max-video-preview:-1"},"canonical":"https:\/\/greatermentalhealth.org\/es\/about\/","og_locale":"es_MX","og_type":"article","og_title":"About &#8212; Greater Mental Health of New York","og_description":"Greater Mental Health of New York is the new name of the merged entity of The Mental Health Association of Westchester and The Mental Health Association of Rockland, two agencies who have a long history of collaboration and a shared mission and ethos for promoting mental health throughout the Hudson Valley region.","og_url":"https:\/\/greatermentalhealth.org\/es\/about\/","og_site_name":"Greater Mental Health of New York","article_publisher":"https:\/\/www.facebook.com\/greatermentalhealth","article_modified_time":"2024-06-05T18:09:14+00:00","og_image":[{"width":1200,"height":630,"url":"https:\/\/greatermentalhealth.org\/wp-content\/uploads\/2023\/12\/greater-mental-health-share.jpg","type":"image\/jpeg"}],"twitter_card":"summary_large_image","twitter_misc":{"Est. reading time":"3 minutes"},"schema":{"@context":"https:\/\/schema.org","@graph":[{"@type":"WebPage","@id":"https:\/\/greatermentalhealth.org\/about\/","url":"https:\/\/greatermentalhealth.org\/about\/","name":"About &#8212; Greater Mental Health of New York","isPartOf":{"@id":"https:\/\/greatermentalhealth.org\/#website"},"datePublished":"2023-12-01T02:47:37+00:00","dateModified":"2024-06-05T18:09:14+00:00","description":"Greater Mental Health of New York es el nuevo nombre de la entidad fusionada de The Mental Health Association of Westchester y The Mental Health Association of Rockland, dos agencias que tienen una larga historia de colaboraci\u00f3n y una misi\u00f3n y valores compartidos para promover la salud mental en todo el mundo. Regi\u00f3n del valle de Hudson.","breadcrumb":{"@id":"https:\/\/greatermentalhealth.org\/about\/#breadcrumb"},"inLanguage":"es-MX","potentialAction":[{"@type":"ReadAction","target":["https:\/\/greatermentalhealth.org\/about\/"]}]},{"@type":"BreadcrumbList","@id":"https:\/\/greatermentalhealth.org\/about\/#breadcrumb","itemListElement":[{"@type":"ListItem","position":1,"name":"Home","item":"https:\/\/greatermentalhealth.org\/"},{"@type":"ListItem","position":2,"name":"About"}]},{"@type":"WebSite","@id":"https:\/\/greatermentalhealth.org\/#website","url":"https:\/\/greatermentalhealth.org\/","name":"Greater Mental Health of New York","description":"Promovemos la salud mental a trav\u00e9s de la defensa, la educaci\u00f3n comunitaria y los servicios directos.","publisher":{"@id":"https:\/\/greatermentalhealth.org\/#organization"},"alternateName":"Greater Mental Health","potentialAction":[{"@type":"SearchAction","target":{"@type":"EntryPoint","urlTemplate":"https:\/\/greatermentalhealth.org\/?s={search_term_string}"},"query-input":{"@type":"PropertyValueSpecification","valueRequired":true,"valueName":"search_term_string"}}],"inLanguage":"es-MX"},{"@type":"Organization","@id":"https:\/\/greatermentalhealth.org\/#organization","name":"Greater Mental Health of New York","alternateName":"Greater Mental Health","url":"https:\/\/greatermentalhealth.org\/","logo":{"@type":"ImageObject","inLanguage":"es-MX","@id":"https:\/\/greatermentalhealth.org\/#\/schema\/logo\/image\/","url":"https:\/\/greatermentalhealth.org\/wp-content\/uploads\/2024\/06\/Classic.png","contentUrl":"https:\/\/greatermentalhealth.org\/wp-content\/uploads\/2024\/06\/Classic.png","width":3375,"height":3375,"caption":"Greater Mental Health of New York"},"image":{"@id":"https:\/\/greatermentalhealth.org\/#\/schema\/logo\/image\/"},"sameAs":["https:\/\/www.facebook.com\/greatermentalhealth","https:\/\/www.instagram.com\/greatermentalhealth\/","https:\/\/www.linkedin.com\/company\/greatermentalhealth\/"]}]}},"_links":{"self":[{"href":"https:\/\/greatermentalhealth.org\/es\/wp-json\/wp\/v2\/pages\/49","targetHints":{"allow":["GET"]}}],"collection":[{"href":"https:\/\/greatermentalhealth.org\/es\/wp-json\/wp\/v2\/pages"}],"about":[{"href":"https:\/\/greatermentalhealth.org\/es\/wp-json\/wp\/v2\/types\/page"}],"author":[{"embeddable":true,"href":"https:\/\/greatermentalhealth.org\/es\/wp-json\/wp\/v2\/users\/2"}],"replies":[{"embeddable":true,"href":"https:\/\/greatermentalhealth.org\/es\/wp-json\/wp\/v2\/comments?post=49"}],"version-history":[{"count":0,"href":"https:\/\/greatermentalhealth.org\/es\/wp-json\/wp\/v2\/pages\/49\/revisions"}],"wp:attachment":[{"href":"https:\/\/greatermentalhealth.org\/es\/wp-json\/wp\/v2\/media?parent=49"}],"curies":[{"name":"wp","href":"https:\/\/api.w.org\/{rel}","templated":true}]}}