{"id":39,"date":"2023-11-30T21:45:18","date_gmt":"2023-12-01T02:45:18","guid":{"rendered":"https:\/\/greatermentalhealth.org\/?page_id=39"},"modified":"2024-06-11T13:21:58","modified_gmt":"2024-06-11T17:21:58","slug":"careers","status":"publish","type":"page","link":"https:\/\/greatermentalhealth.org\/es\/careers\/","title":{"rendered":"Carreras"},"content":{"rendered":"","protected":false},"excerpt":{"rendered":"","protected":false},"author":2,"featured_media":0,"parent":0,"menu_order":0,"comment_status":"closed","ping_status":"closed","template":"","meta":{"_acf_changed":false,"_relevanssi_hide_post":"","_relevanssi_hide_content":"","_relevanssi_pin_for_all":"","_relevanssi_pin_keywords":"","_relevanssi_unpin_keywords":"","_relevanssi_related_keywords":"","_relevanssi_related_include_ids":"","_relevanssi_related_exclude_ids":"","_relevanssi_related_no_append":"","_relevanssi_related_not_related":"","_relevanssi_related_posts":"","_relevanssi_noindex_reason":""},"class_list":["post-39","page","type-page","status-publish","hentry"],"acf":{"details":{"description":"","image":""},"page_layout":[{"acf_fc_layout":"layout_wysiwyg","_acfe_flexible_toggle":"","component_wysiwyg":{"columns":"one","header":"","content":"<h3>Fomento de la salud mental en nuestras comunidades y en nuestro lugar de trabajo<\/h3>\r\n<span style=\"font-weight: 400;\">Nuestro compromiso y compasi\u00f3n por nuestra comunidad comienza con un ambiente de trabajo en el que nuestros m\u00e1s de 500 miembros del personal son tratados con dignidad y respeto. \u201cCuidar al cuidador\u201d es crucial para nuestro trabajo, y continuamente exploramos e introducimos beneficios adicionales, oportunidades de conexi\u00f3n entre nosotros y formas innovadoras en las que podemos apoyar el crecimiento tanto personal como profesional.\u00a0<\/span>\r\n\r\n<span style=\"font-weight: 400;\">Estamos orgullosos de haber recibido durante varios a\u00f1os el Sello Platinum Bell de Mental Health America para la salud mental en el lugar de trabajo, una distinci\u00f3n que reconoce a Greater Mental Health of New York como un empleador que se esfuerza por crear un lugar de trabajo mentalmente saludable en el que los empleados se sientan valorados y apoyados. , seguro y respetado.&nbsp;<\/span>","content_2":""}},{"acf_fc_layout":"layout_banners","_acfe_flexible_toggle":"","component_banners":{"statement":"Join our team of passionate and caring staff who are dedicated to promoting mental&nbsp;health.","button":{"title":"Explore Job Openings","url":"https:\/\/workforcenow.adp.com\/mascsr\/default\/mdf\/recruitment\/recruitment.html?cid=7fceb6d1-01f1-4a56-a7dc-f548b6c213d8&ccId=19000101_000001&lang=en_US&selectedMenuKey=CareerCenter","target":""},"quote":"Every day I am here at Greater Mental Health of New York, I remember what I love to do and what I do&nbsp;best.","name":"\u00bfPor qu\u00e9 una mayor salud mental?","title_role":"","image":""}},{"acf_fc_layout":"layout_three_col_callout","_acfe_flexible_toggle":"","component_three_col_callout":{"title":"Nuestros pilares","subcopy":"","background":"grey","columns":[{"image":"","title":"Person-Centered","subcopy":"We use evidence-based practices to incorporate each individual\u2019s needs, goals, and decisions into treatment plans to increase success. We encourage an individual\u2019s independence and self-sufficiency through connection with community-based supports.","link":""},{"image":"","title":"Trauma-Informed","subcopy":"Our practice recognizes the widespread impact of trauma in our society and its effects on individuals\u2019 physical, mental, emotional, and social wellness journeys. With this in mind, we work to promote growth, resiliency, and recovery while not causing further harm. ","link":""},{"image":"","title":"Recovery-Oriented","subcopy":"Recovery is possible, and it looks different for everyone. Assisting individuals in defining their personal recovery goals and supporting their progress towards them is the basis of our work.","link":""}]}},{"acf_fc_layout":"layout_image","_acfe_flexible_toggle":"","component_image":{"image":1063,"helper_width":"wide"}},{"acf_fc_layout":"layout_wysiwyg","_acfe_flexible_toggle":"","component_wysiwyg":{"columns":"two","header":"Our Workplace","content":"<h5>Beneficios<\/h5>\r\n<span style=\"font-weight: 400;\">Fomentamos una cultura de inclusi\u00f3n reconociendo y apreciando las diferentes necesidades del personal y sus familias. Ofrecemos salarios competitivos y opciones de atenci\u00f3n m\u00e9dica, programas de equilibrio de vida, planes de jubilaci\u00f3n s\u00f3lidos con contribuciones del empleador, desarrollo profesional, iniciativas de bienestar y horarios de trabajo flexibles. Nuestro paquete de beneficios respalda el bienestar total de los empleados ayud\u00e1ndolos a ser mejores y m\u00e1s productivos.<\/span>\r\n\r\n&nbsp;\r\n<h5>Diversidad, Equidad, Inclusi\u00f3n y Humildad<\/h5>\r\n<span style=\"font-weight: 400;\">En Greater Mental Health of New York, Diversidad, Equidad, Inclusi\u00f3n y Humildad significa reconocer, respetar, apreciar y valorar aut\u00e9nticamente las diferencias, al mismo tiempo que se fomenta un entorno justo con acceso a oportunidades que sea atractivo, inclusivo y abierto al aprendizaje y la mejora continuos. Nuestro Comit\u00e9 de Competencia Cultural y Humildad (CCHC) garantiza que el trabajo de diversidad, equidad, inclusi\u00f3n y humildad sea, y siga siendo, el centro del trabajo que realizamos dentro de Greater Mental Health of New York como agencia, lado a lado. con la prestaci\u00f3n de servicios de alta calidad.&nbsp;<\/span>","content_2":"<h5>Flexibility<\/h5>\r\n<span style=\"font-weight: 400;\">At Greater Mental Health of New York, we prioritize the well-being of our employees and their families. With our range of flexible work schedules available for multiple positions, we pride ourselves on being one of the most family-friendly places to work. Whether you\u2019re pursuing higher education or seeking a better integration of work and personal life, our flexible options ensure that you can thrive both personally and professionally.<\/span>\r\n\r\n&nbsp;\r\n<h5>Growth Opportunities<\/h5>\r\n<span style=\"font-weight: 400;\">We cultivate a professional, yet personable working environment with room for career development and personal growth. We offer a variety of free continuing education opportunities to support the professional development of Licensed Master Social Workers (LMSW), Licensed Clinical Social Workers (LCSW), Licensed Mental Health Counselors (LMHC), and Psychologists&nbsp;(PsyD).\u00a0<\/span>"}},{"acf_fc_layout":"layout_wysiwyg","_acfe_flexible_toggle":"","component_wysiwyg":{"columns":"one","header":"Our Workplace","content":"<i><span style=\"font-weight: 400;\">Greater Mental Health of New York acepta solicitudes basadas \u00fanicamente en las calificaciones del solicitante. Consideramos solicitantes para todos los puestos sin distinci\u00f3n de raza, color, religi\u00f3n, g\u00e9nero, origen nacional, edad, estado civil o de veterano, orientaci\u00f3n sexual o discapacidad o cualquier otro estado legalmente protegido. El respeto y la igualdad de oportunidades se aplican a todas las personas. La demostraci\u00f3n de los conocimientos, habilidades y capacidades para realizar con \u00e9xito un trabajo es la consideraci\u00f3n principal al seleccionar un candidato para el empleo.&nbsp;<\/span><\/i>","content_2":"<h5>Flexibility<\/h5>\r\n<span style=\"font-weight: 400;\">At Greater Mental Health of New York, we prioritize the well-being of our employees and their families. With our range of flexible work schedules available for multiple positions, we pride ourselves on being one of the most family-friendly places to work. Whether you\u2019re pursuing higher education or seeking a better integration of work and personal life, our flexible options ensure that you can thrive both personally and professionally.<\/span>\r\n<h5>Growth Opportunities<\/h5>\r\n<span style=\"font-weight: 400;\">We cultivate a professional, yet personable working environment with room for career development and personal growth. We offer a variety of free continuing education opportunities to support the professional development of Licensed Master Social Workers (LMSW), Licensed Clinical Social Workers (LCSW), Licensed Mental Health Counselors (LMHC), and Psychologists (PsyD). We also offer opportunities for tuition reimbursement, helping staff members continue to gain knowledge that will support their careers and those they&nbsp;serve.<\/span>"}}]},"yoast_head":"<!-- This site is optimized with the Yoast SEO plugin v27.3 - https:\/\/yoast.com\/product\/yoast-seo-wordpress\/ -->\n<title>Careers &#8212; Greater Mental Health of New York<\/title>\n<meta name=\"robots\" content=\"index, follow, max-snippet:-1, max-image-preview:large, max-video-preview:-1\" \/>\n<link rel=\"canonical\" href=\"https:\/\/greatermentalhealth.org\/es\/careers\/\" \/>\n<meta property=\"og:locale\" content=\"es_MX\" \/>\n<meta property=\"og:type\" content=\"article\" \/>\n<meta property=\"og:title\" content=\"Careers &#8212; Greater Mental Health of New York\" \/>\n<meta property=\"og:url\" content=\"https:\/\/greatermentalhealth.org\/es\/careers\/\" \/>\n<meta property=\"og:site_name\" content=\"Greater Mental Health of New York\" \/>\n<meta property=\"article:publisher\" content=\"https:\/\/www.facebook.com\/greatermentalhealth\" \/>\n<meta property=\"article:modified_time\" content=\"2024-06-11T17:21:58+00:00\" \/>\n<meta property=\"og:image\" content=\"https:\/\/greatermentalhealth.org\/wp-content\/uploads\/2023\/12\/greater-mental-health-share.jpg\" \/>\n\t<meta property=\"og:image:width\" content=\"1200\" \/>\n\t<meta property=\"og:image:height\" content=\"630\" \/>\n\t<meta property=\"og:image:type\" content=\"image\/jpeg\" \/>\n<meta name=\"twitter:card\" content=\"summary_large_image\" \/>\n<meta name=\"twitter:label1\" content=\"Est. reading time\" \/>\n\t<meta name=\"twitter:data1\" content=\"4 minutes\" \/>\n<script type=\"application\/ld+json\" class=\"yoast-schema-graph\">{\"@context\":\"https:\\\/\\\/schema.org\",\"@graph\":[{\"@type\":\"WebPage\",\"@id\":\"https:\\\/\\\/greatermentalhealth.org\\\/careers\\\/\",\"url\":\"https:\\\/\\\/greatermentalhealth.org\\\/careers\\\/\",\"name\":\"Careers &#8212; Greater Mental Health of New York\",\"isPartOf\":{\"@id\":\"https:\\\/\\\/greatermentalhealth.org\\\/#website\"},\"datePublished\":\"2023-12-01T02:45:18+00:00\",\"dateModified\":\"2024-06-11T17:21:58+00:00\",\"breadcrumb\":{\"@id\":\"https:\\\/\\\/greatermentalhealth.org\\\/careers\\\/#breadcrumb\"},\"inLanguage\":\"es-MX\",\"potentialAction\":[{\"@type\":\"ReadAction\",\"target\":[\"https:\\\/\\\/greatermentalhealth.org\\\/careers\\\/\"]}]},{\"@type\":\"BreadcrumbList\",\"@id\":\"https:\\\/\\\/greatermentalhealth.org\\\/careers\\\/#breadcrumb\",\"itemListElement\":[{\"@type\":\"ListItem\",\"position\":1,\"name\":\"Home\",\"item\":\"https:\\\/\\\/greatermentalhealth.org\\\/\"},{\"@type\":\"ListItem\",\"position\":2,\"name\":\"Careers\"}]},{\"@type\":\"WebSite\",\"@id\":\"https:\\\/\\\/greatermentalhealth.org\\\/#website\",\"url\":\"https:\\\/\\\/greatermentalhealth.org\\\/\",\"name\":\"Greater Mental Health of New York\",\"description\":\"We promote mental health through advocacy, community education and direct services.\",\"publisher\":{\"@id\":\"https:\\\/\\\/greatermentalhealth.org\\\/#organization\"},\"alternateName\":\"Greater Mental Health\",\"potentialAction\":[{\"@type\":\"SearchAction\",\"target\":{\"@type\":\"EntryPoint\",\"urlTemplate\":\"https:\\\/\\\/greatermentalhealth.org\\\/?s={search_term_string}\"},\"query-input\":{\"@type\":\"PropertyValueSpecification\",\"valueRequired\":true,\"valueName\":\"search_term_string\"}}],\"inLanguage\":\"es-MX\"},{\"@type\":\"Organization\",\"@id\":\"https:\\\/\\\/greatermentalhealth.org\\\/#organization\",\"name\":\"Greater Mental Health of New York\",\"alternateName\":\"Greater Mental Health\",\"url\":\"https:\\\/\\\/greatermentalhealth.org\\\/\",\"logo\":{\"@type\":\"ImageObject\",\"inLanguage\":\"es-MX\",\"@id\":\"https:\\\/\\\/greatermentalhealth.org\\\/#\\\/schema\\\/logo\\\/image\\\/\",\"url\":\"https:\\\/\\\/greatermentalhealth.org\\\/wp-content\\\/uploads\\\/2024\\\/06\\\/Classic.png\",\"contentUrl\":\"https:\\\/\\\/greatermentalhealth.org\\\/wp-content\\\/uploads\\\/2024\\\/06\\\/Classic.png\",\"width\":3375,\"height\":3375,\"caption\":\"Greater Mental Health of New York\"},\"image\":{\"@id\":\"https:\\\/\\\/greatermentalhealth.org\\\/#\\\/schema\\\/logo\\\/image\\\/\"},\"sameAs\":[\"https:\\\/\\\/www.facebook.com\\\/greatermentalhealth\",\"https:\\\/\\\/www.instagram.com\\\/greatermentalhealth\\\/\",\"https:\\\/\\\/www.linkedin.com\\\/company\\\/greatermentalhealth\\\/\"]}]}<\/script>\n<!-- \/ Yoast SEO plugin. -->","yoast_head_json":{"title":"Careers &#8212; Greater Mental Health of New York","robots":{"index":"index","follow":"follow","max-snippet":"max-snippet:-1","max-image-preview":"max-image-preview:large","max-video-preview":"max-video-preview:-1"},"canonical":"https:\/\/greatermentalhealth.org\/es\/careers\/","og_locale":"es_MX","og_type":"article","og_title":"Careers &#8212; Greater Mental Health of New York","og_url":"https:\/\/greatermentalhealth.org\/es\/careers\/","og_site_name":"Greater Mental Health of New York","article_publisher":"https:\/\/www.facebook.com\/greatermentalhealth","article_modified_time":"2024-06-11T17:21:58+00:00","og_image":[{"width":1200,"height":630,"url":"https:\/\/greatermentalhealth.org\/wp-content\/uploads\/2023\/12\/greater-mental-health-share.jpg","type":"image\/jpeg"}],"twitter_card":"summary_large_image","twitter_misc":{"Est. reading time":"4 minutes"},"schema":{"@context":"https:\/\/schema.org","@graph":[{"@type":"WebPage","@id":"https:\/\/greatermentalhealth.org\/careers\/","url":"https:\/\/greatermentalhealth.org\/careers\/","name":"Careers &#8212; Greater Mental Health of New York","isPartOf":{"@id":"https:\/\/greatermentalhealth.org\/#website"},"datePublished":"2023-12-01T02:45:18+00:00","dateModified":"2024-06-11T17:21:58+00:00","breadcrumb":{"@id":"https:\/\/greatermentalhealth.org\/careers\/#breadcrumb"},"inLanguage":"es-MX","potentialAction":[{"@type":"ReadAction","target":["https:\/\/greatermentalhealth.org\/careers\/"]}]},{"@type":"BreadcrumbList","@id":"https:\/\/greatermentalhealth.org\/careers\/#breadcrumb","itemListElement":[{"@type":"ListItem","position":1,"name":"Home","item":"https:\/\/greatermentalhealth.org\/"},{"@type":"ListItem","position":2,"name":"Careers"}]},{"@type":"WebSite","@id":"https:\/\/greatermentalhealth.org\/#website","url":"https:\/\/greatermentalhealth.org\/","name":"Greater Mental Health of New York","description":"Promovemos la salud mental a trav\u00e9s de la defensa, la educaci\u00f3n comunitaria y los servicios directos.","publisher":{"@id":"https:\/\/greatermentalhealth.org\/#organization"},"alternateName":"Greater Mental Health","potentialAction":[{"@type":"SearchAction","target":{"@type":"EntryPoint","urlTemplate":"https:\/\/greatermentalhealth.org\/?s={search_term_string}"},"query-input":{"@type":"PropertyValueSpecification","valueRequired":true,"valueName":"search_term_string"}}],"inLanguage":"es-MX"},{"@type":"Organization","@id":"https:\/\/greatermentalhealth.org\/#organization","name":"Greater Mental Health of New York","alternateName":"Greater Mental Health","url":"https:\/\/greatermentalhealth.org\/","logo":{"@type":"ImageObject","inLanguage":"es-MX","@id":"https:\/\/greatermentalhealth.org\/#\/schema\/logo\/image\/","url":"https:\/\/greatermentalhealth.org\/wp-content\/uploads\/2024\/06\/Classic.png","contentUrl":"https:\/\/greatermentalhealth.org\/wp-content\/uploads\/2024\/06\/Classic.png","width":3375,"height":3375,"caption":"Greater Mental Health of New York"},"image":{"@id":"https:\/\/greatermentalhealth.org\/#\/schema\/logo\/image\/"},"sameAs":["https:\/\/www.facebook.com\/greatermentalhealth","https:\/\/www.instagram.com\/greatermentalhealth\/","https:\/\/www.linkedin.com\/company\/greatermentalhealth\/"]}]}},"_links":{"self":[{"href":"https:\/\/greatermentalhealth.org\/es\/wp-json\/wp\/v2\/pages\/39","targetHints":{"allow":["GET"]}}],"collection":[{"href":"https:\/\/greatermentalhealth.org\/es\/wp-json\/wp\/v2\/pages"}],"about":[{"href":"https:\/\/greatermentalhealth.org\/es\/wp-json\/wp\/v2\/types\/page"}],"author":[{"embeddable":true,"href":"https:\/\/greatermentalhealth.org\/es\/wp-json\/wp\/v2\/users\/2"}],"replies":[{"embeddable":true,"href":"https:\/\/greatermentalhealth.org\/es\/wp-json\/wp\/v2\/comments?post=39"}],"version-history":[{"count":0,"href":"https:\/\/greatermentalhealth.org\/es\/wp-json\/wp\/v2\/pages\/39\/revisions"}],"wp:attachment":[{"href":"https:\/\/greatermentalhealth.org\/es\/wp-json\/wp\/v2\/media?parent=39"}],"curies":[{"name":"wp","href":"https:\/\/api.w.org\/{rel}","templated":true}]}}