{"id":37,"date":"2023-11-30T21:45:18","date_gmt":"2023-12-01T02:45:18","guid":{"rendered":"https:\/\/greatermentalhealth.org\/?page_id=37"},"modified":"2025-08-14T14:47:20","modified_gmt":"2025-08-14T18:47:20","slug":"referral-resources","status":"publish","type":"page","link":"https:\/\/greatermentalhealth.org\/es\/referral-resources\/","title":{"rendered":"Recursos de referencia"},"content":{"rendered":"","protected":false},"excerpt":{"rendered":"","protected":false},"author":2,"featured_media":0,"parent":0,"menu_order":0,"comment_status":"closed","ping_status":"closed","template":"","meta":{"_acf_changed":false,"_relevanssi_hide_post":"","_relevanssi_hide_content":"","_relevanssi_pin_for_all":"","_relevanssi_pin_keywords":"","_relevanssi_unpin_keywords":"","_relevanssi_related_keywords":"","_relevanssi_related_include_ids":"","_relevanssi_related_exclude_ids":"","_relevanssi_related_no_append":"","_relevanssi_related_not_related":"","_relevanssi_related_posts":"","_relevanssi_noindex_reason":""},"class_list":["post-37","page","type-page","status-publish","hentry"],"acf":{"details":{"description":"","image":""},"page_layout":[{"acf_fc_layout":"layout_paragraphs_cta","_acfe_flexible_toggle":"","component_paragraphs_cta":{"header_1":"Referral Resources","paragraph_1":"At Greater Mental Health of New York, we understand the impact of social determinants of health on medical outcomes. Therefore, our focus is on addressing all aspects of an individual\u2019s well-being. We strive to connect individuals with community resources that cater to their needs, ensuring the highest quality of behavioral health outcomes. Central to our approach is seamless care coordination with referring providers and other community-based support services. Our professionals complement the services offered by referring providers, creating personalized service plans tailored to meet the specific needs of your clients and your work with&nbsp;them.","header_2":"Make a referral","paragraph_2":"To make a referral, download our PDF Referral Form, fill in your information, and save a copy. Then, fax the form to (914) 347-8859, attention Central Scheduler. Referrals are for clinics only. For all other programs and services, please fill out our Contact Form.\r\n\r\nIntakes are processed within 24-48 hours of receipt. Due to the high call volume, we will relay the appointment information to you as soon as possible via phone. If the above form is incomplete, scheduling can be&nbsp;delayed.","button":{"title":"PDF Referral Form (Clinics Only)","url":"https:\/\/greatermentalhealth.org\/wp-content\/uploads\/2024\/07\/Referral-Form-Editable-PDF-UPDATED.pdf","target":"_blank"}}},{"acf_fc_layout":"layout_wysiwyg","_acfe_flexible_toggle":"","component_wysiwyg":{"columns":"one","header":"","content":"<h3><\/h3>\r\n&nbsp;\r\n<h3>Nuestro enfoque<\/h3>\r\n<span style=\"font-weight: 400;\">Al recomendar a sus clientes a Greater Mental Health, puede desempe\u00f1ar un papel vital en su proceso de recuperaci\u00f3n.<\/span>\r\n<h5><img class=\"wp-image-35\" style=\"font-size: 16px;\" src=\"https:\/\/greatermentalhealth.org\/wp-content\/uploads\/2023\/11\/Rectangle-2-300x196.jpg\" alt=\"\" width=\"708\" height=\"463\" \/><\/h5>\r\n<h5>Ofrecemos:<\/h5>\r\n<ul>\r\n \t<li style=\"font-weight: 400;\" aria-level=\"1\"><b>Conexi\u00f3n a recursos: <\/b><span style=\"font-weight: 400;\">Nuestros profesionales utilizan los determinantes sociales de la salud como base, adem\u00e1s de abordar otras \u00e1reas del bienestar, para conectar de manera efectiva a los participantes con recursos que satisfagan sus necesidades.\u00a0<\/span><\/li>\r\n \t<li style=\"font-weight: 400;\" aria-level=\"1\"><b>Pr\u00e1cticas basadas en evidencia:<\/b><span style=\"font-weight: 400;\"> Utilizamos pr\u00e1cticas basadas en evidencia, como una variedad de servicios de pares, entrenamiento y rehabilitaci\u00f3n psiqui\u00e1trica y psicosocial para empoderar a los clientes en sus objetivos y prop\u00f3sitos de recuperaci\u00f3n.<\/span><\/li>\r\n \t<li style=\"font-weight: 400;\" aria-level=\"1\"><b>Comunicaci\u00f3n continua: <\/b><span style=\"font-weight: 400;\">Trabajamos estrechamente con cada cliente desde su ingreso para lograr sus objetivos de vida de una manera responsablemente espec\u00edfica y medida en el tiempo para promover la mejora continua de la recuperaci\u00f3n y el logro de objetivos.\u00a0<\/span><\/li>\r\n \t<li style=\"font-weight: 400;\" aria-level=\"1\"><b>Planes de servicio individualizados: <\/b><span style=\"font-weight: 400;\">Entendemos que el viaje de cada persona es \u00fanico. Para ello, crearemos planes de servicio personalizados adaptados a las necesidades espec\u00edficas de sus clientes. <\/span><i><span style=\"font-weight: 400;\">y <\/span><\/i><span style=\"font-weight: 400;\">tu trabajo con ellos. <\/span><\/li>\r\n \t<li style=\"font-weight: 400;\" aria-level=\"1\"><b>Barreras reducidas a la atenci\u00f3n:<\/b> Como cl\u00ednica comunitaria certificada de salud conductual, Greater Mental Health trabaja para ampliar la accesibilidad a la atenci\u00f3n y brindar planes de tratamiento integrales que aborden las necesidades complejas de las personas. Tenemos los recursos para poblaciones espec\u00edficas, que incluyen, entre otros: veteranos y sus familias, personas que experimentan problemas de uso de sustancias y sus familias, y personas que no tienen seguro o tienen un seguro insuficiente.<\/li>\r\n<\/ul>","content_2":""}},{"acf_fc_layout":"layout_image_and_text","_acfe_flexible_toggle":"","component_image_and_text":{"image":36,"heading":"Contact Us Today","description":"Whether you have questions about our referral system, services, or community partners, we\u2019re just a message away. Reach out to us today, and we\u2019ll get back to you as soon as possible. In addition to the contact form at the link below, you can connect with a team member in Westchester by calling 914-345-0700, ext. 7303, or connect with a team member in Rockland by calling 845-267-2172, ext.&nbsp;296.","button":{"title":"Contact Us Today","url":"https:\/\/greatermentalhealth.org\/contact-us\/#gform_wrapper_1","target":""},"alignment":"","color":"-cs:d1 -cs:i"}}]},"yoast_head":"<!-- This site is optimized with the Yoast SEO plugin v27.3 - https:\/\/yoast.com\/product\/yoast-seo-wordpress\/ -->\n<title>Referral Resources &#8212; Greater Mental Health of New York<\/title>\n<meta name=\"robots\" content=\"index, follow, max-snippet:-1, max-image-preview:large, max-video-preview:-1\" \/>\n<link rel=\"canonical\" href=\"https:\/\/greatermentalhealth.org\/es\/referral-resources\/\" \/>\n<meta property=\"og:locale\" content=\"es_MX\" \/>\n<meta property=\"og:type\" content=\"article\" \/>\n<meta property=\"og:title\" content=\"Referral Resources &#8212; Greater Mental Health of New York\" \/>\n<meta property=\"og:url\" content=\"https:\/\/greatermentalhealth.org\/es\/referral-resources\/\" \/>\n<meta property=\"og:site_name\" content=\"Greater Mental Health of New York\" \/>\n<meta property=\"article:publisher\" content=\"https:\/\/www.facebook.com\/greatermentalhealth\" \/>\n<meta property=\"article:modified_time\" content=\"2025-08-14T18:47:20+00:00\" \/>\n<meta property=\"og:image\" content=\"https:\/\/greatermentalhealth.org\/wp-content\/uploads\/2023\/12\/greater-mental-health-share.jpg\" \/>\n\t<meta property=\"og:image:width\" content=\"1200\" \/>\n\t<meta property=\"og:image:height\" content=\"630\" \/>\n\t<meta property=\"og:image:type\" content=\"image\/jpeg\" \/>\n<meta name=\"twitter:card\" content=\"summary_large_image\" \/>\n<meta name=\"twitter:label1\" content=\"Est. reading time\" \/>\n\t<meta name=\"twitter:data1\" content=\"3 minutes\" \/>\n<script type=\"application\/ld+json\" class=\"yoast-schema-graph\">{\"@context\":\"https:\\\/\\\/schema.org\",\"@graph\":[{\"@type\":\"WebPage\",\"@id\":\"https:\\\/\\\/greatermentalhealth.org\\\/referral-resources\\\/\",\"url\":\"https:\\\/\\\/greatermentalhealth.org\\\/referral-resources\\\/\",\"name\":\"Referral Resources &#8212; Greater Mental Health of New York\",\"isPartOf\":{\"@id\":\"https:\\\/\\\/greatermentalhealth.org\\\/#website\"},\"datePublished\":\"2023-12-01T02:45:18+00:00\",\"dateModified\":\"2025-08-14T18:47:20+00:00\",\"breadcrumb\":{\"@id\":\"https:\\\/\\\/greatermentalhealth.org\\\/referral-resources\\\/#breadcrumb\"},\"inLanguage\":\"es-MX\",\"potentialAction\":[{\"@type\":\"ReadAction\",\"target\":[\"https:\\\/\\\/greatermentalhealth.org\\\/referral-resources\\\/\"]}]},{\"@type\":\"BreadcrumbList\",\"@id\":\"https:\\\/\\\/greatermentalhealth.org\\\/referral-resources\\\/#breadcrumb\",\"itemListElement\":[{\"@type\":\"ListItem\",\"position\":1,\"name\":\"Home\",\"item\":\"https:\\\/\\\/greatermentalhealth.org\\\/\"},{\"@type\":\"ListItem\",\"position\":2,\"name\":\"Referral Resources\"}]},{\"@type\":\"WebSite\",\"@id\":\"https:\\\/\\\/greatermentalhealth.org\\\/#website\",\"url\":\"https:\\\/\\\/greatermentalhealth.org\\\/\",\"name\":\"Greater Mental Health of New York\",\"description\":\"We promote mental health through advocacy, community education and direct services.\",\"publisher\":{\"@id\":\"https:\\\/\\\/greatermentalhealth.org\\\/#organization\"},\"alternateName\":\"Greater Mental Health\",\"potentialAction\":[{\"@type\":\"SearchAction\",\"target\":{\"@type\":\"EntryPoint\",\"urlTemplate\":\"https:\\\/\\\/greatermentalhealth.org\\\/?s={search_term_string}\"},\"query-input\":{\"@type\":\"PropertyValueSpecification\",\"valueRequired\":true,\"valueName\":\"search_term_string\"}}],\"inLanguage\":\"es-MX\"},{\"@type\":\"Organization\",\"@id\":\"https:\\\/\\\/greatermentalhealth.org\\\/#organization\",\"name\":\"Greater Mental Health of New York\",\"alternateName\":\"Greater Mental Health\",\"url\":\"https:\\\/\\\/greatermentalhealth.org\\\/\",\"logo\":{\"@type\":\"ImageObject\",\"inLanguage\":\"es-MX\",\"@id\":\"https:\\\/\\\/greatermentalhealth.org\\\/#\\\/schema\\\/logo\\\/image\\\/\",\"url\":\"https:\\\/\\\/greatermentalhealth.org\\\/wp-content\\\/uploads\\\/2024\\\/06\\\/Classic.png\",\"contentUrl\":\"https:\\\/\\\/greatermentalhealth.org\\\/wp-content\\\/uploads\\\/2024\\\/06\\\/Classic.png\",\"width\":3375,\"height\":3375,\"caption\":\"Greater Mental Health of New York\"},\"image\":{\"@id\":\"https:\\\/\\\/greatermentalhealth.org\\\/#\\\/schema\\\/logo\\\/image\\\/\"},\"sameAs\":[\"https:\\\/\\\/www.facebook.com\\\/greatermentalhealth\",\"https:\\\/\\\/www.instagram.com\\\/greatermentalhealth\\\/\",\"https:\\\/\\\/www.linkedin.com\\\/company\\\/greatermentalhealth\\\/\"]}]}<\/script>\n<!-- \/ Yoast SEO plugin. -->","yoast_head_json":{"title":"Referral Resources &#8212; Greater Mental Health of New York","robots":{"index":"index","follow":"follow","max-snippet":"max-snippet:-1","max-image-preview":"max-image-preview:large","max-video-preview":"max-video-preview:-1"},"canonical":"https:\/\/greatermentalhealth.org\/es\/referral-resources\/","og_locale":"es_MX","og_type":"article","og_title":"Referral Resources &#8212; Greater Mental Health of New York","og_url":"https:\/\/greatermentalhealth.org\/es\/referral-resources\/","og_site_name":"Greater Mental Health of New York","article_publisher":"https:\/\/www.facebook.com\/greatermentalhealth","article_modified_time":"2025-08-14T18:47:20+00:00","og_image":[{"width":1200,"height":630,"url":"https:\/\/greatermentalhealth.org\/wp-content\/uploads\/2023\/12\/greater-mental-health-share.jpg","type":"image\/jpeg"}],"twitter_card":"summary_large_image","twitter_misc":{"Est. reading time":"3 minutes"},"schema":{"@context":"https:\/\/schema.org","@graph":[{"@type":"WebPage","@id":"https:\/\/greatermentalhealth.org\/referral-resources\/","url":"https:\/\/greatermentalhealth.org\/referral-resources\/","name":"Referral Resources &#8212; Greater Mental Health of New York","isPartOf":{"@id":"https:\/\/greatermentalhealth.org\/#website"},"datePublished":"2023-12-01T02:45:18+00:00","dateModified":"2025-08-14T18:47:20+00:00","breadcrumb":{"@id":"https:\/\/greatermentalhealth.org\/referral-resources\/#breadcrumb"},"inLanguage":"es-MX","potentialAction":[{"@type":"ReadAction","target":["https:\/\/greatermentalhealth.org\/referral-resources\/"]}]},{"@type":"BreadcrumbList","@id":"https:\/\/greatermentalhealth.org\/referral-resources\/#breadcrumb","itemListElement":[{"@type":"ListItem","position":1,"name":"Home","item":"https:\/\/greatermentalhealth.org\/"},{"@type":"ListItem","position":2,"name":"Referral Resources"}]},{"@type":"WebSite","@id":"https:\/\/greatermentalhealth.org\/#website","url":"https:\/\/greatermentalhealth.org\/","name":"Greater Mental Health of New York","description":"Promovemos la salud mental a trav\u00e9s de la defensa, la educaci\u00f3n comunitaria y los servicios directos.","publisher":{"@id":"https:\/\/greatermentalhealth.org\/#organization"},"alternateName":"Greater Mental Health","potentialAction":[{"@type":"SearchAction","target":{"@type":"EntryPoint","urlTemplate":"https:\/\/greatermentalhealth.org\/?s={search_term_string}"},"query-input":{"@type":"PropertyValueSpecification","valueRequired":true,"valueName":"search_term_string"}}],"inLanguage":"es-MX"},{"@type":"Organization","@id":"https:\/\/greatermentalhealth.org\/#organization","name":"Greater Mental Health of New York","alternateName":"Greater Mental Health","url":"https:\/\/greatermentalhealth.org\/","logo":{"@type":"ImageObject","inLanguage":"es-MX","@id":"https:\/\/greatermentalhealth.org\/#\/schema\/logo\/image\/","url":"https:\/\/greatermentalhealth.org\/wp-content\/uploads\/2024\/06\/Classic.png","contentUrl":"https:\/\/greatermentalhealth.org\/wp-content\/uploads\/2024\/06\/Classic.png","width":3375,"height":3375,"caption":"Greater Mental Health of New York"},"image":{"@id":"https:\/\/greatermentalhealth.org\/#\/schema\/logo\/image\/"},"sameAs":["https:\/\/www.facebook.com\/greatermentalhealth","https:\/\/www.instagram.com\/greatermentalhealth\/","https:\/\/www.linkedin.com\/company\/greatermentalhealth\/"]}]}},"_links":{"self":[{"href":"https:\/\/greatermentalhealth.org\/es\/wp-json\/wp\/v2\/pages\/37","targetHints":{"allow":["GET"]}}],"collection":[{"href":"https:\/\/greatermentalhealth.org\/es\/wp-json\/wp\/v2\/pages"}],"about":[{"href":"https:\/\/greatermentalhealth.org\/es\/wp-json\/wp\/v2\/types\/page"}],"author":[{"embeddable":true,"href":"https:\/\/greatermentalhealth.org\/es\/wp-json\/wp\/v2\/users\/2"}],"replies":[{"embeddable":true,"href":"https:\/\/greatermentalhealth.org\/es\/wp-json\/wp\/v2\/comments?post=37"}],"version-history":[{"count":0,"href":"https:\/\/greatermentalhealth.org\/es\/wp-json\/wp\/v2\/pages\/37\/revisions"}],"wp:attachment":[{"href":"https:\/\/greatermentalhealth.org\/es\/wp-json\/wp\/v2\/media?parent=37"}],"curies":[{"name":"wp","href":"https:\/\/api.w.org\/{rel}","templated":true}]}}